{"id":57049,"date":"2014-03-18T10:03:13","date_gmt":"2014-03-18T01:03:13","guid":{"rendered":"https:\/\/jtom1.com\/technology\/"},"modified":"2023-10-12T09:40:41","modified_gmt":"2023-10-12T00:40:41","slug":"technology","status":"publish","type":"page","link":"https:\/\/jtom1.com\/vi\/technology\/","title":{"rendered":"\ubcf4\uc720\uae30\uc220"},"content":{"rendered":"<p>[vc_row type=&#8221;vc_default&#8221; content_placement=&#8221;middle&#8221; css=&#8221;.vc_custom_1490279134647{padding-top: 70px !important;padding-bottom: 20px !important;}&#8221;][vc_column offset=&#8221;vc_hidden-lg vc_hidden-md vc_hidden-sm&#8221; css=&#8221;.vc_custom_1490279825159{padding-bottom: 50px !important;}&#8221;]<style type=\"text\/css\" data-type=\"the7_shortcodes-inline-css\">.shortcode-single-image-wrap.shortcode-single-image-025eb77ce1c6d39bf8915baf9886a8c7.enable-bg-rollover .rollover i,\n.shortcode-single-image-wrap.shortcode-single-image-025eb77ce1c6d39bf8915baf9886a8c7.enable-bg-rollover .rollover-video i {\n  background: -webkit-linear-gradient();\n  background: linear-gradient();\n}\n.shortcode-single-image-wrap.shortcode-single-image-025eb77ce1c6d39bf8915baf9886a8c7 .rollover-icon {\n  font-size: 32px;\n  color: #ffffff;\n  min-width: 44px;\n  min-height: 44px;\n  line-height: 44px;\n  border-radius: 100px;\n  border-style: solid;\n  border-width: 0px;\n}\n.dt-icon-bg-on.shortcode-single-image-wrap.shortcode-single-image-025eb77ce1c6d39bf8915baf9886a8c7 .rollover-icon {\n  background: rgba(255,255,255,0.3);\n  box-shadow: none;\n}\n<\/style><div class=\"shortcode-single-image-wrap shortcode-single-image-025eb77ce1c6d39bf8915baf9886a8c7 alignnone  enable-bg-rollover dt-icon-bg-off\" style=\"margin-top:0px; margin-bottom:0px; margin-left:0px; margin-right:0px; width:1200px;\"><div class=\"shortcode-single-image\"><div class=\"fancy-media-wrap  layzr-bg\" style=\"\"><img class=\"preload-me lazy-load\" src=\"data:image\/svg+xml,%3Csvg%20xmlns%3D&#39;http%3A%2F%2Fwww.w3.org%2F2000%2Fsvg&#39;%20viewBox%3D&#39;0%200%201200%20800&#39;%2F%3E\" data-src=\"https:\/\/jtom1.com\/wp-content\/uploads\/2014\/03\/s001.jpg\" data-srcset=\"https:\/\/jtom1.com\/wp-content\/uploads\/2014\/03\/s001.jpg 1200w\" width=\"1200\" height=\"800\"  data-dt-location=\"https:\/\/jtom1.com\/vi\/s001\/\" style=\"\" alt=\"\" \/><\/div><\/div><\/div>[\/vc_column][vc_column width=&#8221;1\/2&#8243; css=&#8221;.vc_custom_1490278896841{padding-bottom: 50px !important;}&#8221;]<div class=\"aio-icon-component  vc_custom_1697071132913  accent-icon-bg color-title ffRC style_1\"><div id=\"Info-box-wrap-6617\" class=\"aio-icon-box top-icon\" style=\"\"  ><div class=\"aio-icon-top\"><div class=\"ult-just-icon-wrapper  \"><div class=\"align-icon\" style=\"text-align:center;\">\n<div class=\"aio-icon advanced \"  style=\"color:#ffffff;background:#ffffff;border-style:solid;border-color:;border-width:0px;width:68px;height:68px;line-height:68px;border-radius:5px;font-size:38px;display:inline-block;\">\n\t<i class=\"icomoon-free-social-contact-16x16-appleinc\"><\/i>\n<\/div><\/div><\/div><\/div><div class=\"aio-icon-header\" ><h3 class=\"aio-icon-title ult-responsive\"  data-ultimate-target='#Info-box-wrap-6617 .aio-icon-title'  data-responsive-json-new='{\"font-size\":\"desktop:40px;\",\"line-height\":\"desktop:50px;\"}'  style=\"\">Ph\u00e1t tri\u1ec3n \u1ee9ng d\u1ee5ng di \u0111\u1ed9ng<\/h3><\/div> <!-- header --><div class=\"aio-icon-description ult-responsive\"  data-ultimate-target='#Info-box-wrap-6617 .aio-icon-description'  data-responsive-json-new='{\"font-size\":\"desktop:20px;\",\"line-height\":\"desktop:30px;\"}'  style=\"\">D\u1ecbch v\u1ee5 ph\u00e1t tri\u1ec3n v\u00e0 v\u1eadn h\u00e0nh \u1ee9ng d\u1ee5ng (Android\/IOS)<\/div> <!-- description --><\/div> <!-- aio-icon-box --><\/div> <!-- aio-icon-component -->[vc_column_text]<\/p>\n<p style=\"text-align: center;\">V\u1eadn h\u00e0nh trang web di \u0111\u1ed9ng v\u00e0 \u1ee9ng d\u1ee5ng di \u0111\u1ed9ng. Ch\u00fang t\u00f4i \u0111ang th\u1ef1c hi\u1ec7n c\u00e1c nhi\u1ec7m v\u1ee5 nh\u01b0 l\u1eadp k\u1ebf ho\u1ea1ch, thi\u1ebft k\u1ebf, xu\u1ea5t b\u1ea3n v\u00e0 ph\u00e1t tri\u1ec3n tr\u1ef1c tuy\u1ebfn \u0111\u1ec3 v\u1eadn h\u00e0nh. Cung c\u1ea5p \u1ee9ng d\u1ee5ng Android\/IOS\/Hybribe.<\/p>\n<p>[\/vc_column_text][\/vc_column][vc_column width=&#8221;1\/2&#8243; css=&#8221;.vc_custom_1490279767331{padding-bottom: 50px !important;}&#8221; offset=&#8221;vc_hidden-xs&#8221;]<style type=\"text\/css\" data-type=\"the7_shortcodes-inline-css\">.shortcode-single-image-wrap.shortcode-single-image-025eb77ce1c6d39bf8915baf9886a8c7.enable-bg-rollover .rollover i,\n.shortcode-single-image-wrap.shortcode-single-image-025eb77ce1c6d39bf8915baf9886a8c7.enable-bg-rollover .rollover-video i {\n  background: -webkit-linear-gradient();\n  background: linear-gradient();\n}\n.shortcode-single-image-wrap.shortcode-single-image-025eb77ce1c6d39bf8915baf9886a8c7 .rollover-icon {\n  font-size: 32px;\n  color: #ffffff;\n  min-width: 44px;\n  min-height: 44px;\n  line-height: 44px;\n  border-radius: 100px;\n  border-style: solid;\n  border-width: 0px;\n}\n.dt-icon-bg-on.shortcode-single-image-wrap.shortcode-single-image-025eb77ce1c6d39bf8915baf9886a8c7 .rollover-icon {\n  background: rgba(255,255,255,0.3);\n  box-shadow: none;\n}\n<\/style><div class=\"shortcode-single-image-wrap shortcode-single-image-025eb77ce1c6d39bf8915baf9886a8c7 alignnone  enable-bg-rollover dt-icon-bg-off\" style=\"margin-top:0px; margin-bottom:0px; margin-left:0px; margin-right:0px; width:1200px;\"><div class=\"shortcode-single-image\"><div class=\"fancy-media-wrap  layzr-bg\" style=\"\"><img class=\"preload-me lazy-load\" src=\"data:image\/svg+xml,%3Csvg%20xmlns%3D&#39;http%3A%2F%2Fwww.w3.org%2F2000%2Fsvg&#39;%20viewBox%3D&#39;0%200%201200%20800&#39;%2F%3E\" data-src=\"https:\/\/jtom1.com\/wp-content\/uploads\/2014\/03\/s001.jpg\" data-srcset=\"https:\/\/jtom1.com\/wp-content\/uploads\/2014\/03\/s001.jpg 1200w\" width=\"1200\" height=\"800\"  data-dt-location=\"https:\/\/jtom1.com\/vi\/s001\/\" style=\"\" alt=\"\" \/><\/div><\/div><\/div>[\/vc_column][\/vc_row][vc_row type=&#8221;vc_default&#8221; content_placement=&#8221;middle&#8221; bg_type=&#8221;image&#8221; parallax_style=&#8221;vcpb-default&#8221; bg_image_new=&#8221;id^1690|url^http:\/\/webjtom1.cafe24.com\/wp-content\/uploads\/2014\/03\/skin05r.stripes-stripe-1-bg-image.gif|caption^null|alt^null|title^skin05r.stripes-stripe-1-bg-image|description^null&#8221; bg_image_size=&#8221;initial&#8221; bg_override=&#8221;ex-full&#8221; css=&#8221;.vc_custom_1490279366357{padding-top: 70px !important;padding-bottom: 20px !important;background-color: #f2f3f3 !important;}&#8221;][vc_column width=&#8221;1\/2&#8243; css=&#8221;.vc_custom_1490278901277{padding-bottom: 50px !important;}&#8221;]<style type=\"text\/css\" data-type=\"the7_shortcodes-inline-css\">.shortcode-single-image-wrap.shortcode-single-image-26deed3c9c778c8b984612a989c32b03.enable-bg-rollover .rollover i,\n.shortcode-single-image-wrap.shortcode-single-image-26deed3c9c778c8b984612a989c32b03.enable-bg-rollover .rollover-video i {\n  background: -webkit-linear-gradient();\n  background: linear-gradient();\n}\n.shortcode-single-image-wrap.shortcode-single-image-26deed3c9c778c8b984612a989c32b03 .rollover-icon {\n  font-size: 32px;\n  color: #ffffff;\n  min-width: 44px;\n  min-height: 44px;\n  line-height: 44px;\n  border-radius: 100px;\n  border-style: solid;\n  border-width: 0px;\n}\n.dt-icon-bg-on.shortcode-single-image-wrap.shortcode-single-image-26deed3c9c778c8b984612a989c32b03 .rollover-icon {\n  background: rgba(255,255,255,0.3);\n  box-shadow: none;\n}\n<\/style><div class=\"shortcode-single-image-wrap shortcode-single-image-26deed3c9c778c8b984612a989c32b03 alignnone  enable-bg-rollover dt-icon-bg-off\" style=\"margin-top:0px; margin-bottom:0px; margin-left:0px; margin-right:0px; width:1200px;\"><div class=\"shortcode-single-image\"><div class=\"fancy-media-wrap  layzr-bg\" style=\"\"><img class=\"preload-me lazy-load\" src=\"data:image\/svg+xml,%3Csvg%20xmlns%3D&#39;http%3A%2F%2Fwww.w3.org%2F2000%2Fsvg&#39;%20viewBox%3D&#39;0%200%201200%20800&#39;%2F%3E\" data-src=\"https:\/\/jtom1.com\/wp-content\/uploads\/2014\/03\/a000-1.jpg\" data-srcset=\"https:\/\/jtom1.com\/wp-content\/uploads\/2014\/03\/a000-1.jpg 1200w\" width=\"1200\" height=\"800\"  data-dt-location=\"https:\/\/jtom1.com\/vi\/a000-2\/\" style=\"\" alt=\"\" \/><\/div><\/div><\/div>[\/vc_column][vc_column width=&#8221;1\/2&#8243; css=&#8221;.vc_custom_1490278896841{padding-bottom: 50px !important;}&#8221;]<div class=\"aio-icon-component  vc_custom_1697071156622  accent-icon-bg color-title ffRC style_1\"><div id=\"Info-box-wrap-9832\" class=\"aio-icon-box top-icon\" style=\"\"  ><div class=\"aio-icon-top\"><div class=\"ult-just-icon-wrapper  \"><div class=\"align-icon\" style=\"text-align:center;\">\n<div class=\"aio-icon advanced \"  style=\"color:#ffffff;background:#ffffff;border-style:solid;border-color:;border-width:0px;width:68px;height:68px;line-height:68px;border-radius:5px;font-size:38px;display:inline-block;\">\n\t<i class=\"fas fa-search\"><\/i>\n<\/div><\/div><\/div><\/div><div class=\"aio-icon-header\" ><h3 class=\"aio-icon-title ult-responsive\"  data-ultimate-target='#Info-box-wrap-9832 .aio-icon-title'  data-responsive-json-new='{\"font-size\":\"desktop:40px;\",\"line-height\":\"desktop:50px;\"}'  style=\"\">SEO &amp; SMM<\/h3><\/div> <!-- header --><div class=\"aio-icon-description ult-responsive\"  data-ultimate-target='#Info-box-wrap-9832 .aio-icon-description'  data-responsive-json-new='{\"font-size\":\"desktop:20px;\",\"line-height\":\"desktop:30px;\"}'  style=\"\">\u0110\u01b0\u1ee3c c\u1ea5u tr\u00fac \u1edf d\u1ea1ng m\u00e0 robot t\u00ecm ki\u1ebfm c\u00f3 th\u1ec3 thu th\u1eadp t\u1ed1t nh\u1ea5t<\/div> <!-- description --><\/div> <!-- aio-icon-box --><\/div> <!-- aio-icon-component -->[vc_column_text]<\/p>\n<p style=\"text-align: center;\">T\u1ed1i \u01b0u ho\u00e1 C\u00f4ng c\u1ee5 T\u00ecm ki\u1ebfm T\u1ea1o m\u1ed9t trang web c\u00f3 th\u1ec3 t\u00ecm ki\u1ebfm \u0111\u01b0\u1ee3c.<br \/>\n\u0110\u0103ng k\u00fd Google \/ \u0110\u0103ng k\u00fd C\u00f4ng c\u1ee5 qu\u1ea3n tr\u1ecb trang web Naver \/ Ch\u00fang t\u00f4i t\u1ea1o m\u00f4i tr\u01b0\u1eddng c\u01a1 b\u1ea3n \u0111\u1ec3 c\u00f4ng c\u1ee5 t\u00ecm ki\u1ebfm hi\u1ec3n th\u1ecb nh\u1eb1m l\u00e0m s\u00e1ng t\u1ecf th\u01b0\u01a1ng hi\u1ec7u c\u1ee7a kh\u00e1ch h\u00e0ng.<\/p>\n<p>[\/vc_column_text][\/vc_column][\/vc_row][vc_row type=&#8221;vc_default&#8221; content_placement=&#8221;middle&#8221; css=&#8221;.vc_custom_1490279134647{padding-top: 70px !important;padding-bottom: 20px !important;}&#8221;][vc_column offset=&#8221;vc_hidden-lg vc_hidden-md vc_hidden-sm&#8221; css=&#8221;.vc_custom_1490279829964{padding-bottom: 50px !important;}&#8221;]<style type=\"text\/css\" data-type=\"the7_shortcodes-inline-css\">.shortcode-single-image-wrap.shortcode-single-image-35eca9f3c9eed4fe3269dd41c47128db.enable-bg-rollover .rollover i,\n.shortcode-single-image-wrap.shortcode-single-image-35eca9f3c9eed4fe3269dd41c47128db.enable-bg-rollover .rollover-video i {\n  background: -webkit-linear-gradient();\n  background: linear-gradient();\n}\n.shortcode-single-image-wrap.shortcode-single-image-35eca9f3c9eed4fe3269dd41c47128db .rollover-icon {\n  font-size: 32px;\n  color: #ffffff;\n  min-width: 44px;\n  min-height: 44px;\n  line-height: 44px;\n  border-radius: 100px;\n  border-style: solid;\n  border-width: 0px;\n}\n.dt-icon-bg-on.shortcode-single-image-wrap.shortcode-single-image-35eca9f3c9eed4fe3269dd41c47128db .rollover-icon {\n  background: rgba(255,255,255,0.3);\n  box-shadow: none;\n}\n<\/style><div class=\"shortcode-single-image-wrap shortcode-single-image-35eca9f3c9eed4fe3269dd41c47128db alignnone  enable-bg-rollover dt-icon-bg-off\" style=\"margin-top:0px; margin-bottom:0px; margin-left:0px; margin-right:0px; width:1200px;\"><div class=\"shortcode-single-image\"><div class=\"fancy-media-wrap  layzr-bg\" style=\"\"><img class=\"preload-me lazy-load\" src=\"data:image\/svg+xml,%3Csvg%20xmlns%3D&#39;http%3A%2F%2Fwww.w3.org%2F2000%2Fsvg&#39;%20viewBox%3D&#39;0%200%201200%20800&#39;%2F%3E\" data-src=\"https:\/\/jtom1.com\/wp-content\/uploads\/2018\/07\/s006.jpg\" data-srcset=\"https:\/\/jtom1.com\/wp-content\/uploads\/2018\/07\/s006.jpg 1200w\" width=\"1200\" height=\"800\"  data-dt-location=\"https:\/\/jtom1.com\/vi\/s006\/\" style=\"\" alt=\"\" \/><\/div><\/div><\/div>[\/vc_column][vc_column width=&#8221;1\/2&#8243; css=&#8221;.vc_custom_1490278896841{padding-bottom: 50px !important;}&#8221;]<div class=\"aio-icon-component  vc_custom_1697071189128  accent-icon-bg color-title ffRC style_1\"><div id=\"Info-box-wrap-4939\" class=\"aio-icon-box top-icon\" style=\"\"  ><div class=\"aio-icon-top\"><div class=\"ult-just-icon-wrapper  \"><div class=\"align-icon\" style=\"text-align:center;\">\n<div class=\"aio-icon advanced \"  style=\"color:#ffffff;background:#ffffff;border-style:solid;border-color:;border-width:0px;width:68px;height:68px;line-height:68px;border-radius:5px;font-size:38px;display:inline-block;\">\n\t<i class=\"icomoon-material-24x24-dvr\"><\/i>\n<\/div><\/div><\/div><\/div><div class=\"aio-icon-header\" ><h3 class=\"aio-icon-title ult-responsive\"  data-ultimate-target='#Info-box-wrap-4939 .aio-icon-title'  data-responsive-json-new='{\"font-size\":\"desktop:40px;\",\"line-height\":\"desktop:50px;\"}'  style=\"\">T\u01b0 v\u1ea5n<\/h3><\/div> <!-- header --><div class=\"aio-icon-description ult-responsive\"  data-ultimate-target='#Info-box-wrap-4939 .aio-icon-description'  data-responsive-json-new='{\"font-size\":\"desktop:20px;\",\"line-height\":\"desktop:30px;\"}'  style=\"\">L\u00e0 m\u1ed9t \u0111\u1ed1i t\u00e1c trong l\u0129nh v\u1ef1c chuy\u1ec3n \u0111\u1ed5i k\u1ef9 thu\u1eadt s\u1ed1, ch\u00fang t\u00f4i cung c\u1ea5p c\u00e1c d\u1ecbch v\u1ee5 ngo\u00e0i t\u01b0 v\u1ea5n.<\/div> <!-- description --><\/div> <!-- aio-icon-box --><\/div> <!-- aio-icon-component -->[vc_column_text]<\/p>\n<p style=\"text-align: center;\">Ch\u00fang t\u00f4i cung c\u1ea5p c\u00e1c d\u1ecbch v\u1ee5 t\u01b0 v\u1ea5n CNTT nh\u01b0 chi\u1ebfn l\u01b0\u1ee3c chuy\u1ec3n \u0111\u1ed5i s\u1ed1, chi\u1ebfn l\u01b0\u1ee3c CNTT v\u00e0 \u0111\u1ed5i m\u1edbi quy tr\u00ecnh d\u1ef1a tr\u00ean n\u0103ng l\u1ef1c t\u01b0 v\u1ea5n kh\u00e1c bi\u1ec7t nh\u1eb1m gi\u00fap kh\u00e1ch h\u00e0ng n\u00e2ng cao kh\u1ea3 n\u0103ng c\u1ea1nh tranh kinh doanh v\u00e0 gi\u00e1 tr\u1ecb doanh nghi\u1ec7p.<\/p>\n<p>[\/vc_column_text][\/vc_column][vc_column width=&#8221;1\/2&#8243; css=&#8221;.vc_custom_1490279803723{padding-bottom: 50px !important;}&#8221; offset=&#8221;vc_hidden-xs&#8221;]<style type=\"text\/css\" data-type=\"the7_shortcodes-inline-css\">.shortcode-single-image-wrap.shortcode-single-image-35eca9f3c9eed4fe3269dd41c47128db.enable-bg-rollover .rollover i,\n.shortcode-single-image-wrap.shortcode-single-image-35eca9f3c9eed4fe3269dd41c47128db.enable-bg-rollover .rollover-video i {\n  background: -webkit-linear-gradient();\n  background: linear-gradient();\n}\n.shortcode-single-image-wrap.shortcode-single-image-35eca9f3c9eed4fe3269dd41c47128db .rollover-icon {\n  font-size: 32px;\n  color: #ffffff;\n  min-width: 44px;\n  min-height: 44px;\n  line-height: 44px;\n  border-radius: 100px;\n  border-style: solid;\n  border-width: 0px;\n}\n.dt-icon-bg-on.shortcode-single-image-wrap.shortcode-single-image-35eca9f3c9eed4fe3269dd41c47128db .rollover-icon {\n  background: rgba(255,255,255,0.3);\n  box-shadow: none;\n}\n<\/style><div class=\"shortcode-single-image-wrap shortcode-single-image-35eca9f3c9eed4fe3269dd41c47128db alignnone  enable-bg-rollover dt-icon-bg-off\" style=\"margin-top:0px; margin-bottom:0px; margin-left:0px; margin-right:0px; width:1200px;\"><div class=\"shortcode-single-image\"><div class=\"fancy-media-wrap  layzr-bg\" style=\"\"><img class=\"preload-me lazy-load\" src=\"data:image\/svg+xml,%3Csvg%20xmlns%3D&#39;http%3A%2F%2Fwww.w3.org%2F2000%2Fsvg&#39;%20viewBox%3D&#39;0%200%201200%20800&#39;%2F%3E\" data-src=\"https:\/\/jtom1.com\/wp-content\/uploads\/2018\/07\/s006.jpg\" data-srcset=\"https:\/\/jtom1.com\/wp-content\/uploads\/2018\/07\/s006.jpg 1200w\" width=\"1200\" height=\"800\"  data-dt-location=\"https:\/\/jtom1.com\/vi\/s006\/\" style=\"\" alt=\"\" \/><\/div><\/div><\/div>[\/vc_column][\/vc_row][vc_row type=&#8221;vc_default&#8221; content_placement=&#8221;middle&#8221; bg_type=&#8221;image&#8221; parallax_style=&#8221;vcpb-default&#8221; bg_image_new=&#8221;id^1690|url^http:\/\/webjtom1.cafe24.com\/wp-content\/uploads\/2014\/03\/skin05r.stripes-stripe-1-bg-image.gif|caption^null|alt^null|title^skin05r.stripes-stripe-1-bg-image|description^null&#8221; bg_image_size=&#8221;initial&#8221; bg_override=&#8221;ex-full&#8221; css=&#8221;.vc_custom_1490279366357{padding-top: 70px !important;padding-bottom: 20px !important;background-color: #f2f3f3 !important;}&#8221;][vc_column width=&#8221;1\/2&#8243; css=&#8221;.vc_custom_1490278901277{padding-bottom: 50px !important;}&#8221;]<style type=\"text\/css\" data-type=\"the7_shortcodes-inline-css\">.shortcode-single-image-wrap.shortcode-single-image-b29c38634ad137bde540b8349f261798.enable-bg-rollover .rollover i,\n.shortcode-single-image-wrap.shortcode-single-image-b29c38634ad137bde540b8349f261798.enable-bg-rollover .rollover-video i {\n  background: -webkit-linear-gradient();\n  background: linear-gradient();\n}\n.shortcode-single-image-wrap.shortcode-single-image-b29c38634ad137bde540b8349f261798 .rollover-icon {\n  font-size: 32px;\n  color: #ffffff;\n  min-width: 44px;\n  min-height: 44px;\n  line-height: 44px;\n  border-radius: 100px;\n  border-style: solid;\n  border-width: 0px;\n}\n.dt-icon-bg-on.shortcode-single-image-wrap.shortcode-single-image-b29c38634ad137bde540b8349f261798 .rollover-icon {\n  background: rgba(255,255,255,0.3);\n  box-shadow: none;\n}\n<\/style><div class=\"shortcode-single-image-wrap shortcode-single-image-b29c38634ad137bde540b8349f261798 alignnone  enable-bg-rollover dt-icon-bg-off\" style=\"margin-top:0px; margin-bottom:0px; margin-left:0px; margin-right:0px; width:1200px;\"><div class=\"shortcode-single-image\"><div class=\"fancy-media-wrap  layzr-bg\" style=\"\"><img class=\"preload-me lazy-load\" src=\"data:image\/svg+xml,%3Csvg%20xmlns%3D&#39;http%3A%2F%2Fwww.w3.org%2F2000%2Fsvg&#39;%20viewBox%3D&#39;0%200%20574%20382&#39;%2F%3E\" data-src=\"https:\/\/jtom1.com\/wp-content\/uploads\/2022\/11\/01_00_image_05-1.jpg\" data-srcset=\"https:\/\/jtom1.com\/wp-content\/uploads\/2022\/11\/01_00_image_05-1.jpg 574w\" width=\"574\" height=\"382\"  data-dt-location=\"https:\/\/jtom1.com\/vi\/service\/01_00_image_05-3\/\" style=\"\" alt=\"\" \/><\/div><\/div><\/div>[\/vc_column][vc_column width=&#8221;1\/2&#8243; css=&#8221;.vc_custom_1490278896841{padding-bottom: 50px !important;}&#8221;]<div class=\"aio-icon-component  vc_custom_1697071222865  accent-icon-bg color-title ffRC style_1\"><div id=\"Info-box-wrap-7579\" class=\"aio-icon-box top-icon\" style=\"\"  ><div class=\"aio-icon-top\"><div class=\"ult-just-icon-wrapper  \"><div class=\"align-icon\" style=\"text-align:center;\">\n<div class=\"aio-icon advanced \"  style=\"color:#ffffff;background:#ffffff;border-style:solid;border-color:;border-width:0px;width:68px;height:68px;line-height:68px;border-radius:5px;font-size:38px;display:inline-block;\">\n\t<i class=\"icomoon-material-24x24-question_answer\"><\/i>\n<\/div><\/div><\/div><\/div><div class=\"aio-icon-header\" ><h3 class=\"aio-icon-title ult-responsive\"  data-ultimate-target='#Info-box-wrap-7579 .aio-icon-title'  data-responsive-json-new='{\"font-size\":\"desktop:40px;\",\"line-height\":\"desktop:50px;\"}'  style=\"\">Thi\u1ebft k\u1ebf<\/h3><\/div> <!-- header --><div class=\"aio-icon-description ult-responsive\"  data-ultimate-target='#Info-box-wrap-7579 .aio-icon-description'  data-responsive-json-new='{\"font-size\":\"desktop:20px;\",\"line-height\":\"desktop:30px;\"}'  style=\"\">Nh\u00f3m thi\u1ebft k\u1ebf Jtomorrowone Co.,Ltd. n\u1ed7 l\u1ef1c ph\u00e1t tri\u1ec3n c\u00e1c phong c\u00e1ch minh h\u1ecda m\u1edbi \u0111\u1ec3 t\u0103ng t\u00ednh th\u00e2n thi\u1ec7n v\u00e0 h\u1ed7 tr\u1ee3 giao ti\u1ebfp b\u1eb1ng h\u00ecnh \u1ea3nh.<\/div> <!-- description --><\/div> <!-- aio-icon-box --><\/div> <!-- aio-icon-component -->[vc_column_text]<\/p>\n<p style=\"text-align: center;\">Ch\u00fang t\u00f4i ti\u1ebfp c\u1eadn m\u1ecdi d\u1ef1 \u00e1n v\u1edbi ni\u1ec1m \u0111am m\u00ea v\u00e0 \u01b0\u1edbc m\u01a1 t\u1ea1o ra nh\u1eefng trang web \u0111\u1eb9p, \u0111\u00e1ng nh\u1edb v\u00e0 h\u1eefu \u00edch.<\/p>\n<p>[\/vc_column_text][\/vc_column][\/vc_row]<\/p>\n","protected":false},"excerpt":{"rendered":"<p>[vc_row type=&#8221;vc_default&#8221; content_placement=&#8221;middle&#8221; css=&#8221;.vc_custom_1490279134647{padding-top: 70px !important;padding-bottom: 20px !important;}&#8221;][vc_column offset=&#8221;vc_hidden-lg vc_hidden-md vc_hidden-sm&#8221; css=&#8221;.vc_custom_1490279825159{padding-bottom: 50px !important;}&#8221;][\/vc_column][vc_column width=&#8221;1\/2&#8243; css=&#8221;.vc_custom_1490278896841{padding-bottom: 50px !important;}&#8221;][vc_column_text] V\u1eadn h\u00e0nh trang web di \u0111\u1ed9ng v\u00e0 \u1ee9ng d\u1ee5ng di \u0111\u1ed9ng. Ch\u00fang t\u00f4i \u0111ang th\u1ef1c hi\u1ec7n c\u00e1c nhi\u1ec7m v\u1ee5 nh\u01b0 l\u1eadp k\u1ebf ho\u1ea1ch, thi\u1ebft k\u1ebf, xu\u1ea5t b\u1ea3n v\u00e0 ph\u00e1t tri\u1ec3n tr\u1ef1c tuy\u1ebfn \u0111\u1ec3 v\u1eadn h\u00e0nh. Cung c\u1ea5p&hellip;<\/p>\n","protected":false},"author":1,"featured_media":0,"parent":0,"menu_order":20,"comment_status":"closed","ping_status":"closed","template":"","meta":{"_exactmetrics_skip_tracking":false,"_exactmetrics_sitenote_active":false,"_exactmetrics_sitenote_note":"","_exactmetrics_sitenote_category":0,"jetpack_post_was_ever_published":false},"acf":[],"jetpack_sharing_enabled":true,"jetpack_shortlink":"https:\/\/wp.me\/PaJHB8-eQ9","_links":{"self":[{"href":"https:\/\/jtom1.com\/vi\/wp-json\/wp\/v2\/pages\/57049"}],"collection":[{"href":"https:\/\/jtom1.com\/vi\/wp-json\/wp\/v2\/pages"}],"about":[{"href":"https:\/\/jtom1.com\/vi\/wp-json\/wp\/v2\/types\/page"}],"author":[{"embeddable":true,"href":"https:\/\/jtom1.com\/vi\/wp-json\/wp\/v2\/users\/1"}],"replies":[{"embeddable":true,"href":"https:\/\/jtom1.com\/vi\/wp-json\/wp\/v2\/comments?post=57049"}],"version-history":[{"count":3,"href":"https:\/\/jtom1.com\/vi\/wp-json\/wp\/v2\/pages\/57049\/revisions"}],"predecessor-version":[{"id":58194,"href":"https:\/\/jtom1.com\/vi\/wp-json\/wp\/v2\/pages\/57049\/revisions\/58194"}],"wp:attachment":[{"href":"https:\/\/jtom1.com\/vi\/wp-json\/wp\/v2\/media?parent=57049"}],"curies":[{"name":"wp","href":"https:\/\/api.w.org\/{rel}","templated":true}]}}