{"id":57045,"date":"2014-03-18T10:03:13","date_gmt":"2014-03-18T01:03:13","guid":{"rendered":"https:\/\/jtom1.com\/technology\/"},"modified":"2023-10-11T16:33:42","modified_gmt":"2023-10-11T07:33:42","slug":"technology","status":"publish","type":"page","link":"https:\/\/jtom1.com\/fr\/technology\/","title":{"rendered":"\ubcf4\uc720\uae30\uc220"},"content":{"rendered":"<p>[vc_row type=\u00a0\u00bbvc_default\u00a0\u00bb content_placement=\u00a0\u00bbmiddle\u00a0\u00bb css=\u00a0\u00bb.vc_custom_1490279134647{padding-top: 70px !important;padding-bottom: 20px !important;}\u00a0\u00bb][vc_column offset=\u00a0\u00bbvc_hidden-lg vc_hidden-md vc_hidden-sm\u00a0\u00bb css=\u00a0\u00bb.vc_custom_1490279825159{padding-bottom: 50px !important;}\u00a0\u00bb]<style type=\"text\/css\" data-type=\"the7_shortcodes-inline-css\">.shortcode-single-image-wrap.shortcode-single-image-025eb77ce1c6d39bf8915baf9886a8c7.enable-bg-rollover .rollover i,\n.shortcode-single-image-wrap.shortcode-single-image-025eb77ce1c6d39bf8915baf9886a8c7.enable-bg-rollover .rollover-video i {\n  background: -webkit-linear-gradient();\n  background: linear-gradient();\n}\n.shortcode-single-image-wrap.shortcode-single-image-025eb77ce1c6d39bf8915baf9886a8c7 .rollover-icon {\n  font-size: 32px;\n  color: #ffffff;\n  min-width: 44px;\n  min-height: 44px;\n  line-height: 44px;\n  border-radius: 100px;\n  border-style: solid;\n  border-width: 0px;\n}\n.dt-icon-bg-on.shortcode-single-image-wrap.shortcode-single-image-025eb77ce1c6d39bf8915baf9886a8c7 .rollover-icon {\n  background: rgba(255,255,255,0.3);\n  box-shadow: none;\n}\n<\/style><div class=\"shortcode-single-image-wrap shortcode-single-image-025eb77ce1c6d39bf8915baf9886a8c7 alignnone  enable-bg-rollover dt-icon-bg-off\" style=\"margin-top:0px; margin-bottom:0px; margin-left:0px; margin-right:0px; width:1200px;\"><div class=\"shortcode-single-image\"><div class=\"fancy-media-wrap  layzr-bg\" style=\"\"><img class=\"preload-me lazy-load\" src=\"data:image\/svg+xml,%3Csvg%20xmlns%3D&#39;http%3A%2F%2Fwww.w3.org%2F2000%2Fsvg&#39;%20viewBox%3D&#39;0%200%201200%20800&#39;%2F%3E\" data-src=\"https:\/\/jtom1.com\/wp-content\/uploads\/2014\/03\/s001.jpg\" data-srcset=\"https:\/\/jtom1.com\/wp-content\/uploads\/2014\/03\/s001.jpg 1200w\" width=\"1200\" height=\"800\"  data-dt-location=\"https:\/\/jtom1.com\/fr\/s001\/\" style=\"\" alt=\"\" \/><\/div><\/div><\/div>[\/vc_column][vc_column width=\u00a0\u00bb1\/2&Prime; css=\u00a0\u00bb.vc_custom_1490278896841{padding-bottom: 50px !important;}\u00a0\u00bb]<div class=\"aio-icon-component  vc_custom_1697009463337  accent-icon-bg color-title ffRC style_1\"><div id=\"Info-box-wrap-2074\" class=\"aio-icon-box top-icon\" style=\"\"  ><div class=\"aio-icon-top\"><div class=\"ult-just-icon-wrapper  \"><div class=\"align-icon\" style=\"text-align:center;\">\n<div class=\"aio-icon advanced \"  style=\"color:#ffffff;background:#ffffff;border-style:solid;border-color:;border-width:0px;width:68px;height:68px;line-height:68px;border-radius:5px;font-size:38px;display:inline-block;\">\n\t<i class=\"icomoon-free-social-contact-16x16-appleinc\"><\/i>\n<\/div><\/div><\/div><\/div><div class=\"aio-icon-header\" ><h3 class=\"aio-icon-title ult-responsive\"  data-ultimate-target='#Info-box-wrap-2074 .aio-icon-title'  data-responsive-json-new='{\"font-size\":\"desktop:40px;\",\"line-height\":\"desktop:50px;\"}'  style=\"\">D\u00e9veloppement d'applications Mobiles<\/h3><\/div> <!-- header --><div class=\"aio-icon-description ult-responsive\"  data-ultimate-target='#Info-box-wrap-2074 .aio-icon-description'  data-responsive-json-new='{\"font-size\":\"desktop:20px;\",\"line-height\":\"desktop:30px;\"}'  style=\"\">Service de d\u00e9veloppement et d&rsquo;exploitation d&rsquo;applications (Android\/IOS)<\/div> <!-- description --><\/div> <!-- aio-icon-box --><\/div> <!-- aio-icon-component -->[vc_column_text]<\/p>\n<p style=\"text-align: center;\">Exploitation d&rsquo;un site Web mobile et d&rsquo;une application mobile. Nous effectuons des t\u00e2ches telles que la planification en ligne, la conception, la publication et le d\u00e9veloppement op\u00e9rationnel. Fournit des applications Android\/IOS\/Hybribe.<\/p>\n<p>[\/vc_column_text][\/vc_column][vc_column width=\u00a0\u00bb1\/2&Prime; css=\u00a0\u00bb.vc_custom_1490279767331{padding-bottom: 50px !important;}\u00a0\u00bb offset=\u00a0\u00bbvc_hidden-xs\u00a0\u00bb]<style type=\"text\/css\" data-type=\"the7_shortcodes-inline-css\">.shortcode-single-image-wrap.shortcode-single-image-025eb77ce1c6d39bf8915baf9886a8c7.enable-bg-rollover .rollover i,\n.shortcode-single-image-wrap.shortcode-single-image-025eb77ce1c6d39bf8915baf9886a8c7.enable-bg-rollover .rollover-video i {\n  background: -webkit-linear-gradient();\n  background: linear-gradient();\n}\n.shortcode-single-image-wrap.shortcode-single-image-025eb77ce1c6d39bf8915baf9886a8c7 .rollover-icon {\n  font-size: 32px;\n  color: #ffffff;\n  min-width: 44px;\n  min-height: 44px;\n  line-height: 44px;\n  border-radius: 100px;\n  border-style: solid;\n  border-width: 0px;\n}\n.dt-icon-bg-on.shortcode-single-image-wrap.shortcode-single-image-025eb77ce1c6d39bf8915baf9886a8c7 .rollover-icon {\n  background: rgba(255,255,255,0.3);\n  box-shadow: none;\n}\n<\/style><div class=\"shortcode-single-image-wrap shortcode-single-image-025eb77ce1c6d39bf8915baf9886a8c7 alignnone  enable-bg-rollover dt-icon-bg-off\" style=\"margin-top:0px; margin-bottom:0px; margin-left:0px; margin-right:0px; width:1200px;\"><div class=\"shortcode-single-image\"><div class=\"fancy-media-wrap  layzr-bg\" style=\"\"><img class=\"preload-me lazy-load\" src=\"data:image\/svg+xml,%3Csvg%20xmlns%3D&#39;http%3A%2F%2Fwww.w3.org%2F2000%2Fsvg&#39;%20viewBox%3D&#39;0%200%201200%20800&#39;%2F%3E\" data-src=\"https:\/\/jtom1.com\/wp-content\/uploads\/2014\/03\/s001.jpg\" data-srcset=\"https:\/\/jtom1.com\/wp-content\/uploads\/2014\/03\/s001.jpg 1200w\" width=\"1200\" height=\"800\"  data-dt-location=\"https:\/\/jtom1.com\/fr\/s001\/\" style=\"\" alt=\"\" \/><\/div><\/div><\/div>[\/vc_column][\/vc_row][vc_row type=\u00a0\u00bbvc_default\u00a0\u00bb content_placement=\u00a0\u00bbmiddle\u00a0\u00bb bg_type=\u00a0\u00bbimage\u00a0\u00bb parallax_style=\u00a0\u00bbvcpb-default\u00a0\u00bb bg_image_new=\u00a0\u00bbid^1690|url^http:\/\/webjtom1.cafe24.com\/wp-content\/uploads\/2014\/03\/skin05r.stripes-stripe-1-bg-image.gif|caption^null|alt^null|title^skin05r.stripes-stripe-1-bg-image|description^null\u00a0\u00bb bg_image_size=\u00a0\u00bbinitial\u00a0\u00bb bg_override=\u00a0\u00bbex-full\u00a0\u00bb css=\u00a0\u00bb.vc_custom_1490279366357{padding-top: 70px !important;padding-bottom: 20px !important;background-color: #f2f3f3 !important;}\u00a0\u00bb][vc_column width=\u00a0\u00bb1\/2&Prime; css=\u00a0\u00bb.vc_custom_1490278901277{padding-bottom: 50px !important;}\u00a0\u00bb]<style type=\"text\/css\" data-type=\"the7_shortcodes-inline-css\">.shortcode-single-image-wrap.shortcode-single-image-26deed3c9c778c8b984612a989c32b03.enable-bg-rollover .rollover i,\n.shortcode-single-image-wrap.shortcode-single-image-26deed3c9c778c8b984612a989c32b03.enable-bg-rollover .rollover-video i {\n  background: -webkit-linear-gradient();\n  background: linear-gradient();\n}\n.shortcode-single-image-wrap.shortcode-single-image-26deed3c9c778c8b984612a989c32b03 .rollover-icon {\n  font-size: 32px;\n  color: #ffffff;\n  min-width: 44px;\n  min-height: 44px;\n  line-height: 44px;\n  border-radius: 100px;\n  border-style: solid;\n  border-width: 0px;\n}\n.dt-icon-bg-on.shortcode-single-image-wrap.shortcode-single-image-26deed3c9c778c8b984612a989c32b03 .rollover-icon {\n  background: rgba(255,255,255,0.3);\n  box-shadow: none;\n}\n<\/style><div class=\"shortcode-single-image-wrap shortcode-single-image-26deed3c9c778c8b984612a989c32b03 alignnone  enable-bg-rollover dt-icon-bg-off\" style=\"margin-top:0px; margin-bottom:0px; margin-left:0px; margin-right:0px; width:1200px;\"><div class=\"shortcode-single-image\"><div class=\"fancy-media-wrap  layzr-bg\" style=\"\"><img class=\"preload-me lazy-load\" src=\"data:image\/svg+xml,%3Csvg%20xmlns%3D&#39;http%3A%2F%2Fwww.w3.org%2F2000%2Fsvg&#39;%20viewBox%3D&#39;0%200%201200%20800&#39;%2F%3E\" data-src=\"https:\/\/jtom1.com\/wp-content\/uploads\/2014\/03\/a000-1.jpg\" data-srcset=\"https:\/\/jtom1.com\/wp-content\/uploads\/2014\/03\/a000-1.jpg 1200w\" width=\"1200\" height=\"800\"  data-dt-location=\"https:\/\/jtom1.com\/fr\/a000-2\/\" style=\"\" alt=\"\" \/><\/div><\/div><\/div>[\/vc_column][vc_column width=\u00a0\u00bb1\/2&Prime; css=\u00a0\u00bb.vc_custom_1490278896841{padding-bottom: 50px !important;}\u00a0\u00bb]<div class=\"aio-icon-component  vc_custom_1697009508272  accent-icon-bg color-title ffRC style_1\"><div id=\"Info-box-wrap-2351\" class=\"aio-icon-box top-icon\" style=\"\"  ><div class=\"aio-icon-top\"><div class=\"ult-just-icon-wrapper  \"><div class=\"align-icon\" style=\"text-align:center;\">\n<div class=\"aio-icon advanced \"  style=\"color:#ffffff;background:#ffffff;border-style:solid;border-color:;border-width:0px;width:68px;height:68px;line-height:68px;border-radius:5px;font-size:38px;display:inline-block;\">\n\t<i class=\"fas fa-search\"><\/i>\n<\/div><\/div><\/div><\/div><div class=\"aio-icon-header\" ><h3 class=\"aio-icon-title ult-responsive\"  data-ultimate-target='#Info-box-wrap-2351 .aio-icon-title'  data-responsive-json-new='{\"font-size\":\"desktop:40px;\",\"line-height\":\"desktop:50px;\"}'  style=\"\">SEO &amp; SMM<\/h3><\/div> <!-- header --><div class=\"aio-icon-description ult-responsive\"  data-ultimate-target='#Info-box-wrap-2351 .aio-icon-description'  data-responsive-json-new='{\"font-size\":\"desktop:20px;\",\"line-height\":\"desktop:30px;\"}'  style=\"\">Structur\u00e9 sous une forme que les robots de recherche peuvent mieux collecter<\/div> <!-- description --><\/div> <!-- aio-icon-box --><\/div> <!-- aio-icon-component -->[vc_column_text]<\/p>\n<p style=\"text-align: center;\">Optimisation pour les moteurs de recherche Cr\u00e9ez un site consultable.<br \/>\nInscription aupr\u00e8s de Google \/ Inscription aupr\u00e8s de Naver Webmaster Tools \/ Cr\u00e9ation d&rsquo;un environnement de base pour l&rsquo;exposition aux moteurs de recherche<br \/>\nNous r\u00e9examinons les marques de nos clients.<\/p>\n<p>[\/vc_column_text][\/vc_column][\/vc_row][vc_row type=\u00a0\u00bbvc_default\u00a0\u00bb content_placement=\u00a0\u00bbmiddle\u00a0\u00bb css=\u00a0\u00bb.vc_custom_1490279134647{padding-top: 70px !important;padding-bottom: 20px !important;}\u00a0\u00bb][vc_column offset=\u00a0\u00bbvc_hidden-lg vc_hidden-md vc_hidden-sm\u00a0\u00bb css=\u00a0\u00bb.vc_custom_1490279829964{padding-bottom: 50px !important;}\u00a0\u00bb]<style type=\"text\/css\" data-type=\"the7_shortcodes-inline-css\">.shortcode-single-image-wrap.shortcode-single-image-35eca9f3c9eed4fe3269dd41c47128db.enable-bg-rollover .rollover i,\n.shortcode-single-image-wrap.shortcode-single-image-35eca9f3c9eed4fe3269dd41c47128db.enable-bg-rollover .rollover-video i {\n  background: -webkit-linear-gradient();\n  background: linear-gradient();\n}\n.shortcode-single-image-wrap.shortcode-single-image-35eca9f3c9eed4fe3269dd41c47128db .rollover-icon {\n  font-size: 32px;\n  color: #ffffff;\n  min-width: 44px;\n  min-height: 44px;\n  line-height: 44px;\n  border-radius: 100px;\n  border-style: solid;\n  border-width: 0px;\n}\n.dt-icon-bg-on.shortcode-single-image-wrap.shortcode-single-image-35eca9f3c9eed4fe3269dd41c47128db .rollover-icon {\n  background: rgba(255,255,255,0.3);\n  box-shadow: none;\n}\n<\/style><div class=\"shortcode-single-image-wrap shortcode-single-image-35eca9f3c9eed4fe3269dd41c47128db alignnone  enable-bg-rollover dt-icon-bg-off\" style=\"margin-top:0px; margin-bottom:0px; margin-left:0px; margin-right:0px; width:1200px;\"><div class=\"shortcode-single-image\"><div class=\"fancy-media-wrap  layzr-bg\" style=\"\"><img class=\"preload-me lazy-load\" src=\"data:image\/svg+xml,%3Csvg%20xmlns%3D&#39;http%3A%2F%2Fwww.w3.org%2F2000%2Fsvg&#39;%20viewBox%3D&#39;0%200%201200%20800&#39;%2F%3E\" data-src=\"https:\/\/jtom1.com\/wp-content\/uploads\/2018\/07\/s006.jpg\" data-srcset=\"https:\/\/jtom1.com\/wp-content\/uploads\/2018\/07\/s006.jpg 1200w\" width=\"1200\" height=\"800\"  data-dt-location=\"https:\/\/jtom1.com\/fr\/s006\/\" style=\"\" alt=\"\" \/><\/div><\/div><\/div>[\/vc_column][vc_column width=\u00a0\u00bb1\/2&Prime; css=\u00a0\u00bb.vc_custom_1490278896841{padding-bottom: 50px !important;}\u00a0\u00bb]<div class=\"aio-icon-component  vc_custom_1697009544104  accent-icon-bg color-title ffRC style_1\"><div id=\"Info-box-wrap-3102\" class=\"aio-icon-box top-icon\" style=\"\"  ><div class=\"aio-icon-top\"><div class=\"ult-just-icon-wrapper  \"><div class=\"align-icon\" style=\"text-align:center;\">\n<div class=\"aio-icon advanced \"  style=\"color:#ffffff;background:#ffffff;border-style:solid;border-color:;border-width:0px;width:68px;height:68px;line-height:68px;border-radius:5px;font-size:38px;display:inline-block;\">\n\t<i class=\"icomoon-material-24x24-dvr\"><\/i>\n<\/div><\/div><\/div><\/div><div class=\"aio-icon-header\" ><h3 class=\"aio-icon-title ult-responsive\"  data-ultimate-target='#Info-box-wrap-3102 .aio-icon-title'  data-responsive-json-new='{\"font-size\":\"desktop:40px;\",\"line-height\":\"desktop:50px;\"}'  style=\"\">Consulting<\/h3><\/div> <!-- header --><div class=\"aio-icon-description ult-responsive\"  data-ultimate-target='#Info-box-wrap-3102 .aio-icon-description'  data-responsive-json-new='{\"font-size\":\"desktop:20px;\",\"line-height\":\"desktop:30px;\"}'  style=\"\">En tant que partenaire de la transformation num\u00e9rique, nous fournissons des services au-del\u00e0 du conseil.<\/div> <!-- description --><\/div> <!-- aio-icon-box --><\/div> <!-- aio-icon-component -->[vc_column_text]<\/p>\n<p style=\"text-align: center;\">Nous fournissons des services de conseil informatique tels que la strat\u00e9gie de transformation num\u00e9rique, la strat\u00e9gie informatique et l&rsquo;innovation des processus, bas\u00e9s sur des capacit\u00e9s de conseil diff\u00e9renci\u00e9es pour aider les clients \u00e0 renforcer leur comp\u00e9titivit\u00e9 commerciale et leur valeur d&rsquo;entreprise.<\/p>\n<p>[\/vc_column_text][\/vc_column][vc_column width=\u00a0\u00bb1\/2&Prime; css=\u00a0\u00bb.vc_custom_1490279803723{padding-bottom: 50px !important;}\u00a0\u00bb offset=\u00a0\u00bbvc_hidden-xs\u00a0\u00bb]<style type=\"text\/css\" data-type=\"the7_shortcodes-inline-css\">.shortcode-single-image-wrap.shortcode-single-image-35eca9f3c9eed4fe3269dd41c47128db.enable-bg-rollover .rollover i,\n.shortcode-single-image-wrap.shortcode-single-image-35eca9f3c9eed4fe3269dd41c47128db.enable-bg-rollover .rollover-video i {\n  background: -webkit-linear-gradient();\n  background: linear-gradient();\n}\n.shortcode-single-image-wrap.shortcode-single-image-35eca9f3c9eed4fe3269dd41c47128db .rollover-icon {\n  font-size: 32px;\n  color: #ffffff;\n  min-width: 44px;\n  min-height: 44px;\n  line-height: 44px;\n  border-radius: 100px;\n  border-style: solid;\n  border-width: 0px;\n}\n.dt-icon-bg-on.shortcode-single-image-wrap.shortcode-single-image-35eca9f3c9eed4fe3269dd41c47128db .rollover-icon {\n  background: rgba(255,255,255,0.3);\n  box-shadow: none;\n}\n<\/style><div class=\"shortcode-single-image-wrap shortcode-single-image-35eca9f3c9eed4fe3269dd41c47128db alignnone  enable-bg-rollover dt-icon-bg-off\" style=\"margin-top:0px; margin-bottom:0px; margin-left:0px; margin-right:0px; width:1200px;\"><div class=\"shortcode-single-image\"><div class=\"fancy-media-wrap  layzr-bg\" style=\"\"><img class=\"preload-me lazy-load\" src=\"data:image\/svg+xml,%3Csvg%20xmlns%3D&#39;http%3A%2F%2Fwww.w3.org%2F2000%2Fsvg&#39;%20viewBox%3D&#39;0%200%201200%20800&#39;%2F%3E\" data-src=\"https:\/\/jtom1.com\/wp-content\/uploads\/2018\/07\/s006.jpg\" data-srcset=\"https:\/\/jtom1.com\/wp-content\/uploads\/2018\/07\/s006.jpg 1200w\" width=\"1200\" height=\"800\"  data-dt-location=\"https:\/\/jtom1.com\/fr\/s006\/\" style=\"\" alt=\"\" \/><\/div><\/div><\/div>[\/vc_column][\/vc_row][vc_row type=\u00a0\u00bbvc_default\u00a0\u00bb content_placement=\u00a0\u00bbmiddle\u00a0\u00bb bg_type=\u00a0\u00bbimage\u00a0\u00bb parallax_style=\u00a0\u00bbvcpb-default\u00a0\u00bb bg_image_new=\u00a0\u00bbid^1690|url^http:\/\/webjtom1.cafe24.com\/wp-content\/uploads\/2014\/03\/skin05r.stripes-stripe-1-bg-image.gif|caption^null|alt^null|title^skin05r.stripes-stripe-1-bg-image|description^null\u00a0\u00bb bg_image_size=\u00a0\u00bbinitial\u00a0\u00bb bg_override=\u00a0\u00bbex-full\u00a0\u00bb css=\u00a0\u00bb.vc_custom_1490279366357{padding-top: 70px !important;padding-bottom: 20px !important;background-color: #f2f3f3 !important;}\u00a0\u00bb][vc_column width=\u00a0\u00bb1\/2&Prime; css=\u00a0\u00bb.vc_custom_1490278901277{padding-bottom: 50px !important;}\u00a0\u00bb]<style type=\"text\/css\" data-type=\"the7_shortcodes-inline-css\">.shortcode-single-image-wrap.shortcode-single-image-b29c38634ad137bde540b8349f261798.enable-bg-rollover .rollover i,\n.shortcode-single-image-wrap.shortcode-single-image-b29c38634ad137bde540b8349f261798.enable-bg-rollover .rollover-video i {\n  background: -webkit-linear-gradient();\n  background: linear-gradient();\n}\n.shortcode-single-image-wrap.shortcode-single-image-b29c38634ad137bde540b8349f261798 .rollover-icon {\n  font-size: 32px;\n  color: #ffffff;\n  min-width: 44px;\n  min-height: 44px;\n  line-height: 44px;\n  border-radius: 100px;\n  border-style: solid;\n  border-width: 0px;\n}\n.dt-icon-bg-on.shortcode-single-image-wrap.shortcode-single-image-b29c38634ad137bde540b8349f261798 .rollover-icon {\n  background: rgba(255,255,255,0.3);\n  box-shadow: none;\n}\n<\/style><div class=\"shortcode-single-image-wrap shortcode-single-image-b29c38634ad137bde540b8349f261798 alignnone  enable-bg-rollover dt-icon-bg-off\" style=\"margin-top:0px; margin-bottom:0px; margin-left:0px; margin-right:0px; width:1200px;\"><div class=\"shortcode-single-image\"><div class=\"fancy-media-wrap  layzr-bg\" style=\"\"><img class=\"preload-me lazy-load\" src=\"data:image\/svg+xml,%3Csvg%20xmlns%3D&#39;http%3A%2F%2Fwww.w3.org%2F2000%2Fsvg&#39;%20viewBox%3D&#39;0%200%20574%20382&#39;%2F%3E\" data-src=\"https:\/\/jtom1.com\/wp-content\/uploads\/2022\/11\/01_00_image_05-1.jpg\" data-srcset=\"https:\/\/jtom1.com\/wp-content\/uploads\/2022\/11\/01_00_image_05-1.jpg 574w\" width=\"574\" height=\"382\"  data-dt-location=\"https:\/\/jtom1.com\/fr\/service\/01_00_image_05-3\/\" style=\"\" alt=\"\" \/><\/div><\/div><\/div>[\/vc_column][vc_column width=\u00a0\u00bb1\/2&Prime; css=\u00a0\u00bb.vc_custom_1490278896841{padding-bottom: 50px !important;}\u00a0\u00bb]<div class=\"aio-icon-component  vc_custom_1697009577753  accent-icon-bg color-title ffRC style_1\"><div id=\"Info-box-wrap-7189\" class=\"aio-icon-box top-icon\" style=\"\"  ><div class=\"aio-icon-top\"><div class=\"ult-just-icon-wrapper  \"><div class=\"align-icon\" style=\"text-align:center;\">\n<div class=\"aio-icon advanced \"  style=\"color:#ffffff;background:#ffffff;border-style:solid;border-color:;border-width:0px;width:68px;height:68px;line-height:68px;border-radius:5px;font-size:38px;display:inline-block;\">\n\t<i class=\"icomoon-material-24x24-question_answer\"><\/i>\n<\/div><\/div><\/div><\/div><div class=\"aio-icon-header\" ><h3 class=\"aio-icon-title ult-responsive\"  data-ultimate-target='#Info-box-wrap-7189 .aio-icon-title'  data-responsive-json-new='{\"font-size\":\"desktop:40px;\",\"line-height\":\"desktop:50px;\"}'  style=\"\">Conception<\/h3><\/div> <!-- header --><div class=\"aio-icon-description ult-responsive\"  data-ultimate-target='#Info-box-wrap-7189 .aio-icon-description'  data-responsive-json-new='{\"font-size\":\"desktop:20px;\",\"line-height\":\"desktop:30px;\"}'  style=\"\">L&rsquo;\u00e9quipe de conception de J Tomorrow One s&rsquo;efforce de d\u00e9velopper de nouveaux styles d&rsquo;illustration pour accro\u00eetre la convivialit\u00e9 et faciliter la communication visuelle.<\/div> <!-- description --><\/div> <!-- aio-icon-box --><\/div> <!-- aio-icon-component -->[vc_column_text]<\/p>\n<p style=\"text-align: center;\">Avec notre passion,<br \/>\nM\u00e9morable, beau et utile<br \/>\nVous r\u00eavez de pouvoir cr\u00e9er un site internet<br \/>\nJe travaille sur le projet.<\/p>\n<p>[\/vc_column_text][\/vc_column][\/vc_row]<\/p>\n","protected":false},"excerpt":{"rendered":"<p>[vc_row type=\u00a0\u00bbvc_default\u00a0\u00bb content_placement=\u00a0\u00bbmiddle\u00a0\u00bb css=\u00a0\u00bb.vc_custom_1490279134647{padding-top: 70px !important;padding-bottom: 20px !important;}\u00a0\u00bb][vc_column offset=\u00a0\u00bbvc_hidden-lg vc_hidden-md vc_hidden-sm\u00a0\u00bb css=\u00a0\u00bb.vc_custom_1490279825159{padding-bottom: 50px !important;}\u00a0\u00bb][\/vc_column][vc_column width=\u00a0\u00bb1\/2&Prime; css=\u00a0\u00bb.vc_custom_1490278896841{padding-bottom: 50px !important;}\u00a0\u00bb][vc_column_text] Exploitation d&rsquo;un site Web mobile et d&rsquo;une application mobile. Nous effectuons des t\u00e2ches telles que la planification en ligne, la conception, la publication et le d\u00e9veloppement op\u00e9rationnel. Fournit des applications Android\/IOS\/Hybribe. [\/vc_column_text][\/vc_column][vc_column width=\u00a0\u00bb1\/2&Prime; css=\u00a0\u00bb.vc_custom_1490279767331{padding-bottom: 50px !important;}\u00a0\u00bb offset=\u00a0\u00bbvc_hidden-xs\u00a0\u00bb][\/vc_column][\/vc_row][vc_row&hellip;<\/p>\n","protected":false},"author":1,"featured_media":0,"parent":0,"menu_order":20,"comment_status":"closed","ping_status":"closed","template":"","meta":{"_exactmetrics_skip_tracking":false,"_exactmetrics_sitenote_active":false,"_exactmetrics_sitenote_note":"","_exactmetrics_sitenote_category":0,"jetpack_post_was_ever_published":false},"acf":[],"jetpack_sharing_enabled":true,"jetpack_shortlink":"https:\/\/wp.me\/PaJHB8-eQ5","_links":{"self":[{"href":"https:\/\/jtom1.com\/fr\/wp-json\/wp\/v2\/pages\/57045"}],"collection":[{"href":"https:\/\/jtom1.com\/fr\/wp-json\/wp\/v2\/pages"}],"about":[{"href":"https:\/\/jtom1.com\/fr\/wp-json\/wp\/v2\/types\/page"}],"author":[{"embeddable":true,"href":"https:\/\/jtom1.com\/fr\/wp-json\/wp\/v2\/users\/1"}],"replies":[{"embeddable":true,"href":"https:\/\/jtom1.com\/fr\/wp-json\/wp\/v2\/comments?post=57045"}],"version-history":[{"count":4,"href":"https:\/\/jtom1.com\/fr\/wp-json\/wp\/v2\/pages\/57045\/revisions"}],"predecessor-version":[{"id":58106,"href":"https:\/\/jtom1.com\/fr\/wp-json\/wp\/v2\/pages\/57045\/revisions\/58106"}],"wp:attachment":[{"href":"https:\/\/jtom1.com\/fr\/wp-json\/wp\/v2\/media?parent=57045"}],"curies":[{"name":"wp","href":"https:\/\/api.w.org\/{rel}","templated":true}]}}