{"id":57048,"date":"2014-03-18T10:03:13","date_gmt":"2014-03-18T01:03:13","guid":{"rendered":"https:\/\/jtom1.com\/technology\/"},"modified":"2023-10-16T16:24:26","modified_gmt":"2023-10-16T07:24:26","slug":"technology","status":"publish","type":"page","link":"https:\/\/jtom1.com\/es\/technology\/","title":{"rendered":"\ubcf4\uc720\uae30\uc220"},"content":{"rendered":"<p>[vc_row type=\u00bbvc_default\u00bb content_placement=\u00bbmiddle\u00bb css=\u00bb.vc_custom_1490279134647{padding-top: 70px !important;padding-bottom: 20px !important;}\u00bb][vc_column offset=\u00bbvc_hidden-lg vc_hidden-md vc_hidden-sm\u00bb css=\u00bb.vc_custom_1490279825159{padding-bottom: 50px !important;}\u00bb]<style type=\"text\/css\" data-type=\"the7_shortcodes-inline-css\">.shortcode-single-image-wrap.shortcode-single-image-025eb77ce1c6d39bf8915baf9886a8c7.enable-bg-rollover .rollover i,\n.shortcode-single-image-wrap.shortcode-single-image-025eb77ce1c6d39bf8915baf9886a8c7.enable-bg-rollover .rollover-video i {\n  background: -webkit-linear-gradient();\n  background: linear-gradient();\n}\n.shortcode-single-image-wrap.shortcode-single-image-025eb77ce1c6d39bf8915baf9886a8c7 .rollover-icon {\n  font-size: 32px;\n  color: #ffffff;\n  min-width: 44px;\n  min-height: 44px;\n  line-height: 44px;\n  border-radius: 100px;\n  border-style: solid;\n  border-width: 0px;\n}\n.dt-icon-bg-on.shortcode-single-image-wrap.shortcode-single-image-025eb77ce1c6d39bf8915baf9886a8c7 .rollover-icon {\n  background: rgba(255,255,255,0.3);\n  box-shadow: none;\n}\n<\/style><div class=\"shortcode-single-image-wrap shortcode-single-image-025eb77ce1c6d39bf8915baf9886a8c7 alignnone  enable-bg-rollover dt-icon-bg-off\" style=\"margin-top:0px; margin-bottom:0px; margin-left:0px; margin-right:0px; width:1200px;\"><div class=\"shortcode-single-image\"><div class=\"fancy-media-wrap  layzr-bg\" style=\"\"><img class=\"preload-me lazy-load\" src=\"data:image\/svg+xml,%3Csvg%20xmlns%3D&#39;http%3A%2F%2Fwww.w3.org%2F2000%2Fsvg&#39;%20viewBox%3D&#39;0%200%201200%20800&#39;%2F%3E\" data-src=\"https:\/\/jtom1.com\/wp-content\/uploads\/2014\/03\/s001.jpg\" data-srcset=\"https:\/\/jtom1.com\/wp-content\/uploads\/2014\/03\/s001.jpg 1200w\" width=\"1200\" height=\"800\"  data-dt-location=\"https:\/\/jtom1.com\/es\/s001\/\" style=\"\" alt=\"\" \/><\/div><\/div><\/div>[\/vc_column][vc_column width=\u00bb1\/2&#8243; css=\u00bb.vc_custom_1490278896841{padding-bottom: 50px !important;}\u00bb]<div class=\"aio-icon-component  vc_custom_1697440581931  accent-icon-bg color-title ffRC style_1\"><div id=\"Info-box-wrap-1271\" class=\"aio-icon-box top-icon\" style=\"\"  ><div class=\"aio-icon-top\"><div class=\"ult-just-icon-wrapper  \"><div class=\"align-icon\" style=\"text-align:center;\">\n<div class=\"aio-icon advanced \"  style=\"color:#ffffff;background:#ffffff;border-style:solid;border-color:;border-width:0px;width:68px;height:68px;line-height:68px;border-radius:5px;font-size:38px;display:inline-block;\">\n\t<i class=\"icomoon-free-social-contact-16x16-appleinc\"><\/i>\n<\/div><\/div><\/div><\/div><div class=\"aio-icon-header\" ><h3 class=\"aio-icon-title ult-responsive\"  data-ultimate-target='#Info-box-wrap-1271 .aio-icon-title'  data-responsive-json-new='{\"font-size\":\"desktop:40px;\",\"line-height\":\"desktop:50px;\"}'  style=\"\">Desarrollo de Aplicaciones M\u00f3viles<\/h3><\/div> <!-- header --><div class=\"aio-icon-description ult-responsive\"  data-ultimate-target='#Info-box-wrap-1271 .aio-icon-description'  data-responsive-json-new='{\"font-size\":\"desktop:20px;\",\"line-height\":\"desktop:30px;\"}'  style=\"\">Servicio de desarrollo y operaci\u00f3n de aplicaciones (Android\/IOS)<\/div> <!-- description --><\/div> <!-- aio-icon-box --><\/div> <!-- aio-icon-component -->[vc_column_text]<\/p>\n<p style=\"text-align: center;\">Nos dedicamos a la planificaci\u00f3n, el dise\u00f1o, la publicaci\u00f3n y el desarrollo en l\u00ednea para la operaci\u00f3n de sitios web m\u00f3viles y la operaci\u00f3n de aplicaciones m\u00f3viles. Ofrece aplicaciones Android\/IOS\/h\u00edbridas.<\/p>\n<p>[\/vc_column_text][\/vc_column][vc_column width=\u00bb1\/2&#8243; css=\u00bb.vc_custom_1490279767331{padding-bottom: 50px !important;}\u00bb offset=\u00bbvc_hidden-xs\u00bb]<style type=\"text\/css\" data-type=\"the7_shortcodes-inline-css\">.shortcode-single-image-wrap.shortcode-single-image-025eb77ce1c6d39bf8915baf9886a8c7.enable-bg-rollover .rollover i,\n.shortcode-single-image-wrap.shortcode-single-image-025eb77ce1c6d39bf8915baf9886a8c7.enable-bg-rollover .rollover-video i {\n  background: -webkit-linear-gradient();\n  background: linear-gradient();\n}\n.shortcode-single-image-wrap.shortcode-single-image-025eb77ce1c6d39bf8915baf9886a8c7 .rollover-icon {\n  font-size: 32px;\n  color: #ffffff;\n  min-width: 44px;\n  min-height: 44px;\n  line-height: 44px;\n  border-radius: 100px;\n  border-style: solid;\n  border-width: 0px;\n}\n.dt-icon-bg-on.shortcode-single-image-wrap.shortcode-single-image-025eb77ce1c6d39bf8915baf9886a8c7 .rollover-icon {\n  background: rgba(255,255,255,0.3);\n  box-shadow: none;\n}\n<\/style><div class=\"shortcode-single-image-wrap shortcode-single-image-025eb77ce1c6d39bf8915baf9886a8c7 alignnone  enable-bg-rollover dt-icon-bg-off\" style=\"margin-top:0px; margin-bottom:0px; margin-left:0px; margin-right:0px; width:1200px;\"><div class=\"shortcode-single-image\"><div class=\"fancy-media-wrap  layzr-bg\" style=\"\"><img class=\"preload-me lazy-load\" src=\"data:image\/svg+xml,%3Csvg%20xmlns%3D&#39;http%3A%2F%2Fwww.w3.org%2F2000%2Fsvg&#39;%20viewBox%3D&#39;0%200%201200%20800&#39;%2F%3E\" data-src=\"https:\/\/jtom1.com\/wp-content\/uploads\/2014\/03\/s001.jpg\" data-srcset=\"https:\/\/jtom1.com\/wp-content\/uploads\/2014\/03\/s001.jpg 1200w\" width=\"1200\" height=\"800\"  data-dt-location=\"https:\/\/jtom1.com\/es\/s001\/\" style=\"\" alt=\"\" \/><\/div><\/div><\/div>[\/vc_column][\/vc_row][vc_row type=\u00bbvc_default\u00bb content_placement=\u00bbmiddle\u00bb bg_type=\u00bbimage\u00bb parallax_style=\u00bbvcpb-default\u00bb bg_image_new=\u00bbid^1690|url^http:\/\/webjtom1.cafe24.com\/wp-content\/uploads\/2014\/03\/skin05r.stripes-stripe-1-bg-image.gif|caption^null|alt^null|title^skin05r.stripes-stripe-1-bg-image|description^null\u00bb bg_image_size=\u00bbinitial\u00bb bg_override=\u00bbex-full\u00bb css=\u00bb.vc_custom_1490279366357{padding-top: 70px !important;padding-bottom: 20px !important;background-color: #f2f3f3 !important;}\u00bb][vc_column width=\u00bb1\/2&#8243; css=\u00bb.vc_custom_1490278901277{padding-bottom: 50px !important;}\u00bb]<style type=\"text\/css\" data-type=\"the7_shortcodes-inline-css\">.shortcode-single-image-wrap.shortcode-single-image-26deed3c9c778c8b984612a989c32b03.enable-bg-rollover .rollover i,\n.shortcode-single-image-wrap.shortcode-single-image-26deed3c9c778c8b984612a989c32b03.enable-bg-rollover .rollover-video i {\n  background: -webkit-linear-gradient();\n  background: linear-gradient();\n}\n.shortcode-single-image-wrap.shortcode-single-image-26deed3c9c778c8b984612a989c32b03 .rollover-icon {\n  font-size: 32px;\n  color: #ffffff;\n  min-width: 44px;\n  min-height: 44px;\n  line-height: 44px;\n  border-radius: 100px;\n  border-style: solid;\n  border-width: 0px;\n}\n.dt-icon-bg-on.shortcode-single-image-wrap.shortcode-single-image-26deed3c9c778c8b984612a989c32b03 .rollover-icon {\n  background: rgba(255,255,255,0.3);\n  box-shadow: none;\n}\n<\/style><div class=\"shortcode-single-image-wrap shortcode-single-image-26deed3c9c778c8b984612a989c32b03 alignnone  enable-bg-rollover dt-icon-bg-off\" style=\"margin-top:0px; margin-bottom:0px; margin-left:0px; margin-right:0px; width:1200px;\"><div class=\"shortcode-single-image\"><div class=\"fancy-media-wrap  layzr-bg\" style=\"\"><img class=\"preload-me lazy-load\" src=\"data:image\/svg+xml,%3Csvg%20xmlns%3D&#39;http%3A%2F%2Fwww.w3.org%2F2000%2Fsvg&#39;%20viewBox%3D&#39;0%200%201200%20800&#39;%2F%3E\" data-src=\"https:\/\/jtom1.com\/wp-content\/uploads\/2014\/03\/a000-1.jpg\" data-srcset=\"https:\/\/jtom1.com\/wp-content\/uploads\/2014\/03\/a000-1.jpg 1200w\" width=\"1200\" height=\"800\"  data-dt-location=\"https:\/\/jtom1.com\/es\/a000-2\/\" style=\"\" alt=\"\" \/><\/div><\/div><\/div>[\/vc_column][vc_column width=\u00bb1\/2&#8243; css=\u00bb.vc_custom_1490278896841{padding-bottom: 50px !important;}\u00bb]<div class=\"aio-icon-component  vc_custom_1697440622112  accent-icon-bg color-title ffRC style_1\"><div id=\"Info-box-wrap-7342\" class=\"aio-icon-box top-icon\" style=\"\"  ><div class=\"aio-icon-top\"><div class=\"ult-just-icon-wrapper  \"><div class=\"align-icon\" style=\"text-align:center;\">\n<div class=\"aio-icon advanced \"  style=\"color:#ffffff;background:#ffffff;border-style:solid;border-color:;border-width:0px;width:68px;height:68px;line-height:68px;border-radius:5px;font-size:38px;display:inline-block;\">\n\t<i class=\"fas fa-search\"><\/i>\n<\/div><\/div><\/div><\/div><div class=\"aio-icon-header\" ><h3 class=\"aio-icon-title ult-responsive\"  data-ultimate-target='#Info-box-wrap-7342 .aio-icon-title'  data-responsive-json-new='{\"font-size\":\"desktop:40px;\",\"line-height\":\"desktop:50px;\"}'  style=\"\">SEO &amp; SMM<\/h3><\/div> <!-- header --><div class=\"aio-icon-description ult-responsive\"  data-ultimate-target='#Info-box-wrap-7342 .aio-icon-description'  data-responsive-json-new='{\"font-size\":\"desktop:20px;\",\"line-height\":\"desktop:30px;\"}'  style=\"\">Estructurado en una forma que el robot de b\u00fasqueda puede recopilar mejor<\/div> <!-- description --><\/div> <!-- aio-icon-box --><\/div> <!-- aio-icon-component -->[vc_column_text]<\/p>\n<p style=\"text-align: center;\">La optimizaci\u00f3n de motores de b\u00fasqueda crea un sitio en el que se pueden realizar b\u00fasquedas.<br \/>\nRegistro de Google \/ Registro de la herramienta Naver Webmaster \/ Al crear un entorno b\u00e1sico para la exposici\u00f3n en los motores de b\u00fasqueda,<br \/>\nVuelve a centrarte en las marcas de tus clientes.<\/p>\n<p>[\/vc_column_text][\/vc_column][\/vc_row][vc_row type=\u00bbvc_default\u00bb content_placement=\u00bbmiddle\u00bb css=\u00bb.vc_custom_1490279134647{padding-top: 70px !important;padding-bottom: 20px !important;}\u00bb][vc_column offset=\u00bbvc_hidden-lg vc_hidden-md vc_hidden-sm\u00bb css=\u00bb.vc_custom_1490279829964{padding-bottom: 50px !important;}\u00bb]<style type=\"text\/css\" data-type=\"the7_shortcodes-inline-css\">.shortcode-single-image-wrap.shortcode-single-image-35eca9f3c9eed4fe3269dd41c47128db.enable-bg-rollover .rollover i,\n.shortcode-single-image-wrap.shortcode-single-image-35eca9f3c9eed4fe3269dd41c47128db.enable-bg-rollover .rollover-video i {\n  background: -webkit-linear-gradient();\n  background: linear-gradient();\n}\n.shortcode-single-image-wrap.shortcode-single-image-35eca9f3c9eed4fe3269dd41c47128db .rollover-icon {\n  font-size: 32px;\n  color: #ffffff;\n  min-width: 44px;\n  min-height: 44px;\n  line-height: 44px;\n  border-radius: 100px;\n  border-style: solid;\n  border-width: 0px;\n}\n.dt-icon-bg-on.shortcode-single-image-wrap.shortcode-single-image-35eca9f3c9eed4fe3269dd41c47128db .rollover-icon {\n  background: rgba(255,255,255,0.3);\n  box-shadow: none;\n}\n<\/style><div class=\"shortcode-single-image-wrap shortcode-single-image-35eca9f3c9eed4fe3269dd41c47128db alignnone  enable-bg-rollover dt-icon-bg-off\" style=\"margin-top:0px; margin-bottom:0px; margin-left:0px; margin-right:0px; width:1200px;\"><div class=\"shortcode-single-image\"><div class=\"fancy-media-wrap  layzr-bg\" style=\"\"><img class=\"preload-me lazy-load\" src=\"data:image\/svg+xml,%3Csvg%20xmlns%3D&#39;http%3A%2F%2Fwww.w3.org%2F2000%2Fsvg&#39;%20viewBox%3D&#39;0%200%201200%20800&#39;%2F%3E\" data-src=\"https:\/\/jtom1.com\/wp-content\/uploads\/2018\/07\/s006.jpg\" data-srcset=\"https:\/\/jtom1.com\/wp-content\/uploads\/2018\/07\/s006.jpg 1200w\" width=\"1200\" height=\"800\"  data-dt-location=\"https:\/\/jtom1.com\/es\/s006\/\" style=\"\" alt=\"\" \/><\/div><\/div><\/div>[\/vc_column][vc_column width=\u00bb1\/2&#8243; css=\u00bb.vc_custom_1490278896841{padding-bottom: 50px !important;}\u00bb]<div class=\"aio-icon-component  vc_custom_1697440639952  accent-icon-bg color-title ffRC style_1\"><div id=\"Info-box-wrap-1626\" class=\"aio-icon-box top-icon\" style=\"\"  ><div class=\"aio-icon-top\"><div class=\"ult-just-icon-wrapper  \"><div class=\"align-icon\" style=\"text-align:center;\">\n<div class=\"aio-icon advanced \"  style=\"color:#ffffff;background:#ffffff;border-style:solid;border-color:;border-width:0px;width:68px;height:68px;line-height:68px;border-radius:5px;font-size:38px;display:inline-block;\">\n\t<i class=\"icomoon-material-24x24-dvr\"><\/i>\n<\/div><\/div><\/div><\/div><div class=\"aio-icon-header\" ><h3 class=\"aio-icon-title ult-responsive\"  data-ultimate-target='#Info-box-wrap-1626 .aio-icon-title'  data-responsive-json-new='{\"font-size\":\"desktop:40px;\",\"line-height\":\"desktop:50px;\"}'  style=\"\">Consultor\u00eda<\/h3><\/div> <!-- header --><div class=\"aio-icon-description ult-responsive\"  data-ultimate-target='#Info-box-wrap-1626 .aio-icon-description'  data-responsive-json-new='{\"font-size\":\"desktop:20px;\",\"line-height\":\"desktop:30px;\"}'  style=\"\">Como socio de transformaci\u00f3n digital, brindamos servicios m\u00e1s all\u00e1 de la consultor\u00eda<\/div> <!-- description --><\/div> <!-- aio-icon-box --><\/div> <!-- aio-icon-component -->[vc_column_text]<\/p>\n<p style=\"text-align: center;\">Brindamos servicios de consultor\u00eda de TI como estrategia de transformaci\u00f3n digital, estrategia de TI e innovaci\u00f3n de procesos basados en capacidades de consultor\u00eda diferenciadas para fortalecer la competitividad empresarial y el valor corporativo de los clientes.<\/p>\n<p>[\/vc_column_text][\/vc_column][vc_column width=\u00bb1\/2&#8243; css=\u00bb.vc_custom_1490279803723{padding-bottom: 50px !important;}\u00bb offset=\u00bbvc_hidden-xs\u00bb]<style type=\"text\/css\" data-type=\"the7_shortcodes-inline-css\">.shortcode-single-image-wrap.shortcode-single-image-35eca9f3c9eed4fe3269dd41c47128db.enable-bg-rollover .rollover i,\n.shortcode-single-image-wrap.shortcode-single-image-35eca9f3c9eed4fe3269dd41c47128db.enable-bg-rollover .rollover-video i {\n  background: -webkit-linear-gradient();\n  background: linear-gradient();\n}\n.shortcode-single-image-wrap.shortcode-single-image-35eca9f3c9eed4fe3269dd41c47128db .rollover-icon {\n  font-size: 32px;\n  color: #ffffff;\n  min-width: 44px;\n  min-height: 44px;\n  line-height: 44px;\n  border-radius: 100px;\n  border-style: solid;\n  border-width: 0px;\n}\n.dt-icon-bg-on.shortcode-single-image-wrap.shortcode-single-image-35eca9f3c9eed4fe3269dd41c47128db .rollover-icon {\n  background: rgba(255,255,255,0.3);\n  box-shadow: none;\n}\n<\/style><div class=\"shortcode-single-image-wrap shortcode-single-image-35eca9f3c9eed4fe3269dd41c47128db alignnone  enable-bg-rollover dt-icon-bg-off\" style=\"margin-top:0px; margin-bottom:0px; margin-left:0px; margin-right:0px; width:1200px;\"><div class=\"shortcode-single-image\"><div class=\"fancy-media-wrap  layzr-bg\" style=\"\"><img class=\"preload-me lazy-load\" src=\"data:image\/svg+xml,%3Csvg%20xmlns%3D&#39;http%3A%2F%2Fwww.w3.org%2F2000%2Fsvg&#39;%20viewBox%3D&#39;0%200%201200%20800&#39;%2F%3E\" data-src=\"https:\/\/jtom1.com\/wp-content\/uploads\/2018\/07\/s006.jpg\" data-srcset=\"https:\/\/jtom1.com\/wp-content\/uploads\/2018\/07\/s006.jpg 1200w\" width=\"1200\" height=\"800\"  data-dt-location=\"https:\/\/jtom1.com\/es\/s006\/\" style=\"\" alt=\"\" \/><\/div><\/div><\/div>[\/vc_column][\/vc_row][vc_row type=\u00bbvc_default\u00bb content_placement=\u00bbmiddle\u00bb bg_type=\u00bbimage\u00bb parallax_style=\u00bbvcpb-default\u00bb bg_image_new=\u00bbid^1690|url^http:\/\/webjtom1.cafe24.com\/wp-content\/uploads\/2014\/03\/skin05r.stripes-stripe-1-bg-image.gif|caption^null|alt^null|title^skin05r.stripes-stripe-1-bg-image|description^null\u00bb bg_image_size=\u00bbinitial\u00bb bg_override=\u00bbex-full\u00bb css=\u00bb.vc_custom_1490279366357{padding-top: 70px !important;padding-bottom: 20px !important;background-color: #f2f3f3 !important;}\u00bb][vc_column width=\u00bb1\/2&#8243; css=\u00bb.vc_custom_1490278901277{padding-bottom: 50px !important;}\u00bb]<style type=\"text\/css\" data-type=\"the7_shortcodes-inline-css\">.shortcode-single-image-wrap.shortcode-single-image-b29c38634ad137bde540b8349f261798.enable-bg-rollover .rollover i,\n.shortcode-single-image-wrap.shortcode-single-image-b29c38634ad137bde540b8349f261798.enable-bg-rollover .rollover-video i {\n  background: -webkit-linear-gradient();\n  background: linear-gradient();\n}\n.shortcode-single-image-wrap.shortcode-single-image-b29c38634ad137bde540b8349f261798 .rollover-icon {\n  font-size: 32px;\n  color: #ffffff;\n  min-width: 44px;\n  min-height: 44px;\n  line-height: 44px;\n  border-radius: 100px;\n  border-style: solid;\n  border-width: 0px;\n}\n.dt-icon-bg-on.shortcode-single-image-wrap.shortcode-single-image-b29c38634ad137bde540b8349f261798 .rollover-icon {\n  background: rgba(255,255,255,0.3);\n  box-shadow: none;\n}\n<\/style><div class=\"shortcode-single-image-wrap shortcode-single-image-b29c38634ad137bde540b8349f261798 alignnone  enable-bg-rollover dt-icon-bg-off\" style=\"margin-top:0px; margin-bottom:0px; margin-left:0px; margin-right:0px; width:1200px;\"><div class=\"shortcode-single-image\"><div class=\"fancy-media-wrap  layzr-bg\" style=\"\"><img class=\"preload-me lazy-load\" src=\"data:image\/svg+xml,%3Csvg%20xmlns%3D&#39;http%3A%2F%2Fwww.w3.org%2F2000%2Fsvg&#39;%20viewBox%3D&#39;0%200%20574%20382&#39;%2F%3E\" data-src=\"https:\/\/jtom1.com\/wp-content\/uploads\/2022\/11\/01_00_image_05-1.jpg\" data-srcset=\"https:\/\/jtom1.com\/wp-content\/uploads\/2022\/11\/01_00_image_05-1.jpg 574w\" width=\"574\" height=\"382\"  data-dt-location=\"https:\/\/jtom1.com\/es\/service\/01_00_image_05-3\/\" style=\"\" alt=\"\" \/><\/div><\/div><\/div>[\/vc_column][vc_column width=\u00bb1\/2&#8243; css=\u00bb.vc_custom_1490278896841{padding-bottom: 50px !important;}\u00bb]<div class=\"aio-icon-component  vc_custom_1697440730479  accent-icon-bg color-title ffRC style_1\"><div id=\"Info-box-wrap-4086\" class=\"aio-icon-box top-icon\" style=\"\"  ><div class=\"aio-icon-top\"><div class=\"ult-just-icon-wrapper  \"><div class=\"align-icon\" style=\"text-align:center;\">\n<div class=\"aio-icon advanced \"  style=\"color:#ffffff;background:#ffffff;border-style:solid;border-color:;border-width:0px;width:68px;height:68px;line-height:68px;border-radius:5px;font-size:38px;display:inline-block;\">\n\t<i class=\"icomoon-material-24x24-question_answer\"><\/i>\n<\/div><\/div><\/div><\/div><div class=\"aio-icon-header\" ><h3 class=\"aio-icon-title ult-responsive\"  data-ultimate-target='#Info-box-wrap-4086 .aio-icon-title'  data-responsive-json-new='{\"font-size\":\"desktop:40px;\",\"line-height\":\"desktop:50px;\"}'  style=\"\">Dise\u00f1o<\/h3><\/div> <!-- header --><div class=\"aio-icon-description ult-responsive\"  data-ultimate-target='#Info-box-wrap-4086 .aio-icon-description'  data-responsive-json-new='{\"font-size\":\"desktop:20px;\",\"line-height\":\"desktop:30px;\"}'  style=\"\">Al desarrollar nuevos estilos de ilustraci\u00f3n, el equipo de dise\u00f1o de Jtomorrowone Co.,Ltd. se esfuerza por mejorar la amabilidad y ayudar a la comunicaci\u00f3n visual.<\/div> <!-- description --><\/div> <!-- aio-icon-box --><\/div> <!-- aio-icon-component -->[vc_column_text]<\/p>\n<p style=\"text-align: center;\">Estamos comprometidos con nuestra pasi\u00f3n,<br \/>\nMemorable, hermoso y \u00fatil<br \/>\nSo\u00f1ar con poder crear un sitio web para todos<br \/>\nTrabaja en el proyecto.<\/p>\n<p>[\/vc_column_text][\/vc_column][\/vc_row]<\/p>\n","protected":false},"excerpt":{"rendered":"<p>[vc_row type=\u00bbvc_default\u00bb content_placement=\u00bbmiddle\u00bb css=\u00bb.vc_custom_1490279134647{padding-top: 70px !important;padding-bottom: 20px !important;}\u00bb][vc_column offset=\u00bbvc_hidden-lg vc_hidden-md vc_hidden-sm\u00bb css=\u00bb.vc_custom_1490279825159{padding-bottom: 50px !important;}\u00bb][\/vc_column][vc_column width=\u00bb1\/2&#8243; css=\u00bb.vc_custom_1490278896841{padding-bottom: 50px !important;}\u00bb][vc_column_text] Nos dedicamos a la planificaci\u00f3n, el dise\u00f1o, la publicaci\u00f3n y el desarrollo en l\u00ednea para la operaci\u00f3n de sitios web m\u00f3viles y la operaci\u00f3n de aplicaciones m\u00f3viles. Ofrece aplicaciones Android\/IOS\/h\u00edbridas. [\/vc_column_text][\/vc_column][vc_column width=\u00bb1\/2&#8243; css=\u00bb.vc_custom_1490279767331{padding-bottom: 50px !important;}\u00bb offset=\u00bbvc_hidden-xs\u00bb][\/vc_column][\/vc_row][vc_row type=\u00bbvc_default\u00bb&hellip;<\/p>\n","protected":false},"author":1,"featured_media":0,"parent":0,"menu_order":20,"comment_status":"closed","ping_status":"closed","template":"","meta":{"_exactmetrics_skip_tracking":false,"_exactmetrics_sitenote_active":false,"_exactmetrics_sitenote_note":"","_exactmetrics_sitenote_category":0,"jetpack_post_was_ever_published":false},"acf":[],"jetpack_sharing_enabled":true,"jetpack_shortlink":"https:\/\/wp.me\/PaJHB8-eQ8","_links":{"self":[{"href":"https:\/\/jtom1.com\/es\/wp-json\/wp\/v2\/pages\/57048"}],"collection":[{"href":"https:\/\/jtom1.com\/es\/wp-json\/wp\/v2\/pages"}],"about":[{"href":"https:\/\/jtom1.com\/es\/wp-json\/wp\/v2\/types\/page"}],"author":[{"embeddable":true,"href":"https:\/\/jtom1.com\/es\/wp-json\/wp\/v2\/users\/1"}],"replies":[{"embeddable":true,"href":"https:\/\/jtom1.com\/es\/wp-json\/wp\/v2\/comments?post=57048"}],"version-history":[{"count":4,"href":"https:\/\/jtom1.com\/es\/wp-json\/wp\/v2\/pages\/57048\/revisions"}],"predecessor-version":[{"id":58474,"href":"https:\/\/jtom1.com\/es\/wp-json\/wp\/v2\/pages\/57048\/revisions\/58474"}],"wp:attachment":[{"href":"https:\/\/jtom1.com\/es\/wp-json\/wp\/v2\/media?parent=57048"}],"curies":[{"name":"wp","href":"https:\/\/api.w.org\/{rel}","templated":true}]}}