{"id":57041,"date":"2022-11-29T11:46:20","date_gmt":"2022-11-29T02:46:20","guid":{"rendered":"https:\/\/jtom1.com\/seo\/"},"modified":"2023-10-16T13:32:58","modified_gmt":"2023-10-16T04:32:58","slug":"seo","status":"publish","type":"page","link":"https:\/\/jtom1.com\/es\/seo\/","title":{"rendered":"SEO(\uac80\uc0c9\uc5d4\uc9c4\ucd5c\uc801\ud654)"},"content":{"rendered":"<p>[vc_row type=\u00bbvc_default\u00bb bg_type=\u00bbgrad\u00bb bg_override=\u00bbex-full\u00bb css=\u00bb.vc_custom_1457088446751{margin-top: -120px !important;}\u00bb bg_grad=\u00bbbackground: -webkit-gradient(linear, left top, left bottom, color-stop(0%, #10192A), color-stop(99%, #070A10));background: -moz-linear-gradient(top,#10192A 0%,#070A10 99%);background: -webkit-linear-gradient(top,#10192A 0%,#070A10 99%);background: -o-linear-gradient(top,#10192A 0%,#070A10 99%);background: -ms-linear-gradient(top,#10192A 0%,#070A10 99%);background: linear-gradient(top,#10192A 0%,#070A10 99%);\u00bb][vc_column offset=\u00bbvc_hidden-lg vc_hidden-md vc_hidden-sm vc_hidden-xs\u00bb]\n\t\t\t<!-- START website REVOLUTION SLIDER 6.6.20 --><p class=\"rs-p-wp-fix\"><\/p>\n\t\t\t<rs-module-wrap id=\"rev_slider_15_1_wrapper\" data-source=\"gallery\" style=\"visibility:hidden;background:#FFFFFF;padding:0;\">\n\t\t\t\t<rs-module id=\"rev_slider_15_1\" style=\"\" data-version=\"6.6.20\">\n\t\t\t\t\t<rs-slides style=\"overflow: hidden; position: absolute;\">\n\t\t\t\t\t\t<rs-slide style=\"position: absolute;\" data-key=\"rs-25\" data-title=\"Slide\" data-anim=\"adpr:false;\" data-in=\"o:0;\" data-out=\"a:false;\">\n\t\t\t\t\t\t\t<img src=\"\/\/jtom1.com\/wp-content\/plugins\/revslider\/public\/assets\/assets\/dummy.png\" alt=\"\" title=\"SEO(\uac80\uc0c9\uc5d4\uc9c4\ucd5c\uc801\ud654)\" class=\"rev-slidebg tp-rs-img rs-lazyload\" data-lazyload=\"\/\/homejtom1.mycafe24.com\/wp-content\/uploads\/2019\/02\/JTom1_hp_sl_01_bg_01.jpg\" data-parallax=\"off\" data-no-retina>\n<!--\n\t\t\t\t\t\t\t--><a\n\t\t\t\t\t\t\t\tid=\"slider-15-slide-25-layer-36\" \n\t\t\t\t\t\t\t\tclass=\"rs-layer dt-product-link\"\n\t\t\t\t\t\t\t\thref=\"\/portfolio\/\" target=\"_self\"\n\t\t\t\t\t\t\t\tdata-type=\"text\"\n\t\t\t\t\t\t\t\tdata-color=\"#000000||#000000||rgba(1, 136, 204, 1)||rgba(1, 136, 204, 1)\"\n\t\t\t\t\t\t\t\tdata-rsp_ch=\"on\"\n\t\t\t\t\t\t\t\tdata-xy=\"x:l,l,c,c;xo:904px,904px,-77px,-77px;y:m,m,t,t;yo:75px,75px,484px,484px;\"\n\t\t\t\t\t\t\t\tdata-text=\"w:normal;s:20,20,22,24;l:28,28,22,24;\"\n\t\t\t\t\t\t\t\tdata-dim=\"w:160px;\"\n\t\t\t\t\t\t\t\tdata-frame_1=\"e:power2.inOut;st:4760;sp:900;sR:4760;\"\n\t\t\t\t\t\t\t\tdata-frame_999=\"o:0;e:nothing;st:w;sR:3340;\"\n\t\t\t\t\t\t\t\tdata-frame_hover=\"c:#fff;oX:50;oY:50;sp:0;e:none;\"\n\t\t\t\t\t\t\t\tstyle=\"z-index:7;font-family:'Roboto Condensed';text-decoration:none;\"\n\t\t\t\t\t\t\t>Explore <i class=\"fa fa-angle-right\"><\/i> \n\t\t\t\t\t\t\t<\/a><!--\n\n\t\t\t\t\t\t\t--><rs-layer\n\t\t\t\t\t\t\t\tid=\"slider-15-slide-25-layer-47\" \n\t\t\t\t\t\t\t\tdata-type=\"image\"\n\t\t\t\t\t\t\t\tdata-rsp_ch=\"on\"\n\t\t\t\t\t\t\t\tdata-xy=\"xo:-51px;yo:416px;\"\n\t\t\t\t\t\t\t\tdata-text=\"l:22;a:inherit;\"\n\t\t\t\t\t\t\t\tdata-dim=\"w:['542px','542px','542px','542px'];h:['349px','349px','349px','349px'];\"\n\t\t\t\t\t\t\t\tdata-frame_1=\"st:870;sp:1700;sR:870;\"\n\t\t\t\t\t\t\t\tdata-frame_999=\"o:0;st:w;sR:6430;\"\n\t\t\t\t\t\t\t\tstyle=\"z-index:10;\"\n\t\t\t\t\t\t\t><img src=\"\/\/jtom1.com\/wp-content\/plugins\/revslider\/public\/assets\/assets\/dummy.png\" alt=\"\" class=\"tp-rs-img rs-lazyload\" width=\"811\" height=\"522\" data-lazyload=\"\/\/jtom1.com\/wp-content\/uploads\/2022\/10\/JTom1_hp_sl_01_ntb.png\" data-no-retina> \n\t\t\t\t\t\t\t<\/rs-layer><!--\n\n\t\t\t\t\t\t\t--><rs-layer\n\t\t\t\t\t\t\t\tid=\"slider-15-slide-25-layer-48\" \n\t\t\t\t\t\t\t\tdata-type=\"image\"\n\t\t\t\t\t\t\t\tdata-rsp_ch=\"on\"\n\t\t\t\t\t\t\t\tdata-xy=\"xo:281px;yo:250px;\"\n\t\t\t\t\t\t\t\tdata-text=\"l:22;a:inherit;\"\n\t\t\t\t\t\t\t\tdata-dim=\"w:['621px','621px','621px','621px'];h:['552px','552px','552px','552px'];\"\n\t\t\t\t\t\t\t\tdata-frame_1=\"st:1460;sp:1550;sR:1460;\"\n\t\t\t\t\t\t\t\tdata-frame_999=\"o:0;st:w;sR:5990;\"\n\t\t\t\t\t\t\t\tstyle=\"z-index:11;\"\n\t\t\t\t\t\t\t><img src=\"\/\/jtom1.com\/wp-content\/plugins\/revslider\/public\/assets\/assets\/dummy.png\" alt=\"\" class=\"tp-rs-img rs-lazyload\" width=\"916\" height=\"814\" data-lazyload=\"\/\/jtom1.com\/wp-content\/uploads\/2022\/10\/JTom1_hp_sl_01_m.png\" data-no-retina> \n\t\t\t\t\t\t\t<\/rs-layer><!--\n\n\t\t\t\t\t\t\t--><rs-layer\n\t\t\t\t\t\t\t\tid=\"slider-15-slide-25-layer-49\" \n\t\t\t\t\t\t\t\tdata-type=\"image\"\n\t\t\t\t\t\t\t\tdata-rsp_ch=\"on\"\n\t\t\t\t\t\t\t\tdata-xy=\"xo:805px;yo:514px;\"\n\t\t\t\t\t\t\t\tdata-text=\"w:normal;l:22;a:inherit;\"\n\t\t\t\t\t\t\t\tdata-dim=\"w:['305px','305px','305px','305px'];h:['213px','213px','213px','213px'];\"\n\t\t\t\t\t\t\t\tdata-frame_1=\"st:1990;sp:1250;sR:1990;\"\n\t\t\t\t\t\t\t\tdata-frame_999=\"o:0;st:w;sR:5760;\"\n\t\t\t\t\t\t\t\tstyle=\"z-index:12;\"\n\t\t\t\t\t\t\t><img src=\"\/\/jtom1.com\/wp-content\/plugins\/revslider\/public\/assets\/assets\/dummy.png\" alt=\"\" class=\"tp-rs-img rs-lazyload\" width=\"510\" height=\"356\" data-lazyload=\"\/\/jtom1.com\/wp-content\/uploads\/2022\/10\/JTom1_hp_sl_01_tb.png\" data-no-retina> \n\t\t\t\t\t\t\t<\/rs-layer><!--\n\n\t\t\t\t\t\t\t--><rs-layer\n\t\t\t\t\t\t\t\tid=\"slider-15-slide-25-layer-50\" \n\t\t\t\t\t\t\t\tdata-type=\"image\"\n\t\t\t\t\t\t\t\tdata-rsp_ch=\"on\"\n\t\t\t\t\t\t\t\tdata-xy=\"xo:767px;yo:563px;\"\n\t\t\t\t\t\t\t\tdata-text=\"w:normal;l:22;a:inherit;\"\n\t\t\t\t\t\t\t\tdata-dim=\"w:['79px','79px','79px','79px'];h:['166px','166px','166px','166px'];\"\n\t\t\t\t\t\t\t\tdata-frame_1=\"st:2400;sp:1190;sR:2400;\"\n\t\t\t\t\t\t\t\tdata-frame_999=\"o:0;st:w;sR:5410;\"\n\t\t\t\t\t\t\t\tstyle=\"z-index:13;\"\n\t\t\t\t\t\t\t><img src=\"\/\/jtom1.com\/wp-content\/plugins\/revslider\/public\/assets\/assets\/dummy.png\" alt=\"\" class=\"tp-rs-img rs-lazyload\" width=\"226\" height=\"476\" data-lazyload=\"\/\/jtom1.com\/wp-content\/uploads\/2022\/10\/JTom1_hp_sl_01_p.png\" data-no-retina> \n\t\t\t\t\t\t\t<\/rs-layer><!--\n\n\t\t\t\t\t\t\t--><rs-layer\n\t\t\t\t\t\t\t\tid=\"slider-15-slide-25-layer-52\" \n\t\t\t\t\t\t\t\tdata-type=\"text\"\n\t\t\t\t\t\t\t\tdata-color=\"#000000\"\n\t\t\t\t\t\t\t\tdata-rsp_ch=\"on\"\n\t\t\t\t\t\t\t\tdata-xy=\"xo:450px;yo:182px;\"\n\t\t\t\t\t\t\t\tdata-text=\"l:20;fw:500;a:inherit;\"\n\t\t\t\t\t\t\t\tdata-frame_1=\"st:3120;sp:760;sR:3120;\"\n\t\t\t\t\t\t\t\tdata-frame_999=\"o:0;st:w;sR:5120;\"\n\t\t\t\t\t\t\t\tstyle=\"z-index:14;font-family:'Open Sans';\"\n\t\t\t\t\t\t\t>\uc0ac\uc6a9\uc790 \uacbd\ud5d8 \uae30\ubc18\uc758 \ub514\uc790\uc778\uacfc \n\t\t\t\t\t\t\t<\/rs-layer><!--\n\n\t\t\t\t\t\t\t--><rs-layer\n\t\t\t\t\t\t\t\tid=\"slider-15-slide-25-layer-53\" \n\t\t\t\t\t\t\t\tdata-type=\"text\"\n\t\t\t\t\t\t\t\tdata-color=\"#000000\"\n\t\t\t\t\t\t\t\tdata-rsp_ch=\"on\"\n\t\t\t\t\t\t\t\tdata-xy=\"xo:359px;yo:212px;\"\n\t\t\t\t\t\t\t\tdata-text=\"l:20;fw:500;a:inherit;\"\n\t\t\t\t\t\t\t\tdata-frame_1=\"st:3120;sp:760;sR:3120;\"\n\t\t\t\t\t\t\t\tdata-frame_999=\"o:0;st:w;sR:5120;\"\n\t\t\t\t\t\t\t\tstyle=\"z-index:15;font-family:'Open Sans';\"\n\t\t\t\t\t\t\t>\uac01 \ube0c\ub77c\uc6b0\uc800\uc5d0 \ubc18\uc751\ud558\ub294 \uc6f9\uc0ac\uc774\ud2b8\ub97c \uc81c\uc791\ud569\ub2c8\ub2e4. \n\t\t\t\t\t\t\t<\/rs-layer><!--\n\n\t\t\t\t\t\t\t--><rs-layer\n\t\t\t\t\t\t\t\tid=\"slider-15-slide-25-layer-54\" \n\t\t\t\t\t\t\t\tdata-type=\"text\"\n\t\t\t\t\t\t\t\tdata-color=\"#000000\"\n\t\t\t\t\t\t\t\tdata-rsp_ch=\"on\"\n\t\t\t\t\t\t\t\tdata-xy=\"xo:902px;yo:256px;\"\n\t\t\t\t\t\t\t\tdata-text=\"s:60;l:50;fw:700;a:inherit;\"\n\t\t\t\t\t\t\t\tdata-dim=\"w:238px;\"\n\t\t\t\t\t\t\t\tdata-frame_1=\"st:3890;sp:520;sR:3890;\"\n\t\t\t\t\t\t\t\tdata-frame_999=\"o:0;st:w;sR:4590;\"\n\t\t\t\t\t\t\t\tstyle=\"z-index:16;font-family:'Roboto Condensed';\"\n\t\t\t\t\t\t\t>Creative\n \n\t\t\t\t\t\t\t<\/rs-layer><!--\n\n\t\t\t\t\t\t\t--><rs-layer\n\t\t\t\t\t\t\t\tid=\"slider-15-slide-25-layer-55\" \n\t\t\t\t\t\t\t\tdata-type=\"text\"\n\t\t\t\t\t\t\t\tdata-color=\"#000000\"\n\t\t\t\t\t\t\t\tdata-rsp_ch=\"on\"\n\t\t\t\t\t\t\t\tdata-xy=\"xo:901px;yo:319px;\"\n\t\t\t\t\t\t\t\tdata-text=\"s:60;l:50;fw:700;a:inherit;\"\n\t\t\t\t\t\t\t\tdata-frame_1=\"st:4250;sp:540;sR:4250;\"\n\t\t\t\t\t\t\t\tdata-frame_999=\"o:0;st:w;sR:4210;\"\n\t\t\t\t\t\t\t\tstyle=\"z-index:17;font-family:'Roboto Condensed';\"\n\t\t\t\t\t\t\t>Modern \n\t\t\t\t\t\t\t<\/rs-layer><!--\n\n\t\t\t\t\t\t\t--><rs-layer\n\t\t\t\t\t\t\t\tid=\"slider-15-slide-25-layer-56\" \n\t\t\t\t\t\t\t\tdata-type=\"text\"\n\t\t\t\t\t\t\t\tdata-color=\"#000000\"\n\t\t\t\t\t\t\t\tdata-rsp_ch=\"on\"\n\t\t\t\t\t\t\t\tdata-xy=\"xo:902px;yo:383px;\"\n\t\t\t\t\t\t\t\tdata-text=\"s:60;l:50;fw:700;a:inherit;\"\n\t\t\t\t\t\t\t\tdata-frame_1=\"st:4580;sp:610;sR:4580;\"\n\t\t\t\t\t\t\t\tdata-frame_999=\"o:0;st:w;sR:3810;\"\n\t\t\t\t\t\t\t\tstyle=\"z-index:18;font-family:'Roboto Condensed';\"\n\t\t\t\t\t\t\t>Website \n\t\t\t\t\t\t\t<\/rs-layer><!--\n-->\t\t\t\t\t\t<\/rs-slide>\n\t\t\t\t\t<\/rs-slides>\n\t\t\t\t<\/rs-module>\n\t\t\t\t<script>\n\t\t\t\t\tsetREVStartSize({c: 'rev_slider_15_1',rl:[1240,1240,778,480],el:[800,800,498,800],gw:[1250,1250,600,600],gh:[800,800,800,800],type:'hero',justify:'',layout:'fullscreen',offsetContainer:'',offset:'',mh:\"0\"});if (window.RS_MODULES!==undefined && window.RS_MODULES.modules!==undefined && window.RS_MODULES.modules[\"revslider151\"]!==undefined) {window.RS_MODULES.modules[\"revslider151\"].once = false;window.revapi15 = undefined;if (window.RS_MODULES.checkMinimal!==undefined) window.RS_MODULES.checkMinimal()}\n\t\t\t\t<\/script>\n\t\t\t<\/rs-module-wrap>\n\t\t\t<!-- END REVOLUTION SLIDER -->\n[\/vc_column][\/vc_row][vc_row type=\u00bbvc_default\u00bb margin_top=\u00bb-50&#8243; bg_type=\u00bbimage\u00bb parallax_style=\u00bbvcpb-vz-jquery\u00bb bg_image_new=\u00bbid^55373|url^https:\/\/jtom1.com\/wp-content\/uploads\/2022\/11\/bg_image_04.png|caption^null|alt^null|title^bg_image_04|description^null\u00bb bg_image_repeat=\u00bbno-repeat\u00bb bg_override=\u00bbex-full\u00bb css=\u00bb.vc_custom_1668662423904{padding-bottom: 5% !important;}\u00bb][vc_column offset=\u00bbvc_col-lg-12 vc_col-md-12&#8243; css=\u00bb.vc_custom_1526059587576{padding-top: 100px !important;padding-bottom: 20px !important;}\u00bb]<div class=\"ult-spacer spacer-69de1a0d240f0\" data-id=\"69de1a0d240f0\" data-height=\"160\" data-height-mobile=\"160\" data-height-tab=\"160\" data-height-tab-portrait=\"\" data-height-mobile-landscape=\"\" style=\"clear:both;display:block;\"><\/div><div id=\"ultimate-heading-765069de1a0d2413c\" class=\"uvc-heading ult-adjust-bottom-margin ultimate-heading-765069de1a0d2413c uvc-3729 accent-subtitle-color ffRC\" data-hspacer=\"no_spacer\"  data-halign=\"center\" style=\"text-align:center\"><div class=\"uvc-heading-spacer no_spacer\" style=\"top\"><\/div><div class=\"uvc-main-heading ult-responsive\"  data-ultimate-target='.uvc-heading.ultimate-heading-765069de1a0d2413c h2'  data-responsive-json-new='{\"font-size\":\"desktop:45px;mobile_landscape:30px;\",\"line-height\":\"desktop:50px;mobile_landscape:40px;\"}' ><h2 style=\"font-weight:bold;color:#ffffff;\">\u00c9STE<\/h2><\/div><div class=\"uvc-sub-heading ult-responsive\"  data-ultimate-target='.uvc-heading.ultimate-heading-765069de1a0d2413c .uvc-sub-heading '  data-responsive-json-new='{\"font-size\":\"desktop:32px;mobile_landscape:22px;\",\"line-height\":\"desktop:50px;mobile_landscape:32px;\"}'  style=\"font-family:&#039;Roboto&#039;;font-weight:normal;color:#ffffff;margin-bottom:25px;\">NUESTROS SERVICIOS<\/div><\/div>[\/vc_column][\/vc_row][vc_row margin_top=\u00bb100px\u00bb margin_bottom=\u00bb100px\u00bb css=\u00bb.vc_custom_1669869651685{margin-bottom: 100px !important;}\u00bb el_class=\u00bbseo_section1&#8243;][vc_column][vc_column_text css=\u00bb.vc_custom_1697429264321{margin-bottom: 20px !important;}\u00bb]<\/p>\n<h2 style=\"text-align: center;\">Optimizaci\u00f3n de motores de b\u00fasqueda (SEO)<\/h2>\n<p>[\/vc_column_text][vc_column_text css=\u00bb.vc_custom_1697429275341{margin-bottom: 30px !important;}\u00bb el_class=\u00bbsf_subCap\u00bb]<\/p>\n<p style=\"text-align: center;\">La optimizaci\u00f3n de motores de b\u00fasqueda aumenta el n\u00famero de oportunidades v\u00e1lidas debido a la mejora de la afluencia natural a la p\u00e1gina de inicio y aumenta la actividad de la p\u00e1gina de inicio. Dependiendo del impacto que tenga en la b\u00fasqueda, la clasificaci\u00f3n de b\u00fasqueda de su empresa fluctuar\u00e1, lo que tambi\u00e9n puede afectar a las ventas. Ganar la competencia por la exposici\u00f3n tambi\u00e9n tiene un gran impacto en su estrategia de monopolio en el mercado.<\/p>\n<p>[\/vc_column_text]<div class=\"ult-spacer spacer-69de1a0d2418b\" data-id=\"69de1a0d2418b\" data-height=\"30\" data-height-mobile=\"30\" data-height-tab=\"30\" data-height-tab-portrait=\"\" data-height-mobile-landscape=\"\" style=\"clear:both;display:block;\"><\/div>[vc_column_text css=\u00bb.vc_custom_1697429292149{margin-bottom: 30px !important;}\u00bb]<\/p>\n<h4 class=\"seo_subTit\">\u00bfPor qu\u00e9 necesitas hacer optimizaci\u00f3n de motores de b\u00fasqueda (SEO)?<\/h4>\n<p>[\/vc_column_text]<div class=\"ult-spacer spacer-69de1a0d241ba\" data-id=\"69de1a0d241ba\" data-height=\"15\" data-height-mobile=\"0\" data-height-tab=\"\" data-height-tab-portrait=\"\" data-height-mobile-landscape=\"\" style=\"clear:both;display:block;\"><\/div>[vc_column_text css=\u00bb.vc_custom_1697429796681{margin-bottom: 30px !important;}\u00bb]<\/p>\n<div class=\"seo_reasonBox\">\n<div class=\"seo_reasonCol1\">\n<div class=\"seo_reasonTit\">\n<h5>Mejorar las impresiones de los resultados de b\u00fasqueda<\/h5>\n<\/div>\n<div class=\"seo_reasonDes\">M\u00e1s del 90% de las b\u00fasquedas de palabras clave en los motores de b\u00fasqueda provienen de la primera p\u00e1gina, y es v\u00e1lido que se exponga dentro de las 3 p\u00e1ginas.<\/div>\n<\/div>\n<div class=\"seo_reasonCol2\">\n<div class=\"seo_reasonTit\">\n<h5>Aumente el tr\u00e1fico directo a trav\u00e9s de posiciones de exposici\u00f3n mejoradas<\/h5>\n<\/div>\n<div class=\"seo_reasonDes\">Si ves un aumento en el tr\u00e1fico de los resultados de b\u00fasqueda expuestos de forma natural, es m\u00e1s probable que te dirijan a una consulta v\u00e1lida.<\/div>\n<\/div>\n<\/div>\n<p>[\/vc_column_text]<div class=\"ult-spacer spacer-69de1a0d241e5\" data-id=\"69de1a0d241e5\" data-height=\"30\" data-height-mobile=\"30\" data-height-tab=\"30\" data-height-tab-portrait=\"\" data-height-mobile-landscape=\"\" style=\"clear:both;display:block;\"><\/div>[vc_column_text css=\u00bb.vc_custom_1669940852758{margin-bottom: 30px !important;}\u00bb]<\/p>\n<h4 class=\"seo_subTit\">\uac80\uc0c9\uc5d4\uc9c4 \ucd5c\uc801\ud654(SEO)\uc758 \uc9c4\ud589 \uacfc\uc815<\/h4>\n<p>[\/vc_column_text][vc_column_text css=\u00bb.vc_custom_1697429859991{margin-bottom: 30px !important;}\u00bb]<\/p>\n<div class=\"seo_reasonBox seo-process-box\">\n<div class=\"seo-process-img\"><img decoding=\"async\" loading=\"lazy\" class=\"aligncenter size-full wp-image-55573\" src=\"\/wp-content\/uploads\/2022\/12\/SEO_02_image.png\" alt=\"\" width=\"430\" height=\"430\" srcset=\"https:\/\/jtom1.com\/wp-content\/uploads\/2022\/12\/SEO_02_image.png 430w, https:\/\/jtom1.com\/wp-content\/uploads\/2022\/12\/SEO_02_image-300x300.png 300w, https:\/\/jtom1.com\/wp-content\/uploads\/2022\/12\/SEO_02_image-150x150.png 150w, https:\/\/jtom1.com\/wp-content\/uploads\/2022\/12\/SEO_02_image-200x200.png 200w\" sizes=\"(max-width: 430px) 100vw, 430px\" \/><\/div>\n<div class=\"seo-process-textBox\">\n<div class=\"seo-process-inneropt\"><strong class=\"inneropt-title\"><img decoding=\"async\" src=\"\/wp-content\/uploads\/2022\/12\/SEO_image_02_01.png\" \/>Optimizaci\u00f3n interna<\/strong><br \/>\nDiagnostique la p\u00e1gina de inicio para verificar las deficiencias, las metaetiquetas y las descripciones,<br \/>\nEl proceso de insertar palabras clave y similares dentro de la p\u00e1gina de inicio<\/div>\n<div class=\"seo-process-outteropt\"><strong class=\"outteropt-title\"><img decoding=\"async\" src=\"\/wp-content\/uploads\/2022\/12\/SEO_image_02_02.png\" \/>Optimizaci\u00f3n externa<\/strong><br \/>\nEnlaces a la p\u00e1gina de inicio, como medios web en l\u00ednea y backlinks, etc.<br \/>\nMejora tu posici\u00f3n en los rankings de b\u00fasqueda a trav\u00e9s de tu contenido<\/div>\n<\/div>\n<\/div>\n<p>[\/vc_column_text][vc_column_text css=\u00bb.vc_custom_1697429871432{margin-top: 50px !important;margin-bottom: 30px !important;}\u00bb]<\/p>\n<h4 class=\"seo_subTit\">Beneficios esperados de la optimizaci\u00f3n de motores de b\u00fasqueda (SEO)<\/h4>\n<p>[\/vc_column_text]<div class=\"ult-spacer spacer-69de1a0d2420f\" data-id=\"69de1a0d2420f\" data-height=\"30\" data-height-mobile=\"30\" data-height-tab=\"30\" data-height-tab-portrait=\"\" data-height-mobile-landscape=\"\" style=\"clear:both;display:block;\"><\/div>[vc_column_text css=\u00bb.vc_custom_1697429945392{margin-bottom: 60px !important;background-image: url(https:\/\/jtom1.com\/wp-content\/uploads\/2022\/12\/SEO_image_03.png?id=55535) !important;background-position: center !important;background-repeat: no-repeat !important;background-size: cover !important;}\u00bb el_class=\u00bbseo_subTit translation-effect\u00bb el_id=\u00bbseo-effect-desk\u00bb]<\/p>\n<div class=\"effect-textBox effect-textBox1\"><strong>A trav\u00e9s de la b\u00fasqueda de palabras clave<br \/>\nFortalecimiento de la accesibilidad corporativaDebido<\/strong> a la mejora de las posiciones de exposici\u00f3n en los motores de b\u00fasqueda,<br \/>\nAumentar la cantidad de entrada a la p\u00e1gina de inicio de la empresa<br \/>\nPuedes esperarlo con ansias.<\/div>\n<div class=\"effect-textBox effect-textBox2\"><strong>A trav\u00e9s de la b\u00fasqueda org\u00e1nica<br \/>\nReduzca los costos publicitarios con las impresiones principales, no con<\/strong> anuncios de palabras clave pagados<br \/>\nDinero publicitario a trav\u00e9s de la exposici\u00f3n natural<br \/>\nPuedes ahorrar dinero.<br \/>\nResultados de b\u00fasqueda m\u00e1s sostenibles<br \/>\nLa exposici\u00f3n es posible.<\/div>\n<div class=\"effect-textBox effect-textBox3\"><strong>Disponible para empresas interesadas en<br \/>\nAumentar la posibilidad de descubrir<\/strong> la consulta, no la afluencia debido a la publicidad,<br \/>\nNaturalmente introducido con inter\u00e9s<br \/>\nV\u00e1lido porque es tr\u00e1fico<br \/>\nSe puede convertir en una consulta.<\/div>\n<p>[\/vc_column_text][vc_column_text css=\u00bb.vc_custom_1697430076699{margin-bottom: 80px !important;background-image: url(https:\/\/jtom1.com\/wp-content\/uploads\/2022\/12\/SEO_image_03_mob.png?id=55565) !important;background-position: center !important;background-repeat: no-repeat !important;background-size: contain !important;}\u00bb el_class=\u00bbseo_subTit translation-effect\u00bb el_id=\u00bbseo-effect-mo\u00bb]<\/p>\n<div class=\"effect-textBox effect-textBox1\"><strong>A trav\u00e9s de la b\u00fasqueda de palabras clave<br \/>\nFortalecimiento de la accesibilidad corporativaDebido<\/strong> a la mejora de las posiciones de exposici\u00f3n en los motores de b\u00fasqueda,<br \/>\nAumentar la cantidad de entrada a la p\u00e1gina de inicio de la empresa<br \/>\n\u00a1Puedes esperarlo con ansias.<\/div>\n<div class=\"effect-textBox effect-textBox2\"><strong>A trav\u00e9s de la b\u00fasqueda org\u00e1nica<br \/>\nReduzca los costos publicitarios con las impresiones principales, no con<\/strong> anuncios de palabras clave pagados<br \/>\nDinero publicitario a trav\u00e9s de la exposici\u00f3n natural<br \/>\nPuedes ahorrar dinero.<br \/>\nResultados de b\u00fasqueda m\u00e1s sostenibles<br \/>\nLa exposici\u00f3n es posible.<\/div>\n<div class=\"effect-textBox effect-textBox3\"><strong>Disponible para empresas interesadas en<br \/>\nAumentar la posibilidad de descubrir<\/strong> la consulta, no la afluencia debido a la publicidad,<br \/>\nNaturalmente introducido con inter\u00e9s<br \/>\nV\u00e1lido porque es tr\u00e1fico<br \/>\nSe puede convertir en una consulta.<\/div>\n<p>[\/vc_column_text][vc_column_text css=\u00bb.vc_custom_1697430577387{background-image: url(https:\/\/jtom1.com\/wp-content\/uploads\/2022\/12\/SEO_image_04.png?id=55545) !important;background-position: 0 0 !important;background-repeat: no-repeat !important;}\u00bb el_class=\u00bbseo_subTit translation-effect-3line\u00bb el_id=\u00bbseo-effect-3line-desk\u00bb]<\/p>\n<div class=\"effect-line-textBox effect-line-textBox1\"><strong>Marketing de motores de b\u00fasqueda basado en medios web<\/strong> El equipo de contenido profesional crea contenido corporativo en ingl\u00e9s<br \/>\nPublicaci\u00f3n continua en la web online<br \/>\nRevisiones peri\u00f3dicas de las listas de medios<\/div>\n<div class=\"effect-line-textBox effect-line-textBox2\"><strong>Actualizaci\u00f3n de las tendencias de b\u00fasqueda utilizando redes globales y centros de TIConociendo<\/strong> la tecnolog\u00eda actualizada en l\u00ednea con los algoritmos de los motores de b\u00fasqueda continuamente actualizados<br \/>\nMantener las tendencias de optimizaci\u00f3n de motores de b\u00fasqueda utilizando el centro de TI<\/div>\n<div class=\"effect-line-textBox effect-line-textBox3\"><strong>Servicio de soporte cercano adaptado a las necesidades de la empresaRespuesta r\u00e1pida a las principales consultas de la empresa<\/strong><br \/>\nReflejar las solicitudes de los motores de b\u00fasqueda tanto como sea posible<\/div>\n<p>[\/vc_column_text][vc_column_text css=\u00bb.vc_custom_1697430635302{background-image: url(https:\/\/jtom1.com\/wp-content\/uploads\/2022\/12\/SEO_image_04_mob_03.png?id=55569) !important;background-position: center !important;background-repeat: no-repeat !important;background-size: cover !important;}\u00bb el_class=\u00bbseo_subTit translation-effect-3line\u00bb el_id=\u00bbseo-effect-3line-mo\u00bb]<\/p>\n<div class=\"effect-line-textBox effect-line-textBox1\"><strong>Marketing de motores de b\u00fasqueda basado en medios web<\/strong> El equipo de contenido profesional crea contenido corporativo en ingl\u00e9s<br \/>\nPublicaci\u00f3n continua en la web online<br \/>\nRevisiones peri\u00f3dicas de las listas de medios<\/div>\n<div class=\"effect-line-textBox effect-line-textBox2\"><strong>Actualizaci\u00f3n de las tendencias de b\u00fasqueda utilizando redes globales y centros de TIConociendo<\/strong> la tecnolog\u00eda actualizada en l\u00ednea con los algoritmos de los motores de b\u00fasqueda continuamente actualizados<br \/>\nMantener las tendencias de optimizaci\u00f3n de motores de b\u00fasqueda utilizando el centro de TI<\/div>\n<div class=\"effect-line-textBox effect-line-textBox3\"><strong>Servicio de soporte cercano adaptado a las necesidades de la empresaRespuesta r\u00e1pida a las principales consultas de la empresa<\/strong><br \/>\nReflejar las solicitudes de los motores de b\u00fasqueda tanto como sea posible<\/div>\n<p>[\/vc_column_text][vc_column_text css=\u00bb.vc_custom_1697430703485{margin-top: 50px !important;margin-bottom: 50px !important;}\u00bb]<\/p>\n<h4 class=\"seo_subTit\">Fortalezas del marketing en motores de b\u00fasqueda<\/h4>\n<p>[\/vc_column_text]<div class=\"ult-spacer spacer-69de1a0d24237\" data-id=\"69de1a0d24237\" data-height=\"15\" data-height-mobile=\"0\" data-height-tab=\"\" data-height-tab-portrait=\"\" data-height-mobile-landscape=\"\" style=\"clear:both;display:block;\"><\/div>[vc_column_text css=\u00bb.vc_custom_1697430765842{background-position: center !important;background-repeat: no-repeat !important;background-size: cover !important;}\u00bb]<\/p>\n<div class=\"seo_reasonBox marketing-advantage\">\n<div class=\"marketing-box marketing-box1\"><strong><span class=\"box-num box-num1\">01<\/span><\/strong><br \/>\nA trav\u00e9s del an\u00e1lisis de la p\u00e1gina de inicio<br \/>\nVea lo que se puede optimizar.<\/div>\n<div class=\"marketing-box marketing-box2\"><strong><span class=\"box-num box-num2\">02<\/span><\/strong><br \/>\nComprobar si hay mejoras aplicables, y<br \/>\nAdapta tu sitio web al estado<\/div>\n<div class=\"marketing-box marketing-box3\"><strong><span class=\"box-num box-num3\">03<\/span><\/strong><br \/>\nUtilizar activamente los medios web en el extranjero y<br \/>\nEn la direcci\u00f3n de enriquecer el contenido<br \/>\nMejorar tu web corporativa<\/div>\n<\/div>\n<p>[\/vc_column_text][\/vc_column][\/vc_row]<\/p>\n","protected":false},"excerpt":{"rendered":"<p>[vc_row type=\u00bbvc_default\u00bb bg_type=\u00bbgrad\u00bb bg_override=\u00bbex-full\u00bb css=\u00bb.vc_custom_1457088446751{margin-top: -120px !important;}\u00bb bg_grad=\u00bbbackground: -webkit-gradient(linear, left top, left bottom, color-stop(0%, #10192A), color-stop(99%, #070A10));background: -moz-linear-gradient(top,#10192A 0%,#070A10 99%);background: -webkit-linear-gradient(top,#10192A 0%,#070A10 99%);background: -o-linear-gradient(top,#10192A 0%,#070A10 99%);background: -ms-linear-gradient(top,#10192A 0%,#070A10 99%);background: linear-gradient(top,#10192A 0%,#070A10 99%);\u00bb][vc_column offset=\u00bbvc_hidden-lg vc_hidden-md vc_hidden-sm vc_hidden-xs\u00bb][\/vc_column][\/vc_row][vc_row type=\u00bbvc_default\u00bb margin_top=\u00bb-50&#8243; bg_type=\u00bbimage\u00bb parallax_style=\u00bbvcpb-vz-jquery\u00bb bg_image_new=\u00bbid^55373|url^https:\/\/jtom1.com\/wp-content\/uploads\/2022\/11\/bg_image_04.png|caption^null|alt^null|title^bg_image_04|description^null\u00bb bg_image_repeat=\u00bbno-repeat\u00bb bg_override=\u00bbex-full\u00bb css=\u00bb.vc_custom_1668662423904{padding-bottom: 5% !important;}\u00bb][vc_column offset=\u00bbvc_col-lg-12 vc_col-md-12&#8243; css=\u00bb.vc_custom_1526059587576{padding-top: 100px !important;padding-bottom: 20px !important;}\u00bb][\/vc_column][\/vc_row][vc_row margin_top=\u00bb100px\u00bb margin_bottom=\u00bb100px\u00bb&hellip;<\/p>\n","protected":false},"author":1,"featured_media":0,"parent":0,"menu_order":0,"comment_status":"closed","ping_status":"closed","template":"template-microsite.php","meta":{"_exactmetrics_skip_tracking":false,"_exactmetrics_sitenote_active":false,"_exactmetrics_sitenote_note":"","_exactmetrics_sitenote_category":0,"jetpack_post_was_ever_published":false},"acf":[],"jetpack_sharing_enabled":true,"jetpack_shortlink":"https:\/\/wp.me\/PaJHB8-eQ1","_links":{"self":[{"href":"https:\/\/jtom1.com\/es\/wp-json\/wp\/v2\/pages\/57041"}],"collection":[{"href":"https:\/\/jtom1.com\/es\/wp-json\/wp\/v2\/pages"}],"about":[{"href":"https:\/\/jtom1.com\/es\/wp-json\/wp\/v2\/types\/page"}],"author":[{"embeddable":true,"href":"https:\/\/jtom1.com\/es\/wp-json\/wp\/v2\/users\/1"}],"replies":[{"embeddable":true,"href":"https:\/\/jtom1.com\/es\/wp-json\/wp\/v2\/comments?post=57041"}],"version-history":[{"count":2,"href":"https:\/\/jtom1.com\/es\/wp-json\/wp\/v2\/pages\/57041\/revisions"}],"predecessor-version":[{"id":58436,"href":"https:\/\/jtom1.com\/es\/wp-json\/wp\/v2\/pages\/57041\/revisions\/58436"}],"wp:attachment":[{"href":"https:\/\/jtom1.com\/es\/wp-json\/wp\/v2\/media?parent=57041"}],"curies":[{"name":"wp","href":"https:\/\/api.w.org\/{rel}","templated":true}]}}