{"id":57006,"date":"2022-09-14T02:24:59","date_gmt":"2022-09-13T17:24:59","guid":{"rendered":"https:\/\/jtom1.com\/smartfactory\/"},"modified":"2023-10-17T14:25:18","modified_gmt":"2023-10-17T05:25:18","slug":"smartfactory","status":"publish","type":"page","link":"https:\/\/jtom1.com\/es\/smartfactory\/","title":{"rendered":"\uc2a4\ub9c8\ud2b8\ud329\ud1a0\ub9ac"},"content":{"rendered":"<p>[vc_row type=\u00bbvc_default\u00bb bg_type=\u00bbgrad\u00bb bg_override=\u00bbex-full\u00bb css=\u00bb.vc_custom_1457088446751{margin-top: -120px !important;}\u00bb bg_grad=\u00bbbackground: -webkit-gradient(linear, left top, left bottom, color-stop(0%, #10192A), color-stop(99%, #070A10));background: -moz-linear-gradient(top,#10192A 0%,#070A10 99%);background: -webkit-linear-gradient(top,#10192A 0%,#070A10 99%);background: -o-linear-gradient(top,#10192A 0%,#070A10 99%);background: -ms-linear-gradient(top,#10192A 0%,#070A10 99%);background: linear-gradient(top,#10192A 0%,#070A10 99%);\u00bb][vc_column offset=\u00bbvc_hidden-lg vc_hidden-md vc_hidden-sm vc_hidden-xs\u00bb]\n\t\t\t<!-- START website REVOLUTION SLIDER 6.6.20 --><p class=\"rs-p-wp-fix\"><\/p>\n\t\t\t<rs-module-wrap id=\"rev_slider_15_1_wrapper\" data-source=\"gallery\" style=\"visibility:hidden;background:#FFFFFF;padding:0;\">\n\t\t\t\t<rs-module id=\"rev_slider_15_1\" style=\"\" data-version=\"6.6.20\">\n\t\t\t\t\t<rs-slides style=\"overflow: hidden; position: absolute;\">\n\t\t\t\t\t\t<rs-slide style=\"position: absolute;\" data-key=\"rs-25\" data-title=\"Slide\" data-anim=\"adpr:false;\" data-in=\"o:0;\" data-out=\"a:false;\">\n\t\t\t\t\t\t\t<img src=\"\/\/jtom1.com\/wp-content\/plugins\/revslider\/public\/assets\/assets\/dummy.png\" alt=\"\" title=\"\uc2a4\ub9c8\ud2b8\ud329\ud1a0\ub9ac\" class=\"rev-slidebg tp-rs-img rs-lazyload\" data-lazyload=\"\/\/homejtom1.mycafe24.com\/wp-content\/uploads\/2019\/02\/JTom1_hp_sl_01_bg_01.jpg\" data-parallax=\"off\" data-no-retina>\n<!--\n\t\t\t\t\t\t\t--><a\n\t\t\t\t\t\t\t\tid=\"slider-15-slide-25-layer-36\" \n\t\t\t\t\t\t\t\tclass=\"rs-layer dt-product-link\"\n\t\t\t\t\t\t\t\thref=\"\/portfolio\/\" target=\"_self\"\n\t\t\t\t\t\t\t\tdata-type=\"text\"\n\t\t\t\t\t\t\t\tdata-color=\"#000000||#000000||rgba(1, 136, 204, 1)||rgba(1, 136, 204, 1)\"\n\t\t\t\t\t\t\t\tdata-rsp_ch=\"on\"\n\t\t\t\t\t\t\t\tdata-xy=\"x:l,l,c,c;xo:904px,904px,-77px,-77px;y:m,m,t,t;yo:75px,75px,484px,484px;\"\n\t\t\t\t\t\t\t\tdata-text=\"w:normal;s:20,20,22,24;l:28,28,22,24;\"\n\t\t\t\t\t\t\t\tdata-dim=\"w:160px;\"\n\t\t\t\t\t\t\t\tdata-frame_1=\"e:power2.inOut;st:4760;sp:900;sR:4760;\"\n\t\t\t\t\t\t\t\tdata-frame_999=\"o:0;e:nothing;st:w;sR:3340;\"\n\t\t\t\t\t\t\t\tdata-frame_hover=\"c:#fff;oX:50;oY:50;sp:0;e:none;\"\n\t\t\t\t\t\t\t\tstyle=\"z-index:7;font-family:'Roboto Condensed';text-decoration:none;\"\n\t\t\t\t\t\t\t>Explore <i class=\"fa fa-angle-right\"><\/i> \n\t\t\t\t\t\t\t<\/a><!--\n\n\t\t\t\t\t\t\t--><rs-layer\n\t\t\t\t\t\t\t\tid=\"slider-15-slide-25-layer-47\" \n\t\t\t\t\t\t\t\tdata-type=\"image\"\n\t\t\t\t\t\t\t\tdata-rsp_ch=\"on\"\n\t\t\t\t\t\t\t\tdata-xy=\"xo:-51px;yo:416px;\"\n\t\t\t\t\t\t\t\tdata-text=\"l:22;a:inherit;\"\n\t\t\t\t\t\t\t\tdata-dim=\"w:['542px','542px','542px','542px'];h:['349px','349px','349px','349px'];\"\n\t\t\t\t\t\t\t\tdata-frame_1=\"st:870;sp:1700;sR:870;\"\n\t\t\t\t\t\t\t\tdata-frame_999=\"o:0;st:w;sR:6430;\"\n\t\t\t\t\t\t\t\tstyle=\"z-index:10;\"\n\t\t\t\t\t\t\t><img src=\"\/\/jtom1.com\/wp-content\/plugins\/revslider\/public\/assets\/assets\/dummy.png\" alt=\"\" class=\"tp-rs-img rs-lazyload\" width=\"811\" height=\"522\" data-lazyload=\"\/\/jtom1.com\/wp-content\/uploads\/2022\/10\/JTom1_hp_sl_01_ntb.png\" data-no-retina> \n\t\t\t\t\t\t\t<\/rs-layer><!--\n\n\t\t\t\t\t\t\t--><rs-layer\n\t\t\t\t\t\t\t\tid=\"slider-15-slide-25-layer-48\" \n\t\t\t\t\t\t\t\tdata-type=\"image\"\n\t\t\t\t\t\t\t\tdata-rsp_ch=\"on\"\n\t\t\t\t\t\t\t\tdata-xy=\"xo:281px;yo:250px;\"\n\t\t\t\t\t\t\t\tdata-text=\"l:22;a:inherit;\"\n\t\t\t\t\t\t\t\tdata-dim=\"w:['621px','621px','621px','621px'];h:['552px','552px','552px','552px'];\"\n\t\t\t\t\t\t\t\tdata-frame_1=\"st:1460;sp:1550;sR:1460;\"\n\t\t\t\t\t\t\t\tdata-frame_999=\"o:0;st:w;sR:5990;\"\n\t\t\t\t\t\t\t\tstyle=\"z-index:11;\"\n\t\t\t\t\t\t\t><img src=\"\/\/jtom1.com\/wp-content\/plugins\/revslider\/public\/assets\/assets\/dummy.png\" alt=\"\" class=\"tp-rs-img rs-lazyload\" width=\"916\" height=\"814\" data-lazyload=\"\/\/jtom1.com\/wp-content\/uploads\/2022\/10\/JTom1_hp_sl_01_m.png\" data-no-retina> \n\t\t\t\t\t\t\t<\/rs-layer><!--\n\n\t\t\t\t\t\t\t--><rs-layer\n\t\t\t\t\t\t\t\tid=\"slider-15-slide-25-layer-49\" \n\t\t\t\t\t\t\t\tdata-type=\"image\"\n\t\t\t\t\t\t\t\tdata-rsp_ch=\"on\"\n\t\t\t\t\t\t\t\tdata-xy=\"xo:805px;yo:514px;\"\n\t\t\t\t\t\t\t\tdata-text=\"w:normal;l:22;a:inherit;\"\n\t\t\t\t\t\t\t\tdata-dim=\"w:['305px','305px','305px','305px'];h:['213px','213px','213px','213px'];\"\n\t\t\t\t\t\t\t\tdata-frame_1=\"st:1990;sp:1250;sR:1990;\"\n\t\t\t\t\t\t\t\tdata-frame_999=\"o:0;st:w;sR:5760;\"\n\t\t\t\t\t\t\t\tstyle=\"z-index:12;\"\n\t\t\t\t\t\t\t><img src=\"\/\/jtom1.com\/wp-content\/plugins\/revslider\/public\/assets\/assets\/dummy.png\" alt=\"\" class=\"tp-rs-img rs-lazyload\" width=\"510\" height=\"356\" data-lazyload=\"\/\/jtom1.com\/wp-content\/uploads\/2022\/10\/JTom1_hp_sl_01_tb.png\" data-no-retina> \n\t\t\t\t\t\t\t<\/rs-layer><!--\n\n\t\t\t\t\t\t\t--><rs-layer\n\t\t\t\t\t\t\t\tid=\"slider-15-slide-25-layer-50\" \n\t\t\t\t\t\t\t\tdata-type=\"image\"\n\t\t\t\t\t\t\t\tdata-rsp_ch=\"on\"\n\t\t\t\t\t\t\t\tdata-xy=\"xo:767px;yo:563px;\"\n\t\t\t\t\t\t\t\tdata-text=\"w:normal;l:22;a:inherit;\"\n\t\t\t\t\t\t\t\tdata-dim=\"w:['79px','79px','79px','79px'];h:['166px','166px','166px','166px'];\"\n\t\t\t\t\t\t\t\tdata-frame_1=\"st:2400;sp:1190;sR:2400;\"\n\t\t\t\t\t\t\t\tdata-frame_999=\"o:0;st:w;sR:5410;\"\n\t\t\t\t\t\t\t\tstyle=\"z-index:13;\"\n\t\t\t\t\t\t\t><img src=\"\/\/jtom1.com\/wp-content\/plugins\/revslider\/public\/assets\/assets\/dummy.png\" alt=\"\" class=\"tp-rs-img rs-lazyload\" width=\"226\" height=\"476\" data-lazyload=\"\/\/jtom1.com\/wp-content\/uploads\/2022\/10\/JTom1_hp_sl_01_p.png\" data-no-retina> \n\t\t\t\t\t\t\t<\/rs-layer><!--\n\n\t\t\t\t\t\t\t--><rs-layer\n\t\t\t\t\t\t\t\tid=\"slider-15-slide-25-layer-52\" \n\t\t\t\t\t\t\t\tdata-type=\"text\"\n\t\t\t\t\t\t\t\tdata-color=\"#000000\"\n\t\t\t\t\t\t\t\tdata-rsp_ch=\"on\"\n\t\t\t\t\t\t\t\tdata-xy=\"xo:450px;yo:182px;\"\n\t\t\t\t\t\t\t\tdata-text=\"l:20;fw:500;a:inherit;\"\n\t\t\t\t\t\t\t\tdata-frame_1=\"st:3120;sp:760;sR:3120;\"\n\t\t\t\t\t\t\t\tdata-frame_999=\"o:0;st:w;sR:5120;\"\n\t\t\t\t\t\t\t\tstyle=\"z-index:14;font-family:'Open Sans';\"\n\t\t\t\t\t\t\t>\uc0ac\uc6a9\uc790 \uacbd\ud5d8 \uae30\ubc18\uc758 \ub514\uc790\uc778\uacfc \n\t\t\t\t\t\t\t<\/rs-layer><!--\n\n\t\t\t\t\t\t\t--><rs-layer\n\t\t\t\t\t\t\t\tid=\"slider-15-slide-25-layer-53\" \n\t\t\t\t\t\t\t\tdata-type=\"text\"\n\t\t\t\t\t\t\t\tdata-color=\"#000000\"\n\t\t\t\t\t\t\t\tdata-rsp_ch=\"on\"\n\t\t\t\t\t\t\t\tdata-xy=\"xo:359px;yo:212px;\"\n\t\t\t\t\t\t\t\tdata-text=\"l:20;fw:500;a:inherit;\"\n\t\t\t\t\t\t\t\tdata-frame_1=\"st:3120;sp:760;sR:3120;\"\n\t\t\t\t\t\t\t\tdata-frame_999=\"o:0;st:w;sR:5120;\"\n\t\t\t\t\t\t\t\tstyle=\"z-index:15;font-family:'Open Sans';\"\n\t\t\t\t\t\t\t>\uac01 \ube0c\ub77c\uc6b0\uc800\uc5d0 \ubc18\uc751\ud558\ub294 \uc6f9\uc0ac\uc774\ud2b8\ub97c \uc81c\uc791\ud569\ub2c8\ub2e4. \n\t\t\t\t\t\t\t<\/rs-layer><!--\n\n\t\t\t\t\t\t\t--><rs-layer\n\t\t\t\t\t\t\t\tid=\"slider-15-slide-25-layer-54\" \n\t\t\t\t\t\t\t\tdata-type=\"text\"\n\t\t\t\t\t\t\t\tdata-color=\"#000000\"\n\t\t\t\t\t\t\t\tdata-rsp_ch=\"on\"\n\t\t\t\t\t\t\t\tdata-xy=\"xo:902px;yo:256px;\"\n\t\t\t\t\t\t\t\tdata-text=\"s:60;l:50;fw:700;a:inherit;\"\n\t\t\t\t\t\t\t\tdata-dim=\"w:238px;\"\n\t\t\t\t\t\t\t\tdata-frame_1=\"st:3890;sp:520;sR:3890;\"\n\t\t\t\t\t\t\t\tdata-frame_999=\"o:0;st:w;sR:4590;\"\n\t\t\t\t\t\t\t\tstyle=\"z-index:16;font-family:'Roboto Condensed';\"\n\t\t\t\t\t\t\t>Creative\n \n\t\t\t\t\t\t\t<\/rs-layer><!--\n\n\t\t\t\t\t\t\t--><rs-layer\n\t\t\t\t\t\t\t\tid=\"slider-15-slide-25-layer-55\" \n\t\t\t\t\t\t\t\tdata-type=\"text\"\n\t\t\t\t\t\t\t\tdata-color=\"#000000\"\n\t\t\t\t\t\t\t\tdata-rsp_ch=\"on\"\n\t\t\t\t\t\t\t\tdata-xy=\"xo:901px;yo:319px;\"\n\t\t\t\t\t\t\t\tdata-text=\"s:60;l:50;fw:700;a:inherit;\"\n\t\t\t\t\t\t\t\tdata-frame_1=\"st:4250;sp:540;sR:4250;\"\n\t\t\t\t\t\t\t\tdata-frame_999=\"o:0;st:w;sR:4210;\"\n\t\t\t\t\t\t\t\tstyle=\"z-index:17;font-family:'Roboto Condensed';\"\n\t\t\t\t\t\t\t>Modern \n\t\t\t\t\t\t\t<\/rs-layer><!--\n\n\t\t\t\t\t\t\t--><rs-layer\n\t\t\t\t\t\t\t\tid=\"slider-15-slide-25-layer-56\" \n\t\t\t\t\t\t\t\tdata-type=\"text\"\n\t\t\t\t\t\t\t\tdata-color=\"#000000\"\n\t\t\t\t\t\t\t\tdata-rsp_ch=\"on\"\n\t\t\t\t\t\t\t\tdata-xy=\"xo:902px;yo:383px;\"\n\t\t\t\t\t\t\t\tdata-text=\"s:60;l:50;fw:700;a:inherit;\"\n\t\t\t\t\t\t\t\tdata-frame_1=\"st:4580;sp:610;sR:4580;\"\n\t\t\t\t\t\t\t\tdata-frame_999=\"o:0;st:w;sR:3810;\"\n\t\t\t\t\t\t\t\tstyle=\"z-index:18;font-family:'Roboto Condensed';\"\n\t\t\t\t\t\t\t>Website \n\t\t\t\t\t\t\t<\/rs-layer><!--\n-->\t\t\t\t\t\t<\/rs-slide>\n\t\t\t\t\t<\/rs-slides>\n\t\t\t\t<\/rs-module>\n\t\t\t\t<script>\n\t\t\t\t\tsetREVStartSize({c: 'rev_slider_15_1',rl:[1240,1240,778,480],el:[800,800,498,800],gw:[1250,1250,600,600],gh:[800,800,800,800],type:'hero',justify:'',layout:'fullscreen',offsetContainer:'',offset:'',mh:\"0\"});if (window.RS_MODULES!==undefined && window.RS_MODULES.modules!==undefined && window.RS_MODULES.modules[\"revslider151\"]!==undefined) {window.RS_MODULES.modules[\"revslider151\"].once = false;window.revapi15 = undefined;if (window.RS_MODULES.checkMinimal!==undefined) window.RS_MODULES.checkMinimal()}\n\t\t\t\t<\/script>\n\t\t\t<\/rs-module-wrap>\n\t\t\t<!-- END REVOLUTION SLIDER -->\n[\/vc_column][\/vc_row][vc_row type=\u00bbvc_default\u00bb margin_top=\u00bb-50&#8243; bg_type=\u00bbimage\u00bb parallax_style=\u00bbvcpb-vz-jquery\u00bb bg_image_new=\u00bbid^55373|url^https:\/\/jtom1.com\/wp-content\/uploads\/2022\/11\/bg_image_04.png|caption^null|alt^null|title^bg_image_04|description^null\u00bb bg_image_repeat=\u00bbno-repeat\u00bb bg_override=\u00bbex-full\u00bb css=\u00bb.vc_custom_1669011262087{padding-bottom: 5% !important;}\u00bb][vc_column offset=\u00bbvc_col-lg-12 vc_col-md-12&#8243; css=\u00bb.vc_custom_1526059587576{padding-top: 100px !important;padding-bottom: 20px !important;}\u00bb]<div class=\"ult-spacer spacer-69dc30ab187f0\" data-id=\"69dc30ab187f0\" data-height=\"160\" data-height-mobile=\"160\" data-height-tab=\"160\" data-height-tab-portrait=\"\" data-height-mobile-landscape=\"\" style=\"clear:both;display:block;\"><\/div><div id=\"ultimate-heading-267169dc30ab1884d\" class=\"uvc-heading ult-adjust-bottom-margin ultimate-heading-267169dc30ab1884d uvc-1604 accent-subtitle-color ffRC\" data-hspacer=\"no_spacer\"  data-halign=\"center\" style=\"text-align:center\"><div class=\"uvc-heading-spacer no_spacer\" style=\"top\"><\/div><div class=\"uvc-main-heading ult-responsive\"  data-ultimate-target='.uvc-heading.ultimate-heading-267169dc30ab1884d h2'  data-responsive-json-new='{\"font-size\":\"desktop:45px;mobile_landscape:30px;\",\"line-height\":\"desktop:50px;mobile_landscape:40px;\"}' ><h2 style=\"font-weight:bold;color:#ffffff;\">F\u00e1brica inteligente<\/h2><\/div><div class=\"uvc-sub-heading ult-responsive\"  data-ultimate-target='.uvc-heading.ultimate-heading-267169dc30ab1884d .uvc-sub-heading '  data-responsive-json-new='{\"font-size\":\"desktop:32px;mobile_landscape:22px;\",\"line-height\":\"desktop:50px;mobile_landscape:32px;\"}'  style=\"font-family:&#039;Roboto&#039;;font-weight:normal;color:#ffffff;margin-bottom:25px;\">NUESTROS SERVICIOS<\/div><\/div>[\/vc_column][\/vc_row][vc_row margin_top=\u00bb100px\u00bb margin_bottom=\u00bb100px\u00bb css=\u00bb.vc_custom_1669014714641{margin-bottom: 100px !important;}\u00bb el_class=\u00bbsf_section1&#8243;][vc_column][vc_column_text css=\u00bb.vc_custom_1697434632882{margin-bottom: 30px !important;}\u00bb]<\/p>\n<h2 style=\"text-align: center;\">Desarrollo del proyecto &#8216;Smart Factory&#8217;, apoyado por el gobierno<\/h2>\n<p>[\/vc_column_text][vc_column_text css=\u00bb.vc_custom_1697434644338{margin-bottom: 30px !important;}\u00bb el_class=\u00bbsf_subCap\u00bb]<\/p>\n<p style=\"text-align: center;\">La f\u00e1brica inteligente se refiere a una f\u00e1brica inteligente, de alta tecnolog\u00eda y centrada en el ser humano que integra todos los procesos de producci\u00f3n, desde la planificaci\u00f3n del producto hasta las ventas, con la tecnolog\u00eda TIC (informaci\u00f3n y comunicaci\u00f3n) para producir productos personalizados al m\u00ednimo costo y tiempo.<br \/>\nJ TOMORROW ONE proporciona una direcci\u00f3n para que los clientes corporativos realicen una f\u00e1brica inteligente perfecta junto con proyectos de apoyo gubernamental.<\/p>\n<p>[\/vc_column_text][vc_column_text css=\u00bb.vc_custom_1697511420636{margin-bottom: 30px !important;}\u00bb]<\/p>\n<h4 class=\"sf_intro\">Cada proceso de fabricaci\u00f3n se vuelve m\u00e1s inteligente.<\/h4>\n<p>[\/vc_column_text][vc_single_image image=\u00bb58804&#8243; img_size=\u00bbfull\u00bb alignment=\u00bbcenter\u00bb][vc_column_text css=\u00bb.vc_custom_1697434666173{margin-bottom: 30px !important;}\u00bb]<\/p>\n<div class=\"sf_intro_txt1\">\n<div>En el espacio virtual<br \/>\nSimulaci\u00f3n de preproducci\u00f3n<\/div>\n<div>Instalaci\u00f3n-Material-Sistema<br \/>\nIntercambio de informaci\u00f3n en tiempo real<\/div>\n<div>En l\u00ednea con el estado actual de la producci\u00f3n<br \/>\nPedidos autom\u00e1ticos en tiempo real<\/div>\n<\/div>\n<p>[\/vc_column_text][vc_column_text css=\u00bb.vc_custom_1697434691896{margin-bottom: 30px !important;}\u00bb]<\/p>\n<div class=\"sf_intro_txt2\">\n<div>acortando el plazo,<br \/>\nDesarrollo de productos a medida<\/div>\n<div>Producci\u00f3n en masa multivariedad,<br \/>\nRepensar la eficiencia de los equipos energ\u00e9ticos<\/div>\n<div>Reducci\u00f3n de los costes de inventario,<br \/>\nCooperaci\u00f3n en todos los campos, como la calidad y la log\u00edstica<\/div>\n<\/div>\n<p>[\/vc_column_text][\/vc_column][\/vc_row][vc_row margin_top=\u00bb100px\u00bb margin_bottom=\u00bb100px\u00bb css=\u00bb.vc_custom_1669014724652{margin-bottom: 100px !important;}\u00bb el_class=\u00bbsf_section2&#8243;][vc_column][vc_column_text css=\u00bb.vc_custom_1697434708533{margin-bottom: 30px !important;}\u00bb]<\/p>\n<h2 style=\"text-align: center;\">Conectando f\u00e1bricas inteligentes para la innovaci\u00f3n en la fabricaci\u00f3n<\/h2>\n<p>[\/vc_column_text][vc_column_text css=\u00bb.vc_custom_1697435052015{margin-bottom: 30px !important;}\u00bb el_class=\u00bbsf_subCap\u00bb]<\/p>\n<p style=\"text-align: center;\">Las f\u00e1bricas inteligentes deben ser capaces de captar con precisi\u00f3n el flujo de datos generados en el sitio de fabricaci\u00f3n basado en ERP.<br \/>\nSi conecta aqu\u00ed varias soluciones necesarias para las f\u00e1bricas inteligentes, se har\u00e1 realidad la f\u00e1brica inteligente que quieren las empresas y comenzar\u00e1 el primer paso para la innovaci\u00f3n en la fabricaci\u00f3n. J-TOMORROW ONE conecta el futuro para una f\u00e1brica inteligente perfecta.<\/p>\n<p>[\/vc_column_text][vc_single_image image=\u00bb58782&#8243; img_size=\u00bbfull\u00bb alignment=\u00bbcenter\u00bb][\/vc_column][\/vc_row][vc_row margin_top=\u00bb100px\u00bb margin_bottom=\u00bb100px\u00bb css=\u00bb.vc_custom_1669014745342{margin-bottom: 100px !important;}\u00bb el_class=\u00bbsf_section3&#8243;][vc_column][vc_column_text css=\u00bb.vc_custom_1697435616806{margin-bottom: 30px !important;}\u00bb]<\/p>\n<h2 style=\"text-align: center;\">Se puede construir paso a paso seg\u00fan el tama\u00f1o de la empresa<\/h2>\n<p>[\/vc_column_text][vc_column_text css=\u00bb.vc_custom_1697435629598{margin-bottom: 30px !important;}\u00bb el_class=\u00bbsf_subCap\u00bb]<\/p>\n<p style=\"text-align: center;\">La etapa de soporte de la f\u00e1brica inteligente le permite seleccionar el nivel y la funci\u00f3n adecuados de acuerdo con las circunstancias de la empresa, y permite la implementaci\u00f3n gradual en consecuencia.<br \/>\nLas peque\u00f1as y medianas empresas est\u00e1n construyendo cimientos que facilitan el inicio a un costo relativamente bajo, y est\u00e1n contentas con los resultados que han superado las expectativas.<br \/>\nIncluso en la etapa b\u00e1sica de una f\u00e1brica inteligente, es posible agregar y administrar inmediatamente los productos producidos en tiempo real, e incluso administrar el historial de materiales (seguimiento de lotes).<\/p>\n<p>[\/vc_column_text][vc_column_text css=\u00bb.vc_custom_1697435930588{margin-bottom: 30px !important;}\u00bb el_class=\u00bbsf_stageTab\u00bb]<\/p>\n<table id=\"factory_tab\">\n<thead>\n<tr>\n<th>categor\u00eda<\/th>\n<th>Automatizaci\u00f3n in situ<\/th>\n<th>Operaci\u00f3n de f\u00e1brica<\/th>\n<th>Gesti\u00f3n de Recursos Corporativos<\/th>\n<th>Desarrollo de productos<\/th>\n<th>Gesti\u00f3n de la cadena de suministro<\/th>\n<\/tr>\n<\/thead>\n<tbody>\n<tr>\n<td class=\"fac_fc\" rowspan=\"2\">altura<\/td>\n<td colspan=\"4\">CPS basado en IoT\/IoS<\/td>\n<td rowspan=\"2\">En el espacio de Internet<br \/>\nNegocio<br \/>\nColaboraci\u00f3n en la red de CPS<\/td>\n<\/tr>\n<tr>\n<td>IoT\/IoS<\/td>\n<td colspan=\"3\">Diagn\u00f3stico y operaci\u00f3n de IoT\/IoS (modularizaci\u00f3n) basada en big data<\/td>\n<\/tr>\n<tr>\n<td class=\"fac_fc\">Medio2<\/td>\n<td>Automatizaci\u00f3n del control de instalaciones<\/td>\n<td>Control de f\u00e1brica en tiempo real<\/td>\n<td>Consolidaci\u00f3n de las operaciones de la f\u00e1brica<\/td>\n<td>Simulaci\u00f3n y lote<br \/>\nAutomatizaci\u00f3n de procesos<\/td>\n<td>Colaboraci\u00f3n para el desarrollo de m\u00faltiples variedades<\/td>\n<\/tr>\n<tr>\n<td class=\"fac_fc\">Medio1<\/td>\n<td>Agregaci\u00f3n autom\u00e1tica de datos de instalaciones<\/td>\n<td>Toma de decisiones en tiempo real<\/td>\n<td>Integraci\u00f3n multifuncional<\/td>\n<td>Generar informaci\u00f3n t\u00e9cnica<br \/>\nAutomatizaci\u00f3n y colaboraci\u00f3n<\/td>\n<td>Colaboraci\u00f3n en la producci\u00f3n de m\u00faltiples variedades<\/td>\n<\/tr>\n<tr>\n<td class=\"fac_fc\">\uae30\ucd08<\/td>\n<td>Automatice la agregaci\u00f3n de rendimiento<\/td>\n<td>Gesti\u00f3n de Log\u00edstica de Procesos (POP)<\/td>\n<td>Centrado en la gesti\u00f3n<br \/>\nFuncionamiento individual funcional<\/td>\n<td>A trav\u00e9s del servidor<br \/>\nGesti\u00f3n T\u00e9cnica\/de Entregas<\/td>\n<td>Dependencia de una empresa matriz \u00fanica<\/td>\n<\/tr>\n<tr>\n<td class=\"fac_fc\">Sin TIC<\/td>\n<td>Trabajo manual<\/td>\n<td>Trabajo manual<\/td>\n<td>Trabajo manual<\/td>\n<td>Trabajo manual<\/td>\n<td>Colaboraci\u00f3n telef\u00f3nica y por correo electr\u00f3nico<\/td>\n<\/tr>\n<\/tbody>\n<\/table>\n<p>[\/vc_column_text][\/vc_column][\/vc_row][vc_row margin_top=\u00bb100px\u00bb css=\u00bb.vc_custom_1669270896511{margin-bottom: 100px !important;}\u00bb el_class=\u00bbsf_section4&#8243;][vc_column][vc_column_text css=\u00bb.vc_custom_1697435951324{margin-bottom: 30px !important;}\u00bb]<\/p>\n<h2 style=\"text-align: center;\">De una f\u00e1brica inteligente a una f\u00e1brica inteligente<\/h2>\n<p>[\/vc_column_text][vc_column_text css=\u00bb.vc_custom_1697436007462{margin-bottom: 30px !important;}\u00bb el_class=\u00bbsf_subCap\u00bb]<\/p>\n<h3 style=\"text-align: center;\">(1) Necesidad de introducir un sistema de referencia<\/h3>\n<p style=\"text-align: center;\">Con la introducci\u00f3n del ERP para f\u00e1bricas inteligentes, el entorno del sistema de informaci\u00f3n de gesti\u00f3n de las empresas ser\u00e1 muy diferente al existente. Un sistema ERP inteligente es el mejor<br \/>\nTienes que ser capaz de contribuir a la toma de decisiones. Es imperativo integrar tareas dispersas y establecer datos de acuerdo con reglas y est\u00e1ndares. Esto le permite utilizar el futuro<br \/>\nPuede acercarse a una f\u00e1brica superinteligente.<\/p>\n<p>[\/vc_column_text][vc_column_text css=\u00bb.vc_custom_1697511130052{margin-bottom: 30px !important;}\u00bb]<\/p>\n<div class=\"sf_changeBox1\">\n<div class=\"changeTit1\">\n<h4>AS-IS<\/h4>\n<ul>\n<li><img decoding=\"async\" loading=\"lazy\" class=\"aligncenter size-full wp-image-58789\" src=\"https:\/\/jtom1.com\/wp-content\/uploads\/2023\/10\/Spanish_03.png\" alt=\"\" width=\"370\" height=\"365\" srcset=\"https:\/\/jtom1.com\/wp-content\/uploads\/2023\/10\/Spanish_03.png 370w, https:\/\/jtom1.com\/wp-content\/uploads\/2023\/10\/Spanish_03-300x296.png 300w\" sizes=\"(max-width: 370px) 100vw, 370px\" \/><\/li>\n<\/ul>\n<\/div>\n<div class=\"changeTit2\">\n<h4>TO-BE<\/h4>\n<ul>\n<li><img decoding=\"async\" loading=\"lazy\" class=\"aligncenter size-full wp-image-58796\" src=\"https:\/\/jtom1.com\/wp-content\/uploads\/2023\/10\/Spanish_04.png\" alt=\"\" width=\"370\" height=\"365\" srcset=\"https:\/\/jtom1.com\/wp-content\/uploads\/2023\/10\/Spanish_04.png 370w, https:\/\/jtom1.com\/wp-content\/uploads\/2023\/10\/Spanish_04-300x296.png 300w\" sizes=\"(max-width: 370px) 100vw, 370px\" \/><\/li>\n<\/ul>\n<\/div>\n<\/div>\n<p>[\/vc_column_text][vc_empty_space height=\u00bb50&#8243;][vc_column_text css=\u00bb.vc_custom_1697440221181{margin-bottom: 30px !important;}\u00bb el_class=\u00bbsf_subCap\u00bb]<\/p>\n<h3 style=\"text-align: center;\">(2) Cambios en el trabajo de las f\u00e1bricas inteligentes<\/h3>\n<p style=\"text-align: center;\">Se puede esperar que los datos integrados de log\u00edstica y finanzas mejoren el trabajo eficiente del lado de la gesti\u00f3n, lo que puede fortalecer la competitividad de la producci\u00f3n y lograr el nivel superior del trabajo.<br \/>\nT\u00fa. Tambi\u00e9n contribuye a la toma de decisiones de alto nivel. Esto tambi\u00e9n puede proporcionar una plataforma innovadora para la expansi\u00f3n de nuevos negocios.<\/p>\n<p>[\/vc_column_text][vc_column_text css=\u00bb.vc_custom_1697440313251{margin-bottom: 30px !important;}\u00bb]<\/p>\n<div class=\"sf_changeBox2\">\n<div class=\"changeTit1\">\n<h4>TAL CUAL (corriente limitada)<\/h4>\n<ul>\n<li style=\"list-style-type: none;\">\n<ul>\n<li>Reducci\u00f3n de la eficiencia y la fiabilidad del trabajo gracias a la gesti\u00f3n separada del sistema de finanzas y log\u00edstica<\/li>\n<li>Es necesario establecer un proceso de negocio para toda la empresa y establecer una estructura de sistema para la expansi\u00f3n del lugar de trabajo<\/li>\n<\/ul>\n<\/li>\n<\/ul>\n<p>.<\/p>\n<ul>\n<li style=\"list-style-type: none;\">\n<ul>\n<li>Es necesario reducir la tasa de defectos mediante el establecimiento de planes de actividades de control de procesos de producci\u00f3n y control de calidad<\/li>\n<\/ul>\n<\/li>\n<\/ul>\n<p>.<br \/>\nEs necesario mejorar el intercambio de informaci\u00f3n y la<\/p>\n<ul>\n<li>informaci\u00f3n en tiempo real sobre la toma de decisiones a trav\u00e9s del sistema, el an\u00e1lisis multidimensional de p\u00e9rdidas y ganancias<\/li>\n<\/ul>\n<\/div>\n<div class=\"changeTit2\">\n<h4>TO-BE (Beneficios Clave, Futuro Escalable)<\/h4>\n<ul>\n<li style=\"list-style-type: none;\">\n<ul>\n<li>Establecimiento de un sistema de datos maestros y establecimiento de un proceso nuevo\/modificado<\/li>\n<\/ul>\n<\/li>\n<\/ul>\n<p>Establecimiento de un<\/p>\n<ul>\n<li>sistema para procesar los pagos basados en los gastos de compra\/bolsillo y los motivos de impago<\/li>\n<li>La reducci\u00f3n constante de costos es posible analizando el costo por costo con respecto al costo real<\/li>\n<li>La confirmaci\u00f3n del flujo en tiempo real a trav\u00e9s de la vinculaci\u00f3n de las TIC y la gesti\u00f3n inteligente de la producci\u00f3n es posible mediante el establecimiento de un sistema de monitoreo<\/li>\n<li>Es posible proporcionar informaci\u00f3n gerencial de sistemas de informaci\u00f3n que puedan apoyar la toma de decisiones estrat\u00e9gicas y diversos informes para cada tarea<\/li>\n<\/ul>\n<\/div>\n<\/div>\n<p>[\/vc_column_text][\/vc_column][\/vc_row]<\/p>\n","protected":false},"excerpt":{"rendered":"<p>[vc_row type=\u00bbvc_default\u00bb bg_type=\u00bbgrad\u00bb bg_override=\u00bbex-full\u00bb css=\u00bb.vc_custom_1457088446751{margin-top: -120px !important;}\u00bb bg_grad=\u00bbbackground: -webkit-gradient(linear, left top, left bottom, color-stop(0%, #10192A), color-stop(99%, #070A10));background: -moz-linear-gradient(top,#10192A 0%,#070A10 99%);background: -webkit-linear-gradient(top,#10192A 0%,#070A10 99%);background: -o-linear-gradient(top,#10192A 0%,#070A10 99%);background: -ms-linear-gradient(top,#10192A 0%,#070A10 99%);background: linear-gradient(top,#10192A 0%,#070A10 99%);\u00bb][vc_column offset=\u00bbvc_hidden-lg vc_hidden-md vc_hidden-sm vc_hidden-xs\u00bb][\/vc_column][\/vc_row][vc_row type=\u00bbvc_default\u00bb margin_top=\u00bb-50&#8243; bg_type=\u00bbimage\u00bb parallax_style=\u00bbvcpb-vz-jquery\u00bb bg_image_new=\u00bbid^55373|url^https:\/\/jtom1.com\/wp-content\/uploads\/2022\/11\/bg_image_04.png|caption^null|alt^null|title^bg_image_04|description^null\u00bb bg_image_repeat=\u00bbno-repeat\u00bb bg_override=\u00bbex-full\u00bb css=\u00bb.vc_custom_1669011262087{padding-bottom: 5% !important;}\u00bb][vc_column offset=\u00bbvc_col-lg-12 vc_col-md-12&#8243; css=\u00bb.vc_custom_1526059587576{padding-top: 100px !important;padding-bottom: 20px !important;}\u00bb][\/vc_column][\/vc_row][vc_row margin_top=\u00bb100px\u00bb margin_bottom=\u00bb100px\u00bb&hellip;<\/p>\n","protected":false},"author":1,"featured_media":0,"parent":0,"menu_order":0,"comment_status":"closed","ping_status":"closed","template":"template-microsite.php","meta":{"_exactmetrics_skip_tracking":false,"_exactmetrics_sitenote_active":false,"_exactmetrics_sitenote_note":"","_exactmetrics_sitenote_category":0,"jetpack_post_was_ever_published":false},"acf":[],"jetpack_sharing_enabled":true,"jetpack_shortlink":"https:\/\/wp.me\/PaJHB8-ePs","_links":{"self":[{"href":"https:\/\/jtom1.com\/es\/wp-json\/wp\/v2\/pages\/57006"}],"collection":[{"href":"https:\/\/jtom1.com\/es\/wp-json\/wp\/v2\/pages"}],"about":[{"href":"https:\/\/jtom1.com\/es\/wp-json\/wp\/v2\/types\/page"}],"author":[{"embeddable":true,"href":"https:\/\/jtom1.com\/es\/wp-json\/wp\/v2\/users\/1"}],"replies":[{"embeddable":true,"href":"https:\/\/jtom1.com\/es\/wp-json\/wp\/v2\/comments?post=57006"}],"version-history":[{"count":5,"href":"https:\/\/jtom1.com\/es\/wp-json\/wp\/v2\/pages\/57006\/revisions"}],"predecessor-version":[{"id":59406,"href":"https:\/\/jtom1.com\/es\/wp-json\/wp\/v2\/pages\/57006\/revisions\/59406"}],"wp:attachment":[{"href":"https:\/\/jtom1.com\/es\/wp-json\/wp\/v2\/media?parent=57006"}],"curies":[{"name":"wp","href":"https:\/\/api.w.org\/{rel}","templated":true}]}}