{"id":57046,"date":"2014-03-18T10:03:13","date_gmt":"2014-03-18T01:03:13","guid":{"rendered":"https:\/\/jtom1.com\/technology\/"},"modified":"2023-10-16T10:50:24","modified_gmt":"2023-10-16T01:50:24","slug":"technology","status":"publish","type":"page","link":"https:\/\/jtom1.com\/de\/technology\/","title":{"rendered":"\ubcf4\uc720\uae30\uc220"},"content":{"rendered":"<p>[vc_row type=&#8220;vc_default&#8220; content_placement=&#8220;middle&#8220; css=&#8220;.vc_custom_1490279134647{padding-top: 70px !important;padding-bottom: 20px !important;}&#8220;][vc_column offset=&#8220;vc_hidden-lg vc_hidden-md vc_hidden-sm&#8220; css=&#8220;.vc_custom_1490279825159{padding-bottom: 50px !important;}&#8220;]<style type=\"text\/css\" data-type=\"the7_shortcodes-inline-css\">.shortcode-single-image-wrap.shortcode-single-image-025eb77ce1c6d39bf8915baf9886a8c7.enable-bg-rollover .rollover i,\n.shortcode-single-image-wrap.shortcode-single-image-025eb77ce1c6d39bf8915baf9886a8c7.enable-bg-rollover .rollover-video i {\n  background: -webkit-linear-gradient();\n  background: linear-gradient();\n}\n.shortcode-single-image-wrap.shortcode-single-image-025eb77ce1c6d39bf8915baf9886a8c7 .rollover-icon {\n  font-size: 32px;\n  color: #ffffff;\n  min-width: 44px;\n  min-height: 44px;\n  line-height: 44px;\n  border-radius: 100px;\n  border-style: solid;\n  border-width: 0px;\n}\n.dt-icon-bg-on.shortcode-single-image-wrap.shortcode-single-image-025eb77ce1c6d39bf8915baf9886a8c7 .rollover-icon {\n  background: rgba(255,255,255,0.3);\n  box-shadow: none;\n}\n<\/style><div class=\"shortcode-single-image-wrap shortcode-single-image-025eb77ce1c6d39bf8915baf9886a8c7 alignnone  enable-bg-rollover dt-icon-bg-off\" style=\"margin-top:0px; margin-bottom:0px; margin-left:0px; margin-right:0px; width:1200px;\"><div class=\"shortcode-single-image\"><div class=\"fancy-media-wrap  layzr-bg\" style=\"\"><img class=\"preload-me lazy-load\" src=\"data:image\/svg+xml,%3Csvg%20xmlns%3D&#39;http%3A%2F%2Fwww.w3.org%2F2000%2Fsvg&#39;%20viewBox%3D&#39;0%200%201200%20800&#39;%2F%3E\" data-src=\"https:\/\/jtom1.com\/wp-content\/uploads\/2014\/03\/s001.jpg\" data-srcset=\"https:\/\/jtom1.com\/wp-content\/uploads\/2014\/03\/s001.jpg 1200w\" width=\"1200\" height=\"800\"  data-dt-location=\"https:\/\/jtom1.com\/de\/s001\/\" style=\"\" alt=\"\" \/><\/div><\/div><\/div>[\/vc_column][vc_column width=&#8220;1\/2&#8243; css=&#8220;.vc_custom_1490278896841{padding-bottom: 50px !important;}&#8220;]<div class=\"aio-icon-component  vc_custom_1697420911893  accent-icon-bg color-title ffRC style_1\"><div id=\"Info-box-wrap-8300\" class=\"aio-icon-box top-icon\" style=\"\"  ><div class=\"aio-icon-top\"><div class=\"ult-just-icon-wrapper  \"><div class=\"align-icon\" style=\"text-align:center;\">\n<div class=\"aio-icon advanced \"  style=\"color:#ffffff;background:#ffffff;border-style:solid;border-color:;border-width:0px;width:68px;height:68px;line-height:68px;border-radius:5px;font-size:38px;display:inline-block;\">\n\t<i class=\"icomoon-free-social-contact-16x16-appleinc\"><\/i>\n<\/div><\/div><\/div><\/div><div class=\"aio-icon-header\" ><h3 class=\"aio-icon-title ult-responsive\"  data-ultimate-target='#Info-box-wrap-8300 .aio-icon-title'  data-responsive-json-new='{\"font-size\":\"desktop:40px;\",\"line-height\":\"desktop:50px;\"}'  style=\"\">Entwicklung mobiler Apps<\/h3><\/div> <!-- header --><div class=\"aio-icon-description ult-responsive\"  data-ultimate-target='#Info-box-wrap-8300 .aio-icon-description'  data-responsive-json-new='{\"font-size\":\"desktop:20px;\",\"line-height\":\"desktop:30px;\"}'  style=\"\">App-Entwicklungs- und Betriebsdienst (Android\/IOS).<\/div> <!-- description --><\/div> <!-- aio-icon-box --><\/div> <!-- aio-icon-component -->[vc_column_text]<\/p>\n<p style=\"text-align: center;\">Mobile Website-Bedienung und mobile App. Wir \u00fcbernehmen Aufgaben wie Online-Planung, Design, Ver\u00f6ffentlichung und Entwicklung f\u00fcr den Betrieb. Bietet Android\/IOS\/Hybribe-Anwendungen.<\/p>\n<p>[\/vc_column_text][\/vc_column][vc_column width=&#8220;1\/2&#8243; css=&#8220;.vc_custom_1490279767331{padding-bottom: 50px !important;}&#8220; offset=&#8220;vc_hidden-xs&#8220;]<style type=\"text\/css\" data-type=\"the7_shortcodes-inline-css\">.shortcode-single-image-wrap.shortcode-single-image-025eb77ce1c6d39bf8915baf9886a8c7.enable-bg-rollover .rollover i,\n.shortcode-single-image-wrap.shortcode-single-image-025eb77ce1c6d39bf8915baf9886a8c7.enable-bg-rollover .rollover-video i {\n  background: -webkit-linear-gradient();\n  background: linear-gradient();\n}\n.shortcode-single-image-wrap.shortcode-single-image-025eb77ce1c6d39bf8915baf9886a8c7 .rollover-icon {\n  font-size: 32px;\n  color: #ffffff;\n  min-width: 44px;\n  min-height: 44px;\n  line-height: 44px;\n  border-radius: 100px;\n  border-style: solid;\n  border-width: 0px;\n}\n.dt-icon-bg-on.shortcode-single-image-wrap.shortcode-single-image-025eb77ce1c6d39bf8915baf9886a8c7 .rollover-icon {\n  background: rgba(255,255,255,0.3);\n  box-shadow: none;\n}\n<\/style><div class=\"shortcode-single-image-wrap shortcode-single-image-025eb77ce1c6d39bf8915baf9886a8c7 alignnone  enable-bg-rollover dt-icon-bg-off\" style=\"margin-top:0px; margin-bottom:0px; margin-left:0px; margin-right:0px; width:1200px;\"><div class=\"shortcode-single-image\"><div class=\"fancy-media-wrap  layzr-bg\" style=\"\"><img class=\"preload-me lazy-load\" src=\"data:image\/svg+xml,%3Csvg%20xmlns%3D&#39;http%3A%2F%2Fwww.w3.org%2F2000%2Fsvg&#39;%20viewBox%3D&#39;0%200%201200%20800&#39;%2F%3E\" data-src=\"https:\/\/jtom1.com\/wp-content\/uploads\/2014\/03\/s001.jpg\" data-srcset=\"https:\/\/jtom1.com\/wp-content\/uploads\/2014\/03\/s001.jpg 1200w\" width=\"1200\" height=\"800\"  data-dt-location=\"https:\/\/jtom1.com\/de\/s001\/\" style=\"\" alt=\"\" \/><\/div><\/div><\/div>[\/vc_column][\/vc_row][vc_row type=&#8220;vc_default&#8220; content_placement=&#8220;middle&#8220; bg_type=&#8220;image&#8220; parallax_style=&#8220;vcpb-default&#8220; bg_image_new=&#8220;id^1690|url^http:\/\/webjtom1.cafe24.com\/wp-content\/uploads\/2014\/03\/skin05r.stripes-stripe-1-bg-image.gif|caption^null|alt^null|title^skin05r.stripes-stripe-1-bg-image|description^null&#8220; bg_image_size=&#8220;initial&#8220; bg_override=&#8220;ex-full&#8220; css=&#8220;.vc_custom_1490279366357{padding-top: 70px !important;padding-bottom: 20px !important;background-color: #f2f3f3 !important;}&#8220;][vc_column width=&#8220;1\/2&#8243; css=&#8220;.vc_custom_1490278901277{padding-bottom: 50px !important;}&#8220;]<style type=\"text\/css\" data-type=\"the7_shortcodes-inline-css\">.shortcode-single-image-wrap.shortcode-single-image-26deed3c9c778c8b984612a989c32b03.enable-bg-rollover .rollover i,\n.shortcode-single-image-wrap.shortcode-single-image-26deed3c9c778c8b984612a989c32b03.enable-bg-rollover .rollover-video i {\n  background: -webkit-linear-gradient();\n  background: linear-gradient();\n}\n.shortcode-single-image-wrap.shortcode-single-image-26deed3c9c778c8b984612a989c32b03 .rollover-icon {\n  font-size: 32px;\n  color: #ffffff;\n  min-width: 44px;\n  min-height: 44px;\n  line-height: 44px;\n  border-radius: 100px;\n  border-style: solid;\n  border-width: 0px;\n}\n.dt-icon-bg-on.shortcode-single-image-wrap.shortcode-single-image-26deed3c9c778c8b984612a989c32b03 .rollover-icon {\n  background: rgba(255,255,255,0.3);\n  box-shadow: none;\n}\n<\/style><div class=\"shortcode-single-image-wrap shortcode-single-image-26deed3c9c778c8b984612a989c32b03 alignnone  enable-bg-rollover dt-icon-bg-off\" style=\"margin-top:0px; margin-bottom:0px; margin-left:0px; margin-right:0px; width:1200px;\"><div class=\"shortcode-single-image\"><div class=\"fancy-media-wrap  layzr-bg\" style=\"\"><img class=\"preload-me lazy-load\" src=\"data:image\/svg+xml,%3Csvg%20xmlns%3D&#39;http%3A%2F%2Fwww.w3.org%2F2000%2Fsvg&#39;%20viewBox%3D&#39;0%200%201200%20800&#39;%2F%3E\" data-src=\"https:\/\/jtom1.com\/wp-content\/uploads\/2014\/03\/a000-1.jpg\" data-srcset=\"https:\/\/jtom1.com\/wp-content\/uploads\/2014\/03\/a000-1.jpg 1200w\" width=\"1200\" height=\"800\"  data-dt-location=\"https:\/\/jtom1.com\/de\/a000-2\/\" style=\"\" alt=\"\" \/><\/div><\/div><\/div>[\/vc_column][vc_column width=&#8220;1\/2&#8243; css=&#8220;.vc_custom_1490278896841{padding-bottom: 50px !important;}&#8220;]<div class=\"aio-icon-component  vc_custom_1697420937197  accent-icon-bg color-title ffRC style_1\"><div id=\"Info-box-wrap-6685\" class=\"aio-icon-box top-icon\" style=\"\"  ><div class=\"aio-icon-top\"><div class=\"ult-just-icon-wrapper  \"><div class=\"align-icon\" style=\"text-align:center;\">\n<div class=\"aio-icon advanced \"  style=\"color:#ffffff;background:#ffffff;border-style:solid;border-color:;border-width:0px;width:68px;height:68px;line-height:68px;border-radius:5px;font-size:38px;display:inline-block;\">\n\t<i class=\"fas fa-search\"><\/i>\n<\/div><\/div><\/div><\/div><div class=\"aio-icon-header\" ><h3 class=\"aio-icon-title ult-responsive\"  data-ultimate-target='#Info-box-wrap-6685 .aio-icon-title'  data-responsive-json-new='{\"font-size\":\"desktop:40px;\",\"line-height\":\"desktop:50px;\"}'  style=\"\">SEO &amp; SMM<\/h3><\/div> <!-- header --><div class=\"aio-icon-description ult-responsive\"  data-ultimate-target='#Info-box-wrap-6685 .aio-icon-description'  data-responsive-json-new='{\"font-size\":\"desktop:20px;\",\"line-height\":\"desktop:30px;\"}'  style=\"\">In einer Form strukturiert, die Suchroboter am besten erfassen k\u00f6nnen<\/div> <!-- description --><\/div> <!-- aio-icon-box --><\/div> <!-- aio-icon-component -->[vc_column_text]<\/p>\n<p style=\"text-align: center;\">Search Engine Optimization \uac80\uc0c9\uc774 \uc798\ub418\ub294 \uc0ac\uc774\ud2b8\ub97c \ub9cc\ub4ed\ub2c8\ub2e4.<br \/>\n\uad6c\uae00\ub4f1\ub85d \/ \ub124\uc774\ubc84\uc6f9\ub9c8\uc2a4\ud130\ub3c4\uad6c \ub4f1\ub85d \/ \uac80\uc0c9\uc5d4\uc9c4 \ub178\ucd9c\uc758 \uae30\ubcf8 \ud658\uacbd\uc744 \uc870\uc131\ud558\uc5ec<br \/>\n\uace0\uac1d\uc758 \ube0c\ub79c\ub4dc\ub97c \uc7ac\uc870\uba85\ud569\ub2c8\ub2e4.<\/p>\n<p>[\/vc_column_text][\/vc_column][\/vc_row][vc_row type=&#8220;vc_default&#8220; content_placement=&#8220;middle&#8220; css=&#8220;.vc_custom_1490279134647{padding-top: 70px !important;padding-bottom: 20px !important;}&#8220;][vc_column offset=&#8220;vc_hidden-lg vc_hidden-md vc_hidden-sm&#8220; css=&#8220;.vc_custom_1490279829964{padding-bottom: 50px !important;}&#8220;]<style type=\"text\/css\" data-type=\"the7_shortcodes-inline-css\">.shortcode-single-image-wrap.shortcode-single-image-35eca9f3c9eed4fe3269dd41c47128db.enable-bg-rollover .rollover i,\n.shortcode-single-image-wrap.shortcode-single-image-35eca9f3c9eed4fe3269dd41c47128db.enable-bg-rollover .rollover-video i {\n  background: -webkit-linear-gradient();\n  background: linear-gradient();\n}\n.shortcode-single-image-wrap.shortcode-single-image-35eca9f3c9eed4fe3269dd41c47128db .rollover-icon {\n  font-size: 32px;\n  color: #ffffff;\n  min-width: 44px;\n  min-height: 44px;\n  line-height: 44px;\n  border-radius: 100px;\n  border-style: solid;\n  border-width: 0px;\n}\n.dt-icon-bg-on.shortcode-single-image-wrap.shortcode-single-image-35eca9f3c9eed4fe3269dd41c47128db .rollover-icon {\n  background: rgba(255,255,255,0.3);\n  box-shadow: none;\n}\n<\/style><div class=\"shortcode-single-image-wrap shortcode-single-image-35eca9f3c9eed4fe3269dd41c47128db alignnone  enable-bg-rollover dt-icon-bg-off\" style=\"margin-top:0px; margin-bottom:0px; margin-left:0px; margin-right:0px; width:1200px;\"><div class=\"shortcode-single-image\"><div class=\"fancy-media-wrap  layzr-bg\" style=\"\"><img class=\"preload-me lazy-load\" src=\"data:image\/svg+xml,%3Csvg%20xmlns%3D&#39;http%3A%2F%2Fwww.w3.org%2F2000%2Fsvg&#39;%20viewBox%3D&#39;0%200%201200%20800&#39;%2F%3E\" data-src=\"https:\/\/jtom1.com\/wp-content\/uploads\/2018\/07\/s006.jpg\" data-srcset=\"https:\/\/jtom1.com\/wp-content\/uploads\/2018\/07\/s006.jpg 1200w\" width=\"1200\" height=\"800\"  data-dt-location=\"https:\/\/jtom1.com\/de\/s006\/\" style=\"\" alt=\"\" \/><\/div><\/div><\/div>[\/vc_column][vc_column width=&#8220;1\/2&#8243; css=&#8220;.vc_custom_1490278896841{padding-bottom: 50px !important;}&#8220;]<div class=\"aio-icon-component  vc_custom_1697420955805  accent-icon-bg color-title ffRC style_1\"><div id=\"Info-box-wrap-6562\" class=\"aio-icon-box top-icon\" style=\"\"  ><div class=\"aio-icon-top\"><div class=\"ult-just-icon-wrapper  \"><div class=\"align-icon\" style=\"text-align:center;\">\n<div class=\"aio-icon advanced \"  style=\"color:#ffffff;background:#ffffff;border-style:solid;border-color:;border-width:0px;width:68px;height:68px;line-height:68px;border-radius:5px;font-size:38px;display:inline-block;\">\n\t<i class=\"icomoon-material-24x24-dvr\"><\/i>\n<\/div><\/div><\/div><\/div><div class=\"aio-icon-header\" ><h3 class=\"aio-icon-title ult-responsive\"  data-ultimate-target='#Info-box-wrap-6562 .aio-icon-title'  data-responsive-json-new='{\"font-size\":\"desktop:40px;\",\"line-height\":\"desktop:50px;\"}'  style=\"\">Beratung<\/h3><\/div> <!-- header --><div class=\"aio-icon-description ult-responsive\"  data-ultimate-target='#Info-box-wrap-6562 .aio-icon-description'  data-responsive-json-new='{\"font-size\":\"desktop:20px;\",\"line-height\":\"desktop:30px;\"}'  style=\"\">Als Partner der digitalen Transformation bieten wir Leistungen \u00fcber die Beratung hinaus.<\/div> <!-- description --><\/div> <!-- aio-icon-box --><\/div> <!-- aio-icon-component -->[vc_column_text]<\/p>\n<p style=\"text-align: center;\">Wir bieten IT-Beratungsdienste wie digitale Transformationsstrategie, IT-Strategie und Prozessinnovation auf der Grundlage differenzierter Beratungskapazit\u00e4ten an, um Kunden dabei zu helfen, ihre gesch\u00e4ftliche Wettbewerbsf\u00e4higkeit und ihren Unternehmenswert zu st\u00e4rken.<\/p>\n<p>[\/vc_column_text][\/vc_column][vc_column width=&#8220;1\/2&#8243; css=&#8220;.vc_custom_1490279803723{padding-bottom: 50px !important;}&#8220; offset=&#8220;vc_hidden-xs&#8220;]<style type=\"text\/css\" data-type=\"the7_shortcodes-inline-css\">.shortcode-single-image-wrap.shortcode-single-image-35eca9f3c9eed4fe3269dd41c47128db.enable-bg-rollover .rollover i,\n.shortcode-single-image-wrap.shortcode-single-image-35eca9f3c9eed4fe3269dd41c47128db.enable-bg-rollover .rollover-video i {\n  background: -webkit-linear-gradient();\n  background: linear-gradient();\n}\n.shortcode-single-image-wrap.shortcode-single-image-35eca9f3c9eed4fe3269dd41c47128db .rollover-icon {\n  font-size: 32px;\n  color: #ffffff;\n  min-width: 44px;\n  min-height: 44px;\n  line-height: 44px;\n  border-radius: 100px;\n  border-style: solid;\n  border-width: 0px;\n}\n.dt-icon-bg-on.shortcode-single-image-wrap.shortcode-single-image-35eca9f3c9eed4fe3269dd41c47128db .rollover-icon {\n  background: rgba(255,255,255,0.3);\n  box-shadow: none;\n}\n<\/style><div class=\"shortcode-single-image-wrap shortcode-single-image-35eca9f3c9eed4fe3269dd41c47128db alignnone  enable-bg-rollover dt-icon-bg-off\" style=\"margin-top:0px; margin-bottom:0px; margin-left:0px; margin-right:0px; width:1200px;\"><div class=\"shortcode-single-image\"><div class=\"fancy-media-wrap  layzr-bg\" style=\"\"><img class=\"preload-me lazy-load\" src=\"data:image\/svg+xml,%3Csvg%20xmlns%3D&#39;http%3A%2F%2Fwww.w3.org%2F2000%2Fsvg&#39;%20viewBox%3D&#39;0%200%201200%20800&#39;%2F%3E\" data-src=\"https:\/\/jtom1.com\/wp-content\/uploads\/2018\/07\/s006.jpg\" data-srcset=\"https:\/\/jtom1.com\/wp-content\/uploads\/2018\/07\/s006.jpg 1200w\" width=\"1200\" height=\"800\"  data-dt-location=\"https:\/\/jtom1.com\/de\/s006\/\" style=\"\" alt=\"\" \/><\/div><\/div><\/div>[\/vc_column][\/vc_row][vc_row type=&#8220;vc_default&#8220; content_placement=&#8220;middle&#8220; bg_type=&#8220;image&#8220; parallax_style=&#8220;vcpb-default&#8220; bg_image_new=&#8220;id^1690|url^http:\/\/webjtom1.cafe24.com\/wp-content\/uploads\/2014\/03\/skin05r.stripes-stripe-1-bg-image.gif|caption^null|alt^null|title^skin05r.stripes-stripe-1-bg-image|description^null&#8220; bg_image_size=&#8220;initial&#8220; bg_override=&#8220;ex-full&#8220; css=&#8220;.vc_custom_1490279366357{padding-top: 70px !important;padding-bottom: 20px !important;background-color: #f2f3f3 !important;}&#8220;][vc_column width=&#8220;1\/2&#8243; css=&#8220;.vc_custom_1490278901277{padding-bottom: 50px !important;}&#8220;]<style type=\"text\/css\" data-type=\"the7_shortcodes-inline-css\">.shortcode-single-image-wrap.shortcode-single-image-b29c38634ad137bde540b8349f261798.enable-bg-rollover .rollover i,\n.shortcode-single-image-wrap.shortcode-single-image-b29c38634ad137bde540b8349f261798.enable-bg-rollover .rollover-video i {\n  background: -webkit-linear-gradient();\n  background: linear-gradient();\n}\n.shortcode-single-image-wrap.shortcode-single-image-b29c38634ad137bde540b8349f261798 .rollover-icon {\n  font-size: 32px;\n  color: #ffffff;\n  min-width: 44px;\n  min-height: 44px;\n  line-height: 44px;\n  border-radius: 100px;\n  border-style: solid;\n  border-width: 0px;\n}\n.dt-icon-bg-on.shortcode-single-image-wrap.shortcode-single-image-b29c38634ad137bde540b8349f261798 .rollover-icon {\n  background: rgba(255,255,255,0.3);\n  box-shadow: none;\n}\n<\/style><div class=\"shortcode-single-image-wrap shortcode-single-image-b29c38634ad137bde540b8349f261798 alignnone  enable-bg-rollover dt-icon-bg-off\" style=\"margin-top:0px; margin-bottom:0px; margin-left:0px; margin-right:0px; width:1200px;\"><div class=\"shortcode-single-image\"><div class=\"fancy-media-wrap  layzr-bg\" style=\"\"><img class=\"preload-me lazy-load\" src=\"data:image\/svg+xml,%3Csvg%20xmlns%3D&#39;http%3A%2F%2Fwww.w3.org%2F2000%2Fsvg&#39;%20viewBox%3D&#39;0%200%20574%20382&#39;%2F%3E\" data-src=\"https:\/\/jtom1.com\/wp-content\/uploads\/2022\/11\/01_00_image_05-1.jpg\" data-srcset=\"https:\/\/jtom1.com\/wp-content\/uploads\/2022\/11\/01_00_image_05-1.jpg 574w\" width=\"574\" height=\"382\"  data-dt-location=\"https:\/\/jtom1.com\/de\/service\/01_00_image_05-3\/\" style=\"\" alt=\"\" \/><\/div><\/div><\/div>[\/vc_column][vc_column width=&#8220;1\/2&#8243; css=&#8220;.vc_custom_1490278896841{padding-bottom: 50px !important;}&#8220;]<div class=\"aio-icon-component  vc_custom_1697420999930  accent-icon-bg color-title ffRC style_1\"><div id=\"Info-box-wrap-8202\" class=\"aio-icon-box top-icon\" style=\"\"  ><div class=\"aio-icon-top\"><div class=\"ult-just-icon-wrapper  \"><div class=\"align-icon\" style=\"text-align:center;\">\n<div class=\"aio-icon advanced \"  style=\"color:#ffffff;background:#ffffff;border-style:solid;border-color:;border-width:0px;width:68px;height:68px;line-height:68px;border-radius:5px;font-size:38px;display:inline-block;\">\n\t<i class=\"icomoon-material-24x24-question_answer\"><\/i>\n<\/div><\/div><\/div><\/div><div class=\"aio-icon-header\" ><h3 class=\"aio-icon-title ult-responsive\"  data-ultimate-target='#Info-box-wrap-8202 .aio-icon-title'  data-responsive-json-new='{\"font-size\":\"desktop:40px;\",\"line-height\":\"desktop:50px;\"}'  style=\"\">Design<\/h3><\/div> <!-- header --><div class=\"aio-icon-description ult-responsive\"  data-ultimate-target='#Info-box-wrap-8202 .aio-icon-description'  data-responsive-json-new='{\"font-size\":\"desktop:20px;\",\"line-height\":\"desktop:30px;\"}'  style=\"\">Das Designteam von Jtomorrowone Co.,Ltd. ist bestrebt, neue Illustrationsstile zu entwickeln, um die Freundlichkeit zu erh\u00f6hen und die visuelle Kommunikation zu unterst\u00fctzen.<\/div> <!-- description --><\/div> <!-- aio-icon-box --><\/div> <!-- aio-icon-component -->[vc_column_text]<\/p>\n<p style=\"text-align: center;\">Mit unserer Leidenschaft<br \/>\nUnvergesslich, sch\u00f6n und n\u00fctzlich<br \/>\nIch tr\u00e4ume davon, eine Website erstellen zu k\u00f6nnen<br \/>\nIch arbeite an dem Projekt.<\/p>\n<p>[\/vc_column_text][\/vc_column][\/vc_row]<\/p>\n","protected":false},"excerpt":{"rendered":"<p>[vc_row type=&#8220;vc_default&#8220; content_placement=&#8220;middle&#8220; css=&#8220;.vc_custom_1490279134647{padding-top: 70px !important;padding-bottom: 20px !important;}&#8220;][vc_column offset=&#8220;vc_hidden-lg vc_hidden-md vc_hidden-sm&#8220; css=&#8220;.vc_custom_1490279825159{padding-bottom: 50px !important;}&#8220;][\/vc_column][vc_column width=&#8220;1\/2&#8243; css=&#8220;.vc_custom_1490278896841{padding-bottom: 50px !important;}&#8220;][vc_column_text] Mobile Website-Bedienung und mobile App. Wir \u00fcbernehmen Aufgaben wie Online-Planung, Design, Ver\u00f6ffentlichung und Entwicklung f\u00fcr den Betrieb. Bietet Android\/IOS\/Hybribe-Anwendungen. [\/vc_column_text][\/vc_column][vc_column width=&#8220;1\/2&#8243; css=&#8220;.vc_custom_1490279767331{padding-bottom: 50px !important;}&#8220; offset=&#8220;vc_hidden-xs&#8220;][\/vc_column][\/vc_row][vc_row type=&#8220;vc_default&#8220; content_placement=&#8220;middle&#8220; bg_type=&#8220;image&#8220; parallax_style=&#8220;vcpb-default&#8220; bg_image_new=&#8220;id^1690|url^http:\/\/webjtom1.cafe24.com\/wp-content\/uploads\/2014\/03\/skin05r.stripes-stripe-1-bg-image.gif|caption^null|alt^null|title^skin05r.stripes-stripe-1-bg-image|description^null&#8220; bg_image_size=&#8220;initial&#8220; bg_override=&#8220;ex-full&#8220; css=&#8220;.vc_custom_1490279366357{padding-top: 70px !important;padding-bottom: 20px !important;background-color:&hellip;<\/p>\n","protected":false},"author":1,"featured_media":0,"parent":0,"menu_order":20,"comment_status":"closed","ping_status":"closed","template":"","meta":{"_exactmetrics_skip_tracking":false,"_exactmetrics_sitenote_active":false,"_exactmetrics_sitenote_note":"","_exactmetrics_sitenote_category":0,"jetpack_post_was_ever_published":false},"acf":[],"jetpack_sharing_enabled":true,"jetpack_shortlink":"https:\/\/wp.me\/PaJHB8-eQ6","_links":{"self":[{"href":"https:\/\/jtom1.com\/de\/wp-json\/wp\/v2\/pages\/57046"}],"collection":[{"href":"https:\/\/jtom1.com\/de\/wp-json\/wp\/v2\/pages"}],"about":[{"href":"https:\/\/jtom1.com\/de\/wp-json\/wp\/v2\/types\/page"}],"author":[{"embeddable":true,"href":"https:\/\/jtom1.com\/de\/wp-json\/wp\/v2\/users\/1"}],"replies":[{"embeddable":true,"href":"https:\/\/jtom1.com\/de\/wp-json\/wp\/v2\/comments?post=57046"}],"version-history":[{"count":3,"href":"https:\/\/jtom1.com\/de\/wp-json\/wp\/v2\/pages\/57046\/revisions"}],"predecessor-version":[{"id":58365,"href":"https:\/\/jtom1.com\/de\/wp-json\/wp\/v2\/pages\/57046\/revisions\/58365"}],"wp:attachment":[{"href":"https:\/\/jtom1.com\/de\/wp-json\/wp\/v2\/media?parent=57046"}],"curies":[{"name":"wp","href":"https:\/\/api.w.org\/{rel}","templated":true}]}}