{"id":57037,"date":"2022-11-29T11:46:20","date_gmt":"2022-11-29T02:46:20","guid":{"rendered":"https:\/\/jtom1.com\/seo\/"},"modified":"2023-10-16T10:44:25","modified_gmt":"2023-10-16T01:44:25","slug":"seo","status":"publish","type":"page","link":"https:\/\/jtom1.com\/de\/seo\/","title":{"rendered":"SEO(\uac80\uc0c9\uc5d4\uc9c4\ucd5c\uc801\ud654)"},"content":{"rendered":"<p>[vc_row type=&#8220;vc_default&#8220; bg_type=&#8220;grad&#8220; bg_override=&#8220;ex-full&#8220; css=&#8220;.vc_custom_1457088446751{margin-top: -120px !important;}&#8220; bg_grad=&#8220;background: -webkit-gradient(linear, left top, left bottom, color-stop(0%, #10192A), color-stop(99%, #070A10));background: -moz-linear-gradient(top,#10192A 0%,#070A10 99%);background: -webkit-linear-gradient(top,#10192A 0%,#070A10 99%);background: -o-linear-gradient(top,#10192A 0%,#070A10 99%);background: -ms-linear-gradient(top,#10192A 0%,#070A10 99%);background: linear-gradient(top,#10192A 0%,#070A10 99%);&#8220;][vc_column offset=&#8220;vc_hidden-lg vc_hidden-md vc_hidden-sm vc_hidden-xs&#8220;]\n\t\t\t<!-- START website REVOLUTION SLIDER 6.6.20 --><p class=\"rs-p-wp-fix\"><\/p>\n\t\t\t<rs-module-wrap id=\"rev_slider_15_1_wrapper\" data-source=\"gallery\" style=\"visibility:hidden;background:#FFFFFF;padding:0;\">\n\t\t\t\t<rs-module id=\"rev_slider_15_1\" style=\"\" data-version=\"6.6.20\">\n\t\t\t\t\t<rs-slides style=\"overflow: hidden; position: absolute;\">\n\t\t\t\t\t\t<rs-slide style=\"position: absolute;\" data-key=\"rs-25\" data-title=\"Slide\" data-anim=\"adpr:false;\" data-in=\"o:0;\" data-out=\"a:false;\">\n\t\t\t\t\t\t\t<img src=\"\/\/jtom1.com\/wp-content\/plugins\/revslider\/public\/assets\/assets\/dummy.png\" alt=\"\" title=\"SEO(\uac80\uc0c9\uc5d4\uc9c4\ucd5c\uc801\ud654)\" class=\"rev-slidebg tp-rs-img rs-lazyload\" data-lazyload=\"\/\/homejtom1.mycafe24.com\/wp-content\/uploads\/2019\/02\/JTom1_hp_sl_01_bg_01.jpg\" data-parallax=\"off\" data-no-retina>\n<!--\n\t\t\t\t\t\t\t--><a\n\t\t\t\t\t\t\t\tid=\"slider-15-slide-25-layer-36\" \n\t\t\t\t\t\t\t\tclass=\"rs-layer dt-product-link\"\n\t\t\t\t\t\t\t\thref=\"\/portfolio\/\" target=\"_self\"\n\t\t\t\t\t\t\t\tdata-type=\"text\"\n\t\t\t\t\t\t\t\tdata-color=\"#000000||#000000||rgba(1, 136, 204, 1)||rgba(1, 136, 204, 1)\"\n\t\t\t\t\t\t\t\tdata-rsp_ch=\"on\"\n\t\t\t\t\t\t\t\tdata-xy=\"x:l,l,c,c;xo:904px,904px,-77px,-77px;y:m,m,t,t;yo:75px,75px,484px,484px;\"\n\t\t\t\t\t\t\t\tdata-text=\"w:normal;s:20,20,22,24;l:28,28,22,24;\"\n\t\t\t\t\t\t\t\tdata-dim=\"w:160px;\"\n\t\t\t\t\t\t\t\tdata-frame_1=\"e:power2.inOut;st:4760;sp:900;sR:4760;\"\n\t\t\t\t\t\t\t\tdata-frame_999=\"o:0;e:nothing;st:w;sR:3340;\"\n\t\t\t\t\t\t\t\tdata-frame_hover=\"c:#fff;oX:50;oY:50;sp:0;e:none;\"\n\t\t\t\t\t\t\t\tstyle=\"z-index:7;font-family:'Roboto Condensed';text-decoration:none;\"\n\t\t\t\t\t\t\t>Explore <i class=\"fa fa-angle-right\"><\/i> \n\t\t\t\t\t\t\t<\/a><!--\n\n\t\t\t\t\t\t\t--><rs-layer\n\t\t\t\t\t\t\t\tid=\"slider-15-slide-25-layer-47\" \n\t\t\t\t\t\t\t\tdata-type=\"image\"\n\t\t\t\t\t\t\t\tdata-rsp_ch=\"on\"\n\t\t\t\t\t\t\t\tdata-xy=\"xo:-51px;yo:416px;\"\n\t\t\t\t\t\t\t\tdata-text=\"l:22;a:inherit;\"\n\t\t\t\t\t\t\t\tdata-dim=\"w:['542px','542px','542px','542px'];h:['349px','349px','349px','349px'];\"\n\t\t\t\t\t\t\t\tdata-frame_1=\"st:870;sp:1700;sR:870;\"\n\t\t\t\t\t\t\t\tdata-frame_999=\"o:0;st:w;sR:6430;\"\n\t\t\t\t\t\t\t\tstyle=\"z-index:10;\"\n\t\t\t\t\t\t\t><img src=\"\/\/jtom1.com\/wp-content\/plugins\/revslider\/public\/assets\/assets\/dummy.png\" alt=\"\" class=\"tp-rs-img rs-lazyload\" width=\"811\" height=\"522\" data-lazyload=\"\/\/jtom1.com\/wp-content\/uploads\/2022\/10\/JTom1_hp_sl_01_ntb.png\" data-no-retina> \n\t\t\t\t\t\t\t<\/rs-layer><!--\n\n\t\t\t\t\t\t\t--><rs-layer\n\t\t\t\t\t\t\t\tid=\"slider-15-slide-25-layer-48\" \n\t\t\t\t\t\t\t\tdata-type=\"image\"\n\t\t\t\t\t\t\t\tdata-rsp_ch=\"on\"\n\t\t\t\t\t\t\t\tdata-xy=\"xo:281px;yo:250px;\"\n\t\t\t\t\t\t\t\tdata-text=\"l:22;a:inherit;\"\n\t\t\t\t\t\t\t\tdata-dim=\"w:['621px','621px','621px','621px'];h:['552px','552px','552px','552px'];\"\n\t\t\t\t\t\t\t\tdata-frame_1=\"st:1460;sp:1550;sR:1460;\"\n\t\t\t\t\t\t\t\tdata-frame_999=\"o:0;st:w;sR:5990;\"\n\t\t\t\t\t\t\t\tstyle=\"z-index:11;\"\n\t\t\t\t\t\t\t><img src=\"\/\/jtom1.com\/wp-content\/plugins\/revslider\/public\/assets\/assets\/dummy.png\" alt=\"\" class=\"tp-rs-img rs-lazyload\" width=\"916\" height=\"814\" data-lazyload=\"\/\/jtom1.com\/wp-content\/uploads\/2022\/10\/JTom1_hp_sl_01_m.png\" data-no-retina> \n\t\t\t\t\t\t\t<\/rs-layer><!--\n\n\t\t\t\t\t\t\t--><rs-layer\n\t\t\t\t\t\t\t\tid=\"slider-15-slide-25-layer-49\" \n\t\t\t\t\t\t\t\tdata-type=\"image\"\n\t\t\t\t\t\t\t\tdata-rsp_ch=\"on\"\n\t\t\t\t\t\t\t\tdata-xy=\"xo:805px;yo:514px;\"\n\t\t\t\t\t\t\t\tdata-text=\"w:normal;l:22;a:inherit;\"\n\t\t\t\t\t\t\t\tdata-dim=\"w:['305px','305px','305px','305px'];h:['213px','213px','213px','213px'];\"\n\t\t\t\t\t\t\t\tdata-frame_1=\"st:1990;sp:1250;sR:1990;\"\n\t\t\t\t\t\t\t\tdata-frame_999=\"o:0;st:w;sR:5760;\"\n\t\t\t\t\t\t\t\tstyle=\"z-index:12;\"\n\t\t\t\t\t\t\t><img src=\"\/\/jtom1.com\/wp-content\/plugins\/revslider\/public\/assets\/assets\/dummy.png\" alt=\"\" class=\"tp-rs-img rs-lazyload\" width=\"510\" height=\"356\" data-lazyload=\"\/\/jtom1.com\/wp-content\/uploads\/2022\/10\/JTom1_hp_sl_01_tb.png\" data-no-retina> \n\t\t\t\t\t\t\t<\/rs-layer><!--\n\n\t\t\t\t\t\t\t--><rs-layer\n\t\t\t\t\t\t\t\tid=\"slider-15-slide-25-layer-50\" \n\t\t\t\t\t\t\t\tdata-type=\"image\"\n\t\t\t\t\t\t\t\tdata-rsp_ch=\"on\"\n\t\t\t\t\t\t\t\tdata-xy=\"xo:767px;yo:563px;\"\n\t\t\t\t\t\t\t\tdata-text=\"w:normal;l:22;a:inherit;\"\n\t\t\t\t\t\t\t\tdata-dim=\"w:['79px','79px','79px','79px'];h:['166px','166px','166px','166px'];\"\n\t\t\t\t\t\t\t\tdata-frame_1=\"st:2400;sp:1190;sR:2400;\"\n\t\t\t\t\t\t\t\tdata-frame_999=\"o:0;st:w;sR:5410;\"\n\t\t\t\t\t\t\t\tstyle=\"z-index:13;\"\n\t\t\t\t\t\t\t><img src=\"\/\/jtom1.com\/wp-content\/plugins\/revslider\/public\/assets\/assets\/dummy.png\" alt=\"\" class=\"tp-rs-img rs-lazyload\" width=\"226\" height=\"476\" data-lazyload=\"\/\/jtom1.com\/wp-content\/uploads\/2022\/10\/JTom1_hp_sl_01_p.png\" data-no-retina> \n\t\t\t\t\t\t\t<\/rs-layer><!--\n\n\t\t\t\t\t\t\t--><rs-layer\n\t\t\t\t\t\t\t\tid=\"slider-15-slide-25-layer-52\" \n\t\t\t\t\t\t\t\tdata-type=\"text\"\n\t\t\t\t\t\t\t\tdata-color=\"#000000\"\n\t\t\t\t\t\t\t\tdata-rsp_ch=\"on\"\n\t\t\t\t\t\t\t\tdata-xy=\"xo:450px;yo:182px;\"\n\t\t\t\t\t\t\t\tdata-text=\"l:20;fw:500;a:inherit;\"\n\t\t\t\t\t\t\t\tdata-frame_1=\"st:3120;sp:760;sR:3120;\"\n\t\t\t\t\t\t\t\tdata-frame_999=\"o:0;st:w;sR:5120;\"\n\t\t\t\t\t\t\t\tstyle=\"z-index:14;font-family:'Open Sans';\"\n\t\t\t\t\t\t\t>\uc0ac\uc6a9\uc790 \uacbd\ud5d8 \uae30\ubc18\uc758 \ub514\uc790\uc778\uacfc \n\t\t\t\t\t\t\t<\/rs-layer><!--\n\n\t\t\t\t\t\t\t--><rs-layer\n\t\t\t\t\t\t\t\tid=\"slider-15-slide-25-layer-53\" \n\t\t\t\t\t\t\t\tdata-type=\"text\"\n\t\t\t\t\t\t\t\tdata-color=\"#000000\"\n\t\t\t\t\t\t\t\tdata-rsp_ch=\"on\"\n\t\t\t\t\t\t\t\tdata-xy=\"xo:359px;yo:212px;\"\n\t\t\t\t\t\t\t\tdata-text=\"l:20;fw:500;a:inherit;\"\n\t\t\t\t\t\t\t\tdata-frame_1=\"st:3120;sp:760;sR:3120;\"\n\t\t\t\t\t\t\t\tdata-frame_999=\"o:0;st:w;sR:5120;\"\n\t\t\t\t\t\t\t\tstyle=\"z-index:15;font-family:'Open Sans';\"\n\t\t\t\t\t\t\t>\uac01 \ube0c\ub77c\uc6b0\uc800\uc5d0 \ubc18\uc751\ud558\ub294 \uc6f9\uc0ac\uc774\ud2b8\ub97c \uc81c\uc791\ud569\ub2c8\ub2e4. \n\t\t\t\t\t\t\t<\/rs-layer><!--\n\n\t\t\t\t\t\t\t--><rs-layer\n\t\t\t\t\t\t\t\tid=\"slider-15-slide-25-layer-54\" \n\t\t\t\t\t\t\t\tdata-type=\"text\"\n\t\t\t\t\t\t\t\tdata-color=\"#000000\"\n\t\t\t\t\t\t\t\tdata-rsp_ch=\"on\"\n\t\t\t\t\t\t\t\tdata-xy=\"xo:902px;yo:256px;\"\n\t\t\t\t\t\t\t\tdata-text=\"s:60;l:50;fw:700;a:inherit;\"\n\t\t\t\t\t\t\t\tdata-dim=\"w:238px;\"\n\t\t\t\t\t\t\t\tdata-frame_1=\"st:3890;sp:520;sR:3890;\"\n\t\t\t\t\t\t\t\tdata-frame_999=\"o:0;st:w;sR:4590;\"\n\t\t\t\t\t\t\t\tstyle=\"z-index:16;font-family:'Roboto Condensed';\"\n\t\t\t\t\t\t\t>Creative\n \n\t\t\t\t\t\t\t<\/rs-layer><!--\n\n\t\t\t\t\t\t\t--><rs-layer\n\t\t\t\t\t\t\t\tid=\"slider-15-slide-25-layer-55\" \n\t\t\t\t\t\t\t\tdata-type=\"text\"\n\t\t\t\t\t\t\t\tdata-color=\"#000000\"\n\t\t\t\t\t\t\t\tdata-rsp_ch=\"on\"\n\t\t\t\t\t\t\t\tdata-xy=\"xo:901px;yo:319px;\"\n\t\t\t\t\t\t\t\tdata-text=\"s:60;l:50;fw:700;a:inherit;\"\n\t\t\t\t\t\t\t\tdata-frame_1=\"st:4250;sp:540;sR:4250;\"\n\t\t\t\t\t\t\t\tdata-frame_999=\"o:0;st:w;sR:4210;\"\n\t\t\t\t\t\t\t\tstyle=\"z-index:17;font-family:'Roboto Condensed';\"\n\t\t\t\t\t\t\t>Modern \n\t\t\t\t\t\t\t<\/rs-layer><!--\n\n\t\t\t\t\t\t\t--><rs-layer\n\t\t\t\t\t\t\t\tid=\"slider-15-slide-25-layer-56\" \n\t\t\t\t\t\t\t\tdata-type=\"text\"\n\t\t\t\t\t\t\t\tdata-color=\"#000000\"\n\t\t\t\t\t\t\t\tdata-rsp_ch=\"on\"\n\t\t\t\t\t\t\t\tdata-xy=\"xo:902px;yo:383px;\"\n\t\t\t\t\t\t\t\tdata-text=\"s:60;l:50;fw:700;a:inherit;\"\n\t\t\t\t\t\t\t\tdata-frame_1=\"st:4580;sp:610;sR:4580;\"\n\t\t\t\t\t\t\t\tdata-frame_999=\"o:0;st:w;sR:3810;\"\n\t\t\t\t\t\t\t\tstyle=\"z-index:18;font-family:'Roboto Condensed';\"\n\t\t\t\t\t\t\t>Website \n\t\t\t\t\t\t\t<\/rs-layer><!--\n-->\t\t\t\t\t\t<\/rs-slide>\n\t\t\t\t\t<\/rs-slides>\n\t\t\t\t<\/rs-module>\n\t\t\t\t<script>\n\t\t\t\t\tsetREVStartSize({c: 'rev_slider_15_1',rl:[1240,1240,778,480],el:[800,800,498,800],gw:[1250,1250,600,600],gh:[800,800,800,800],type:'hero',justify:'',layout:'fullscreen',offsetContainer:'',offset:'',mh:\"0\"});if (window.RS_MODULES!==undefined && window.RS_MODULES.modules!==undefined && window.RS_MODULES.modules[\"revslider151\"]!==undefined) {window.RS_MODULES.modules[\"revslider151\"].once = false;window.revapi15 = undefined;if (window.RS_MODULES.checkMinimal!==undefined) window.RS_MODULES.checkMinimal()}\n\t\t\t\t<\/script>\n\t\t\t<\/rs-module-wrap>\n\t\t\t<!-- END REVOLUTION SLIDER -->\n[\/vc_column][\/vc_row][vc_row type=&#8220;vc_default&#8220; margin_top=&#8220;-50&#8243; bg_type=&#8220;image&#8220; parallax_style=&#8220;vcpb-vz-jquery&#8220; bg_image_new=&#8220;id^55373|url^https:\/\/jtom1.com\/wp-content\/uploads\/2022\/11\/bg_image_04.png|caption^null|alt^null|title^bg_image_04|description^null&#8220; bg_image_repeat=&#8220;no-repeat&#8220; bg_override=&#8220;ex-full&#8220; css=&#8220;.vc_custom_1668662423904{padding-bottom: 5% !important;}&#8220;][vc_column offset=&#8220;vc_col-lg-12 vc_col-md-12&#8243; css=&#8220;.vc_custom_1526059587576{padding-top: 100px !important;padding-bottom: 20px !important;}&#8220;]<div class=\"ult-spacer spacer-69dc30a49c864\" data-id=\"69dc30a49c864\" data-height=\"160\" data-height-mobile=\"160\" data-height-tab=\"160\" data-height-tab-portrait=\"\" data-height-mobile-landscape=\"\" style=\"clear:both;display:block;\"><\/div><div id=\"ultimate-heading-976069dc30a49c8b6\" class=\"uvc-heading ult-adjust-bottom-margin ultimate-heading-976069dc30a49c8b6 uvc-7461 accent-subtitle-color ffRC\" data-hspacer=\"no_spacer\"  data-halign=\"center\" style=\"text-align:center\"><div class=\"uvc-heading-spacer no_spacer\" style=\"top\"><\/div><div class=\"uvc-main-heading ult-responsive\"  data-ultimate-target='.uvc-heading.ultimate-heading-976069dc30a49c8b6 h2'  data-responsive-json-new='{\"font-size\":\"desktop:45px;mobile_landscape:30px;\",\"line-height\":\"desktop:50px;mobile_landscape:40px;\"}' ><h2 style=\"font-weight:bold;color:#ffffff;\">SEO<\/h2><\/div><div class=\"uvc-sub-heading ult-responsive\"  data-ultimate-target='.uvc-heading.ultimate-heading-976069dc30a49c8b6 .uvc-sub-heading '  data-responsive-json-new='{\"font-size\":\"desktop:32px;mobile_landscape:22px;\",\"line-height\":\"desktop:50px;mobile_landscape:32px;\"}'  style=\"font-family:&#039;Roboto&#039;;font-weight:normal;color:#ffffff;margin-bottom:25px;\">UNSERE DIENSTLEISTUNGEN<\/div><\/div>[\/vc_column][\/vc_row][vc_row margin_top=&#8220;100px&#8220; margin_bottom=&#8220;100px&#8220; css=&#8220;.vc_custom_1669869651685{margin-bottom: 100px !important;}&#8220; el_class=&#8220;seo_section1&#8243;][vc_column][vc_column_text css=&#8220;.vc_custom_1697420446903{margin-bottom: 20px !important;}&#8220;]<\/p>\n<h2 style=\"text-align: center;\">Suchmaschinenoptimierung (SEO)<\/h2>\n<p>[\/vc_column_text][vc_column_text css=&#8220;.vc_custom_1697420458903{margin-bottom: 30px !important;}&#8220; el_class=&#8220;sf_subCap&#8220;]<\/p>\n<p style=\"text-align: center;\">Durch Suchmaschinenoptimierung erh\u00f6hen wir die Anzahl g\u00fcltiger M\u00f6glichkeiten durch einen verbesserten nat\u00fcrlichen Zufluss auf die Homepage und steigern die Aktivit\u00e4t der Homepage. Je nachdem, welchen Einfluss es auf die Suchanfragen hat, kann sich auch das Suchranking des Kundenunternehmens \u00e4ndern und Auswirkungen auf den Umsatz haben. Der Gewinn des Wettbewerbs um Bekanntheit hat erhebliche Auswirkungen auf die Monopolstrategie auf dem Markt.<\/p>\n<p>[\/vc_column_text]<div class=\"ult-spacer spacer-69dc30a49c8fd\" data-id=\"69dc30a49c8fd\" data-height=\"30\" data-height-mobile=\"30\" data-height-tab=\"30\" data-height-tab-portrait=\"\" data-height-mobile-landscape=\"\" style=\"clear:both;display:block;\"><\/div>[vc_column_text css=&#8220;.vc_custom_1697420490160{margin-bottom: 30px !important;}&#8220;]<\/p>\n<h4 class=\"seo_subTit\">Warum Sie Suchmaschinenoptimierung (SEO) betreiben sollten<\/h4>\n<p>[\/vc_column_text]<div class=\"ult-spacer spacer-69dc30a49c929\" data-id=\"69dc30a49c929\" data-height=\"15\" data-height-mobile=\"0\" data-height-tab=\"\" data-height-tab-portrait=\"\" data-height-mobile-landscape=\"\" style=\"clear:both;display:block;\"><\/div>[vc_column_text css=&#8220;.vc_custom_1697420502795{margin-bottom: 30px !important;}&#8220;]<\/p>\n<div class=\"seo_reasonBox\">\n<div class=\"seo_reasonCol1\">\n<div class=\"seo_reasonTit\">\n<h5>Verbesserte Positionierung der Suchergebnisse<\/h5>\n<\/div>\n<div class=\"seo_reasonDes\">Etwa 90 % der Keyword-Suchen in Suchmaschinen erfolgen auf der ersten Seite, und die Pr\u00e4senz innerhalb von 3 Seiten ist g\u00fcltig.<\/div>\n<\/div>\n<div class=\"seo_reasonCol2\">\n<div class=\"seo_reasonTit\">\n<h5>Erh\u00f6hter nat\u00fcrlicher Verkehr durch verbesserte Belichtungsposition<\/h5>\n<\/div>\n<div class=\"seo_reasonDes\">Wenn der Verkehr, der \u00fcber nat\u00fcrlich sichtbare Suchergebnisse eingeht, zunimmt, kann die Wahrscheinlichkeit steigen, mit einer g\u00fcltigen Anfrage verbunden zu werden.<\/div>\n<\/div>\n<\/div>\n<p>[\/vc_column_text]<div class=\"ult-spacer spacer-69dc30a49c952\" data-id=\"69dc30a49c952\" data-height=\"30\" data-height-mobile=\"30\" data-height-tab=\"30\" data-height-tab-portrait=\"\" data-height-mobile-landscape=\"\" style=\"clear:both;display:block;\"><\/div>[vc_column_text css=&#8220;.vc_custom_1697420516348{margin-bottom: 30px !important;}&#8220;]<\/p>\n<h4 class=\"seo_subTit\">Prozess der Suchmaschinenoptimierung (SEO)<\/h4>\n<p>[\/vc_column_text][vc_column_text css=&#8220;.vc_custom_1697420533171{margin-bottom: 30px !important;}&#8220;]<\/p>\n<div class=\"seo_reasonBox seo-process-box\">\n<div class=\"seo-process-img\"><img decoding=\"async\" class=\"aligncenter size-full wp-image-55573\" src=\"\/wp-content\/uploads\/2022\/12\/SEO_02_image.png\" alt=\"\" height=\"430\" srcset=\"https:\/\/jtom1.com\/wp-content\/uploads\/2022\/12\/SEO_02_image.png 430w, https:\/\/jtom1.com\/wp-content\/uploads\/2022\/12\/SEO_02_image-300x300.png 300w, https:\/\/jtom1.com\/wp-content\/uploads\/2022\/12\/SEO_02_image-150x150.png 150w, https:\/\/jtom1.com\/wp-content\/uploads\/2022\/12\/SEO_02_image-200x200.png 200w\" sizes=\"(max-width: 430px) 100vw, 430px\" \/><\/div>\n<div class=\"seo-process-textBox\">\n<div class=\"seo-process-inneropt\"><strong class=\"inneropt-title\"><img decoding=\"async\" src=\"\/wp-content\/uploads\/2022\/12\/SEO_image_02_01.png\" \/>Interne Optimierung<\/strong><br \/>\nDiagnostizieren Sie die Homepage und pr\u00fcfen Sie sie auf etwaige M\u00e4ngel, Meta-Tags und Beschreibungen.<br \/>\nDer Prozess des Einf\u00fcgens von Schl\u00fcsselw\u00f6rtern usw. in die Homepage<\/div>\n<div class=\"seo-process-outteropt\"><strong class=\"outteropt-title\"><img decoding=\"async\" src=\"\/wp-content\/uploads\/2022\/12\/SEO_image_02_02.png\" \/>Externe Optimierung<\/strong><br \/>\nLinks zur Homepage wie Online-Webmedien und Backlinks<br \/>\nVerbessern Sie Ihre Position im Suchranking durch Inhalte<\/div>\n<\/div>\n<\/div>\n<p>[\/vc_column_text][vc_column_text css=&#8220;.vc_custom_1697420545811{margin-top: 50px !important;margin-bottom: 30px !important;}&#8220;]<\/p>\n<h4 class=\"seo_subTit\">Erwartete Auswirkungen der Suchmaschinenoptimierung (SEO)<\/h4>\n<p>[\/vc_column_text]<div class=\"ult-spacer spacer-69dc30a49c97b\" data-id=\"69dc30a49c97b\" data-height=\"30\" data-height-mobile=\"30\" data-height-tab=\"30\" data-height-tab-portrait=\"\" data-height-mobile-landscape=\"\" style=\"clear:both;display:block;\"><\/div>[vc_column_text css=&#8220;.vc_custom_1697420557947{margin-bottom: 60px !important;background-image: url(https:\/\/jtom1.com\/wp-content\/uploads\/2022\/12\/SEO_image_03.png?id=55535) !important;background-position: center !important;background-repeat: no-repeat !important;background-size: cover !important;}&#8220; el_class=&#8220;seo_subTit translation-effect&#8220; el_id=&#8220;seo-effect-desk&#8220;]<\/p>\n<div class=\"effect-textBox effect-textBox1\"><strong>Durch Stichwortsuche<br \/>\nSt\u00e4rkung der Unternehmenszug\u00e4nglichkeit<\/strong>Aufgrund einer verbesserten Suchmaschinenpr\u00e4senzposition<br \/>\nErh\u00f6hter Zufluss zur Unternehmenswebsite<br \/>\nSie k\u00f6nnen sich darauf freuen.<\/div>\n<div class=\"effect-textBox effect-textBox2\"><strong>Durch nat\u00fcrliche Suche<br \/>\nReduzieren Sie Werbekosten durch Top-Pr\u00e4senz statt bezahlter Keyword-Werbung<br \/>\nWerbekosten durch nat\u00fcrliche Belichtung<br \/>\nDu kannst speichern<br \/>\nNachhaltigere Suchergebnisse<br \/>\nBelichtung ist m\u00f6glich.<\/strong><\/div>\n<div class=\"effect-textBox effect-textBox3\"><strong>G\u00fcltig<br \/>\nErh\u00f6hung der M\u00f6glichkeit, Anfragen zu entdecken statt Zufluss durch Werbung,<br \/>\nNat\u00fcrlich mit Interesse vorgestellt<br \/>\nEs ist g\u00fcltig, weil es sich um Verkehr handelt<br \/>\nEs kann durch Nachfrage entwickelt werden.<\/strong><\/div>\n<p>[\/vc_column_text][vc_column_text css=&#8220;.vc_custom_1697420573183{margin-bottom: 80px !important;background-image: url(https:\/\/jtom1.com\/wp-content\/uploads\/2022\/12\/SEO_image_03_mob.png?id=55565) !important;background-position: center !important;background-repeat: no-repeat !important;background-size: contain !important;}&#8220; el_class=&#8220;seo_subTit translation-effect&#8220; el_id=&#8220;seo-effect-mo&#8220;]<\/p>\n<div class=\"effect-textBox effect-textBox1\"><strong>Durch Stichwortsuche<br \/>\nSt\u00e4rkung der Unternehmenszug\u00e4nglichkeit<\/strong>Aufgrund einer verbesserten Suchmaschinenpr\u00e4senzposition<br \/>\nErh\u00f6hter Zufluss zur Unternehmenswebsite<br \/>\nSie k\u00f6nnen sich darauf freuen.<\/div>\n<div class=\"effect-textBox effect-textBox2\"><strong>Durch nat\u00fcrliche Suche<br \/>\nReduzieren Sie Werbekosten durch Top-Pr\u00e4senz statt bezahlter Keyword-Werbung<br \/>\nWerbekosten durch nat\u00fcrliche Belichtung<br \/>\nDu kannst speichern<br \/>\nNachhaltigere Suchergebnisse<br \/>\nBelichtung ist m\u00f6glich.<\/strong><\/div>\n<div class=\"effect-textBox effect-textBox3\"><strong>G\u00fcltig<br \/>\nErh\u00f6hung der M\u00f6glichkeit, Anfragen zu entdecken statt Zufluss durch Werbung,<br \/>\nNat\u00fcrlich mit Interesse vorgestellt<br \/>\nEs ist g\u00fcltig, weil es sich um Verkehr handelt<br \/>\nEs kann durch Nachfrage entwickelt werden.<\/strong><\/div>\n<p>[\/vc_column_text][vc_column_text css=&#8220;.vc_custom_1697420588723{background-image: url(https:\/\/jtom1.com\/wp-content\/uploads\/2022\/12\/SEO_image_04.png?id=55545) !important;background-position: 0 0 !important;background-repeat: no-repeat !important;}&#8220; el_class=&#8220;seo_subTit translation-effect-3line&#8220; el_id=&#8220;seo-effect-3line-desk&#8220;]<\/p>\n<div class=\"effect-line-textBox effect-line-textBox1\"><strong>Suchmaschinenmarketing auf Basis von Webmedien<\/strong>Erstellung von englischsprachigen Unternehmensinhalten durch ein professionelles Content-Team<br \/>\nKontinuierliche Ver\u00f6ffentlichung in Online-Webmedien<br \/>\nRegelm\u00e4\u00dfige \u00dcberpr\u00fcfung der Medienliste<\/div>\n<div class=\"effect-line-textBox effect-line-textBox2\"><strong>Aktualisierung von Suchtrends mithilfe globaler Netzwerke und IT-Zentren<\/strong>Aktualisierte Technologie im Einklang mit Suchmaschinenalgorithmen, die kontinuierlich aktualisiert werden<br \/>\nPflege von Suchmaschinenoptimierungstrends mithilfe von IT-Zentren<\/div>\n<div class=\"effect-line-textBox effect-line-textBox3\"><strong>Enge, auf Unternehmensbed\u00fcrfnisse zugeschnittene Support-Leistungen<\/strong>Schnelle Reaktion auf wichtige Unternehmensanfragen<br \/>\nReflektiert so weit wie m\u00f6glich suchmaschinenbezogene Anfragen<\/div>\n<p>[\/vc_column_text][vc_column_text css=&#8220;.vc_custom_1697420603375{background-image: url(https:\/\/jtom1.com\/wp-content\/uploads\/2022\/12\/SEO_image_04_mob_03.png?id=55569) !important;background-position: center !important;background-repeat: no-repeat !important;background-size: cover !important;}&#8220; el_class=&#8220;seo_subTit translation-effect-3line&#8220; el_id=&#8220;seo-effect-3line-mo&#8220;]<\/p>\n<div class=\"effect-line-textBox effect-line-textBox1\"><strong>Suchmaschinenmarketing auf Basis von Webmedien<\/strong>Erstellung von englischsprachigen Unternehmensinhalten durch ein professionelles Content-Team<br \/>\nKontinuierliche Ver\u00f6ffentlichung in Online-Webmedien<br \/>\nRegelm\u00e4\u00dfige \u00dcberpr\u00fcfung der Medienliste<\/div>\n<div class=\"effect-line-textBox effect-line-textBox2\"><strong>Aktualisierung von Suchtrends mithilfe globaler Netzwerke und IT-Zentren<\/strong>Aktualisierte Technologie im Einklang mit Suchmaschinenalgorithmen, die kontinuierlich aktualisiert werden<br \/>\nPflege von Suchmaschinenoptimierungstrends mithilfe von IT-Zentren<\/div>\n<div class=\"effect-line-textBox effect-line-textBox3\"><strong>Enge, auf Unternehmensbed\u00fcrfnisse zugeschnittene Support-Leistungen<\/strong>Schnelle Reaktion auf wichtige Unternehmensanfragen<br \/>\nReflektiert so weit wie m\u00f6glich suchmaschinenbezogene Anfragen<\/div>\n<p>[\/vc_column_text][vc_column_text css=&#8220;.vc_custom_1697420641439{margin-top: 50px !important;margin-bottom: 50px !important;}&#8220;]<\/p>\n<h4 class=\"seo_subTit\">St\u00e4rken des Suchmaschinenmarketings<\/h4>\n<p>[\/vc_column_text]<div class=\"ult-spacer spacer-69dc30a49c9a2\" data-id=\"69dc30a49c9a2\" data-height=\"15\" data-height-mobile=\"0\" data-height-tab=\"\" data-height-tab-portrait=\"\" data-height-mobile-landscape=\"\" style=\"clear:both;display:block;\"><\/div>[vc_column_text css=&#8220;.vc_custom_1697420654129{background-position: center !important;background-repeat: no-repeat !important;background-size: cover !important;}&#8220;]<\/p>\n<div class=\"seo_reasonBox marketing-advantage\">\n<div class=\"marketing-box marketing-box1\"><strong><span class=\"box-num box-num1\">01<\/span><\/strong><br \/>\nDurch Website-Analyse<br \/>\nPr\u00fcfen Sie, was optimiert werden kann<\/div>\n<div class=\"marketing-box marketing-box2\"><strong><span class=\"box-num box-num2\">02<\/span><\/strong><br \/>\nIdentifizieren Sie anwendbare Verbesserungen und<br \/>\nAn den Website-Status anpassen<\/div>\n<div class=\"marketing-box marketing-box3\"><strong><span class=\"box-num box-num3\">03<\/span><\/strong><br \/>\nNutzen Sie aktiv ausl\u00e4ndische Webmedien und<br \/>\nAuf eine Weise, die den Inhalt verst\u00e4rken kann<br \/>\nVerbessern Sie Ihre Unternehmenswebsite<\/div>\n<\/div>\n<p>[\/vc_column_text][\/vc_column][\/vc_row]<\/p>\n","protected":false},"excerpt":{"rendered":"<p>[vc_row type=&#8220;vc_default&#8220; bg_type=&#8220;grad&#8220; bg_override=&#8220;ex-full&#8220; css=&#8220;.vc_custom_1457088446751{margin-top: -120px !important;}&#8220; bg_grad=&#8220;background: -webkit-gradient(linear, left top, left bottom, color-stop(0%, #10192A), color-stop(99%, #070A10));background: -moz-linear-gradient(top,#10192A 0%,#070A10 99%);background: -webkit-linear-gradient(top,#10192A 0%,#070A10 99%);background: -o-linear-gradient(top,#10192A 0%,#070A10 99%);background: -ms-linear-gradient(top,#10192A 0%,#070A10 99%);background: linear-gradient(top,#10192A 0%,#070A10 99%);&#8220;][vc_column offset=&#8220;vc_hidden-lg vc_hidden-md vc_hidden-sm vc_hidden-xs&#8220;][\/vc_column][\/vc_row][vc_row type=&#8220;vc_default&#8220; margin_top=&#8220;-50&#8243; bg_type=&#8220;image&#8220; parallax_style=&#8220;vcpb-vz-jquery&#8220; bg_image_new=&#8220;id^55373|url^https:\/\/jtom1.com\/wp-content\/uploads\/2022\/11\/bg_image_04.png|caption^null|alt^null|title^bg_image_04|description^null&#8220; bg_image_repeat=&#8220;no-repeat&#8220; bg_override=&#8220;ex-full&#8220; css=&#8220;.vc_custom_1668662423904{padding-bottom: 5% !important;}&#8220;][vc_column offset=&#8220;vc_col-lg-12 vc_col-md-12&#8243; css=&#8220;.vc_custom_1526059587576{padding-top: 100px !important;padding-bottom: 20px !important;}&#8220;][\/vc_column][\/vc_row][vc_row margin_top=&#8220;100px&#8220; margin_bottom=&#8220;100px&#8220;&hellip;<\/p>\n","protected":false},"author":1,"featured_media":0,"parent":0,"menu_order":0,"comment_status":"closed","ping_status":"closed","template":"template-microsite.php","meta":{"_exactmetrics_skip_tracking":false,"_exactmetrics_sitenote_active":false,"_exactmetrics_sitenote_note":"","_exactmetrics_sitenote_category":0,"jetpack_post_was_ever_published":false},"acf":[],"jetpack_sharing_enabled":true,"jetpack_shortlink":"https:\/\/wp.me\/PaJHB8-ePX","_links":{"self":[{"href":"https:\/\/jtom1.com\/de\/wp-json\/wp\/v2\/pages\/57037"}],"collection":[{"href":"https:\/\/jtom1.com\/de\/wp-json\/wp\/v2\/pages"}],"about":[{"href":"https:\/\/jtom1.com\/de\/wp-json\/wp\/v2\/types\/page"}],"author":[{"embeddable":true,"href":"https:\/\/jtom1.com\/de\/wp-json\/wp\/v2\/users\/1"}],"replies":[{"embeddable":true,"href":"https:\/\/jtom1.com\/de\/wp-json\/wp\/v2\/comments?post=57037"}],"version-history":[{"count":2,"href":"https:\/\/jtom1.com\/de\/wp-json\/wp\/v2\/pages\/57037\/revisions"}],"predecessor-version":[{"id":58355,"href":"https:\/\/jtom1.com\/de\/wp-json\/wp\/v2\/pages\/57037\/revisions\/58355"}],"wp:attachment":[{"href":"https:\/\/jtom1.com\/de\/wp-json\/wp\/v2\/media?parent=57037"}],"curies":[{"name":"wp","href":"https:\/\/api.w.org\/{rel}","templated":true}]}}