{"id":57002,"date":"2022-09-14T02:24:59","date_gmt":"2022-09-13T17:24:59","guid":{"rendered":"https:\/\/jtom1.com\/smartfactory\/"},"modified":"2023-10-17T15:02:00","modified_gmt":"2023-10-17T06:02:00","slug":"smartfactory","status":"publish","type":"page","link":"https:\/\/jtom1.com\/de\/smartfactory\/","title":{"rendered":"\uc2a4\ub9c8\ud2b8\ud329\ud1a0\ub9ac"},"content":{"rendered":"<p>[vc_row type=&#8220;vc_default&#8220; bg_type=&#8220;grad&#8220; bg_override=&#8220;ex-full&#8220; css=&#8220;.vc_custom_1457088446751{margin-top: -120px !important;}&#8220; bg_grad=&#8220;background: -webkit-gradient(linear, left top, left bottom, color-stop(0%, #10192A), color-stop(99%, #070A10));background: -moz-linear-gradient(top,#10192A 0%,#070A10 99%);background: -webkit-linear-gradient(top,#10192A 0%,#070A10 99%);background: -o-linear-gradient(top,#10192A 0%,#070A10 99%);background: -ms-linear-gradient(top,#10192A 0%,#070A10 99%);background: linear-gradient(top,#10192A 0%,#070A10 99%);&#8220;][vc_column offset=&#8220;vc_hidden-lg vc_hidden-md vc_hidden-sm vc_hidden-xs&#8220;]\n\t\t\t<!-- START website REVOLUTION SLIDER 6.6.20 --><p class=\"rs-p-wp-fix\"><\/p>\n\t\t\t<rs-module-wrap id=\"rev_slider_15_1_wrapper\" data-source=\"gallery\" style=\"visibility:hidden;background:#FFFFFF;padding:0;\">\n\t\t\t\t<rs-module id=\"rev_slider_15_1\" style=\"\" data-version=\"6.6.20\">\n\t\t\t\t\t<rs-slides style=\"overflow: hidden; position: absolute;\">\n\t\t\t\t\t\t<rs-slide style=\"position: absolute;\" data-key=\"rs-25\" data-title=\"Slide\" data-anim=\"adpr:false;\" data-in=\"o:0;\" data-out=\"a:false;\">\n\t\t\t\t\t\t\t<img src=\"\/\/jtom1.com\/wp-content\/plugins\/revslider\/public\/assets\/assets\/dummy.png\" alt=\"\" title=\"\uc2a4\ub9c8\ud2b8\ud329\ud1a0\ub9ac\" class=\"rev-slidebg tp-rs-img rs-lazyload\" data-lazyload=\"\/\/homejtom1.mycafe24.com\/wp-content\/uploads\/2019\/02\/JTom1_hp_sl_01_bg_01.jpg\" data-parallax=\"off\" data-no-retina>\n<!--\n\t\t\t\t\t\t\t--><a\n\t\t\t\t\t\t\t\tid=\"slider-15-slide-25-layer-36\" \n\t\t\t\t\t\t\t\tclass=\"rs-layer dt-product-link\"\n\t\t\t\t\t\t\t\thref=\"\/portfolio\/\" target=\"_self\"\n\t\t\t\t\t\t\t\tdata-type=\"text\"\n\t\t\t\t\t\t\t\tdata-color=\"#000000||#000000||rgba(1, 136, 204, 1)||rgba(1, 136, 204, 1)\"\n\t\t\t\t\t\t\t\tdata-rsp_ch=\"on\"\n\t\t\t\t\t\t\t\tdata-xy=\"x:l,l,c,c;xo:904px,904px,-77px,-77px;y:m,m,t,t;yo:75px,75px,484px,484px;\"\n\t\t\t\t\t\t\t\tdata-text=\"w:normal;s:20,20,22,24;l:28,28,22,24;\"\n\t\t\t\t\t\t\t\tdata-dim=\"w:160px;\"\n\t\t\t\t\t\t\t\tdata-frame_1=\"e:power2.inOut;st:4760;sp:900;sR:4760;\"\n\t\t\t\t\t\t\t\tdata-frame_999=\"o:0;e:nothing;st:w;sR:3340;\"\n\t\t\t\t\t\t\t\tdata-frame_hover=\"c:#fff;oX:50;oY:50;sp:0;e:none;\"\n\t\t\t\t\t\t\t\tstyle=\"z-index:7;font-family:'Roboto Condensed';text-decoration:none;\"\n\t\t\t\t\t\t\t>Explore <i class=\"fa fa-angle-right\"><\/i> \n\t\t\t\t\t\t\t<\/a><!--\n\n\t\t\t\t\t\t\t--><rs-layer\n\t\t\t\t\t\t\t\tid=\"slider-15-slide-25-layer-47\" \n\t\t\t\t\t\t\t\tdata-type=\"image\"\n\t\t\t\t\t\t\t\tdata-rsp_ch=\"on\"\n\t\t\t\t\t\t\t\tdata-xy=\"xo:-51px;yo:416px;\"\n\t\t\t\t\t\t\t\tdata-text=\"l:22;a:inherit;\"\n\t\t\t\t\t\t\t\tdata-dim=\"w:['542px','542px','542px','542px'];h:['349px','349px','349px','349px'];\"\n\t\t\t\t\t\t\t\tdata-frame_1=\"st:870;sp:1700;sR:870;\"\n\t\t\t\t\t\t\t\tdata-frame_999=\"o:0;st:w;sR:6430;\"\n\t\t\t\t\t\t\t\tstyle=\"z-index:10;\"\n\t\t\t\t\t\t\t><img src=\"\/\/jtom1.com\/wp-content\/plugins\/revslider\/public\/assets\/assets\/dummy.png\" alt=\"\" class=\"tp-rs-img rs-lazyload\" width=\"811\" height=\"522\" data-lazyload=\"\/\/jtom1.com\/wp-content\/uploads\/2022\/10\/JTom1_hp_sl_01_ntb.png\" data-no-retina> \n\t\t\t\t\t\t\t<\/rs-layer><!--\n\n\t\t\t\t\t\t\t--><rs-layer\n\t\t\t\t\t\t\t\tid=\"slider-15-slide-25-layer-48\" \n\t\t\t\t\t\t\t\tdata-type=\"image\"\n\t\t\t\t\t\t\t\tdata-rsp_ch=\"on\"\n\t\t\t\t\t\t\t\tdata-xy=\"xo:281px;yo:250px;\"\n\t\t\t\t\t\t\t\tdata-text=\"l:22;a:inherit;\"\n\t\t\t\t\t\t\t\tdata-dim=\"w:['621px','621px','621px','621px'];h:['552px','552px','552px','552px'];\"\n\t\t\t\t\t\t\t\tdata-frame_1=\"st:1460;sp:1550;sR:1460;\"\n\t\t\t\t\t\t\t\tdata-frame_999=\"o:0;st:w;sR:5990;\"\n\t\t\t\t\t\t\t\tstyle=\"z-index:11;\"\n\t\t\t\t\t\t\t><img src=\"\/\/jtom1.com\/wp-content\/plugins\/revslider\/public\/assets\/assets\/dummy.png\" alt=\"\" class=\"tp-rs-img rs-lazyload\" width=\"916\" height=\"814\" data-lazyload=\"\/\/jtom1.com\/wp-content\/uploads\/2022\/10\/JTom1_hp_sl_01_m.png\" data-no-retina> \n\t\t\t\t\t\t\t<\/rs-layer><!--\n\n\t\t\t\t\t\t\t--><rs-layer\n\t\t\t\t\t\t\t\tid=\"slider-15-slide-25-layer-49\" \n\t\t\t\t\t\t\t\tdata-type=\"image\"\n\t\t\t\t\t\t\t\tdata-rsp_ch=\"on\"\n\t\t\t\t\t\t\t\tdata-xy=\"xo:805px;yo:514px;\"\n\t\t\t\t\t\t\t\tdata-text=\"w:normal;l:22;a:inherit;\"\n\t\t\t\t\t\t\t\tdata-dim=\"w:['305px','305px','305px','305px'];h:['213px','213px','213px','213px'];\"\n\t\t\t\t\t\t\t\tdata-frame_1=\"st:1990;sp:1250;sR:1990;\"\n\t\t\t\t\t\t\t\tdata-frame_999=\"o:0;st:w;sR:5760;\"\n\t\t\t\t\t\t\t\tstyle=\"z-index:12;\"\n\t\t\t\t\t\t\t><img src=\"\/\/jtom1.com\/wp-content\/plugins\/revslider\/public\/assets\/assets\/dummy.png\" alt=\"\" class=\"tp-rs-img rs-lazyload\" width=\"510\" height=\"356\" data-lazyload=\"\/\/jtom1.com\/wp-content\/uploads\/2022\/10\/JTom1_hp_sl_01_tb.png\" data-no-retina> \n\t\t\t\t\t\t\t<\/rs-layer><!--\n\n\t\t\t\t\t\t\t--><rs-layer\n\t\t\t\t\t\t\t\tid=\"slider-15-slide-25-layer-50\" \n\t\t\t\t\t\t\t\tdata-type=\"image\"\n\t\t\t\t\t\t\t\tdata-rsp_ch=\"on\"\n\t\t\t\t\t\t\t\tdata-xy=\"xo:767px;yo:563px;\"\n\t\t\t\t\t\t\t\tdata-text=\"w:normal;l:22;a:inherit;\"\n\t\t\t\t\t\t\t\tdata-dim=\"w:['79px','79px','79px','79px'];h:['166px','166px','166px','166px'];\"\n\t\t\t\t\t\t\t\tdata-frame_1=\"st:2400;sp:1190;sR:2400;\"\n\t\t\t\t\t\t\t\tdata-frame_999=\"o:0;st:w;sR:5410;\"\n\t\t\t\t\t\t\t\tstyle=\"z-index:13;\"\n\t\t\t\t\t\t\t><img src=\"\/\/jtom1.com\/wp-content\/plugins\/revslider\/public\/assets\/assets\/dummy.png\" alt=\"\" class=\"tp-rs-img rs-lazyload\" width=\"226\" height=\"476\" data-lazyload=\"\/\/jtom1.com\/wp-content\/uploads\/2022\/10\/JTom1_hp_sl_01_p.png\" data-no-retina> \n\t\t\t\t\t\t\t<\/rs-layer><!--\n\n\t\t\t\t\t\t\t--><rs-layer\n\t\t\t\t\t\t\t\tid=\"slider-15-slide-25-layer-52\" \n\t\t\t\t\t\t\t\tdata-type=\"text\"\n\t\t\t\t\t\t\t\tdata-color=\"#000000\"\n\t\t\t\t\t\t\t\tdata-rsp_ch=\"on\"\n\t\t\t\t\t\t\t\tdata-xy=\"xo:450px;yo:182px;\"\n\t\t\t\t\t\t\t\tdata-text=\"l:20;fw:500;a:inherit;\"\n\t\t\t\t\t\t\t\tdata-frame_1=\"st:3120;sp:760;sR:3120;\"\n\t\t\t\t\t\t\t\tdata-frame_999=\"o:0;st:w;sR:5120;\"\n\t\t\t\t\t\t\t\tstyle=\"z-index:14;font-family:'Open Sans';\"\n\t\t\t\t\t\t\t>\uc0ac\uc6a9\uc790 \uacbd\ud5d8 \uae30\ubc18\uc758 \ub514\uc790\uc778\uacfc \n\t\t\t\t\t\t\t<\/rs-layer><!--\n\n\t\t\t\t\t\t\t--><rs-layer\n\t\t\t\t\t\t\t\tid=\"slider-15-slide-25-layer-53\" \n\t\t\t\t\t\t\t\tdata-type=\"text\"\n\t\t\t\t\t\t\t\tdata-color=\"#000000\"\n\t\t\t\t\t\t\t\tdata-rsp_ch=\"on\"\n\t\t\t\t\t\t\t\tdata-xy=\"xo:359px;yo:212px;\"\n\t\t\t\t\t\t\t\tdata-text=\"l:20;fw:500;a:inherit;\"\n\t\t\t\t\t\t\t\tdata-frame_1=\"st:3120;sp:760;sR:3120;\"\n\t\t\t\t\t\t\t\tdata-frame_999=\"o:0;st:w;sR:5120;\"\n\t\t\t\t\t\t\t\tstyle=\"z-index:15;font-family:'Open Sans';\"\n\t\t\t\t\t\t\t>\uac01 \ube0c\ub77c\uc6b0\uc800\uc5d0 \ubc18\uc751\ud558\ub294 \uc6f9\uc0ac\uc774\ud2b8\ub97c \uc81c\uc791\ud569\ub2c8\ub2e4. \n\t\t\t\t\t\t\t<\/rs-layer><!--\n\n\t\t\t\t\t\t\t--><rs-layer\n\t\t\t\t\t\t\t\tid=\"slider-15-slide-25-layer-54\" \n\t\t\t\t\t\t\t\tdata-type=\"text\"\n\t\t\t\t\t\t\t\tdata-color=\"#000000\"\n\t\t\t\t\t\t\t\tdata-rsp_ch=\"on\"\n\t\t\t\t\t\t\t\tdata-xy=\"xo:902px;yo:256px;\"\n\t\t\t\t\t\t\t\tdata-text=\"s:60;l:50;fw:700;a:inherit;\"\n\t\t\t\t\t\t\t\tdata-dim=\"w:238px;\"\n\t\t\t\t\t\t\t\tdata-frame_1=\"st:3890;sp:520;sR:3890;\"\n\t\t\t\t\t\t\t\tdata-frame_999=\"o:0;st:w;sR:4590;\"\n\t\t\t\t\t\t\t\tstyle=\"z-index:16;font-family:'Roboto Condensed';\"\n\t\t\t\t\t\t\t>Creative\n \n\t\t\t\t\t\t\t<\/rs-layer><!--\n\n\t\t\t\t\t\t\t--><rs-layer\n\t\t\t\t\t\t\t\tid=\"slider-15-slide-25-layer-55\" \n\t\t\t\t\t\t\t\tdata-type=\"text\"\n\t\t\t\t\t\t\t\tdata-color=\"#000000\"\n\t\t\t\t\t\t\t\tdata-rsp_ch=\"on\"\n\t\t\t\t\t\t\t\tdata-xy=\"xo:901px;yo:319px;\"\n\t\t\t\t\t\t\t\tdata-text=\"s:60;l:50;fw:700;a:inherit;\"\n\t\t\t\t\t\t\t\tdata-frame_1=\"st:4250;sp:540;sR:4250;\"\n\t\t\t\t\t\t\t\tdata-frame_999=\"o:0;st:w;sR:4210;\"\n\t\t\t\t\t\t\t\tstyle=\"z-index:17;font-family:'Roboto Condensed';\"\n\t\t\t\t\t\t\t>Modern \n\t\t\t\t\t\t\t<\/rs-layer><!--\n\n\t\t\t\t\t\t\t--><rs-layer\n\t\t\t\t\t\t\t\tid=\"slider-15-slide-25-layer-56\" \n\t\t\t\t\t\t\t\tdata-type=\"text\"\n\t\t\t\t\t\t\t\tdata-color=\"#000000\"\n\t\t\t\t\t\t\t\tdata-rsp_ch=\"on\"\n\t\t\t\t\t\t\t\tdata-xy=\"xo:902px;yo:383px;\"\n\t\t\t\t\t\t\t\tdata-text=\"s:60;l:50;fw:700;a:inherit;\"\n\t\t\t\t\t\t\t\tdata-frame_1=\"st:4580;sp:610;sR:4580;\"\n\t\t\t\t\t\t\t\tdata-frame_999=\"o:0;st:w;sR:3810;\"\n\t\t\t\t\t\t\t\tstyle=\"z-index:18;font-family:'Roboto Condensed';\"\n\t\t\t\t\t\t\t>Website \n\t\t\t\t\t\t\t<\/rs-layer><!--\n-->\t\t\t\t\t\t<\/rs-slide>\n\t\t\t\t\t<\/rs-slides>\n\t\t\t\t<\/rs-module>\n\t\t\t\t<script>\n\t\t\t\t\tsetREVStartSize({c: 'rev_slider_15_1',rl:[1240,1240,778,480],el:[800,800,498,800],gw:[1250,1250,600,600],gh:[800,800,800,800],type:'hero',justify:'',layout:'fullscreen',offsetContainer:'',offset:'',mh:\"0\"});if (window.RS_MODULES!==undefined && window.RS_MODULES.modules!==undefined && window.RS_MODULES.modules[\"revslider151\"]!==undefined) {window.RS_MODULES.modules[\"revslider151\"].once = false;window.revapi15 = undefined;if (window.RS_MODULES.checkMinimal!==undefined) window.RS_MODULES.checkMinimal()}\n\t\t\t\t<\/script>\n\t\t\t<\/rs-module-wrap>\n\t\t\t<!-- END REVOLUTION SLIDER -->\n[\/vc_column][\/vc_row][vc_row type=&#8220;vc_default&#8220; margin_top=&#8220;-50&#8243; bg_type=&#8220;image&#8220; parallax_style=&#8220;vcpb-vz-jquery&#8220; bg_image_new=&#8220;id^55373|url^https:\/\/jtom1.com\/wp-content\/uploads\/2022\/11\/bg_image_04.png|caption^null|alt^null|title^bg_image_04|description^null&#8220; bg_image_repeat=&#8220;no-repeat&#8220; bg_override=&#8220;ex-full&#8220; css=&#8220;.vc_custom_1669011262087{padding-bottom: 5% !important;}&#8220;][vc_column offset=&#8220;vc_col-lg-12 vc_col-md-12&#8243; css=&#8220;.vc_custom_1526059587576{padding-top: 100px !important;padding-bottom: 20px !important;}&#8220;]<div class=\"ult-spacer spacer-69dbba1d5c444\" data-id=\"69dbba1d5c444\" data-height=\"160\" data-height-mobile=\"160\" data-height-tab=\"160\" data-height-tab-portrait=\"\" data-height-mobile-landscape=\"\" style=\"clear:both;display:block;\"><\/div><div id=\"ultimate-heading-16569dbba1d5c4a0\" class=\"uvc-heading ult-adjust-bottom-margin ultimate-heading-16569dbba1d5c4a0 uvc-2070 accent-subtitle-color ffRC\" data-hspacer=\"no_spacer\"  data-halign=\"center\" style=\"text-align:center\"><div class=\"uvc-heading-spacer no_spacer\" style=\"top\"><\/div><div class=\"uvc-main-heading ult-responsive\"  data-ultimate-target='.uvc-heading.ultimate-heading-16569dbba1d5c4a0 h2'  data-responsive-json-new='{\"font-size\":\"desktop:45px;mobile_landscape:30px;\",\"line-height\":\"desktop:50px;mobile_landscape:40px;\"}' ><h2 style=\"font-weight:bold;color:#ffffff;\">intelligente Fabrik<\/h2><\/div><div class=\"uvc-sub-heading ult-responsive\"  data-ultimate-target='.uvc-heading.ultimate-heading-16569dbba1d5c4a0 .uvc-sub-heading '  data-responsive-json-new='{\"font-size\":\"desktop:32px;mobile_landscape:22px;\",\"line-height\":\"desktop:50px;mobile_landscape:32px;\"}'  style=\"font-family:&#039;Roboto&#039;;font-weight:normal;color:#ffffff;margin-bottom:25px;\">UNSERE DIENSTLEISTUNGEN<\/div><\/div>[\/vc_column][\/vc_row][vc_row margin_top=&#8220;100px&#8220; margin_bottom=&#8220;100px&#8220; css=&#8220;.vc_custom_1669014714641{margin-bottom: 100px !important;}&#8220; el_class=&#8220;sf_section1&#8243;][vc_column][vc_column_text css=&#8220;.vc_custom_1697419069293{margin-bottom: 30px !important;}&#8220;]<\/p>\n<h2 style=\"text-align: center;\">Entwicklung eines staatlich gef\u00f6rderten Projekts \u201eSmart Factory\u201c<\/h2>\n<p>[\/vc_column_text][vc_column_text css=&#8220;.vc_custom_1697419091588{margin-bottom: 30px !important;}&#8220; el_class=&#8220;sf_subCap&#8220;]<\/p>\n<p style=\"text-align: center;\">Smart Factory ist eine auf den Menschen ausgerichtete Spitzentechnologie, die alle Produktionsprozesse von der Produktplanung bis zum Verkauf mit IKT-Technologie (Information und Kommunikation) integriert, um ma\u00dfgeschneiderte Produkte zu minimalen Kosten herzustellen und Zeit. Es steht f\u00fcr intelligente Fabrik.<br \/>\nJtomorrowone Co.,Ltd. bietet Unternehmenskunden Anleitungen zur Realisierung einer perfekten Smart Factory im Zusammenhang mit staatlichen F\u00f6rderprojekten.<\/p>\n<p>[\/vc_column_text][vc_column_text css=&#8220;.vc_custom_1697419104388{margin-bottom: 30px !important;}&#8220;]<\/p>\n<h4 class=\"sf_intro\">Alle Fertigungsprozesse werden intelligenter<\/h4>\n<p>[\/vc_column_text][vc_single_image image=&#8220;59546&#8243; img_size=&#8220;full&#8220; alignment=&#8220;center&#8220;][vc_column_text css=&#8220;.vc_custom_1697419115340{margin-bottom: 30px !important;}&#8220;]<\/p>\n<div class=\"sf_intro_txt1\">\n<div>Im virtuellen Raum<br \/>\nSimulation vor der Produktproduktion<\/div>\n<div>Zwischen Ausr\u00fcstung-Material-System<br \/>\nInformationsaustausch in Echtzeit<\/div>\n<div>An den Produktionsstand angepasst<br \/>\nAutomatische Auftragserteilung in Echtzeit<\/div>\n<\/div>\n<p>[\/vc_column_text][vc_column_text css=&#8220;.vc_custom_1697419127764{margin-bottom: 30px !important;}&#8220;]<\/p>\n<div class=\"sf_intro_txt2\">\n<div>den Zeitraum verk\u00fcrzen,<br \/>\nKundenspezifische Produktentwicklung<\/div>\n<div>Massenproduktion einer Vielzahl von Produkten,<br \/>\nInventar der Effizienz von Energieanlagen<\/div>\n<div>Lagerkosten reduzieren,<br \/>\nZusammenarbeit in allen Bereichen inklusive Qualit\u00e4t und Logistik<\/div>\n<\/div>\n<p>[\/vc_column_text][\/vc_column][\/vc_row][vc_row margin_top=&#8220;100px&#8220; margin_bottom=&#8220;100px&#8220; css=&#8220;.vc_custom_1669014724652{margin-bottom: 100px !important;}&#8220; el_class=&#8220;sf_section2&#8243;][vc_column][vc_column_text css=&#8220;.vc_custom_1697419144568{margin-bottom: 30px !important;}&#8220;]<\/p>\n<h2 style=\"text-align: center;\">Intelligente Fabriken f\u00fcr Fertigungsinnovationen verbinden<\/h2>\n<p>[\/vc_column_text][vc_column_text css=&#8220;.vc_custom_1697419172265{margin-bottom: 30px !important;}&#8220; el_class=&#8220;sf_subCap&#8220;]<\/p>\n<p style=\"text-align: center;\">Eine intelligente Fabrik muss in der Lage sein, den Datenfluss am Produktionsstandort auf der Grundlage von ERP genau zu verstehen.<br \/>\nDurch die Verkn\u00fcpfung der verschiedenen f\u00fcr eine Smart Factory erforderlichen L\u00f6sungen wird die vom Unternehmen gew\u00fcnschte Smart Factory verwirklicht und der erste Schritt zur Fertigungsinnovation beginnt. Jtomorrowone Co.,Ltd. verbindet die Zukunft f\u00fcr eine perfekte Smart Factory.<\/p>\n<p>[\/vc_column_text][vc_single_image image=&#8220;59553&#8243; img_size=&#8220;full&#8220; alignment=&#8220;center&#8220;][\/vc_column][\/vc_row][vc_row margin_top=&#8220;100px&#8220; margin_bottom=&#8220;100px&#8220; css=&#8220;.vc_custom_1669014745342{margin-bottom: 100px !important;}&#8220; el_class=&#8220;sf_section3&#8243;][vc_column][vc_column_text css=&#8220;.vc_custom_1697419185321{margin-bottom: 30px !important;}&#8220;]<\/p>\n<h2 style=\"text-align: center;\">Schrittweiser Aufbau je nach Unternehmensgr\u00f6\u00dfe m\u00f6glich<\/h2>\n<p>[\/vc_column_text][vc_column_text css=&#8220;.vc_custom_1697419211908{margin-bottom: 30px !important;}&#8220; el_class=&#8220;sf_subCap&#8220;]<\/p>\n<p style=\"text-align: center;\">Die Smart-Factory-Supportstufe erm\u00f6glicht es Ihnen, je nach Unternehmenssituation die passende Stufe und Funktion auszuw\u00e4hlen und entsprechend eine schrittweise Umsetzung zu erm\u00f6glichen.<br \/>\nWir schaffen eine Grundlage, mit der kleine und mittlere Unternehmen problemlos und zu relativ geringen Kosten beginnen k\u00f6nnen, und wir sind mit den Ergebnissen zufrieden, die unsere Erwartungen \u00fcbertroffen haben.<br \/>\nSchon auf der Basisebene einer Smart Factory k\u00f6nnen in Echtzeit produzierte Produkte gez\u00e4hlt und verwaltet werden, und sogar eine Materialhistorienverwaltung (Chargenverfolgung) ist m\u00f6glich.<\/p>\n<p>[\/vc_column_text][vc_column_text css=&#8220;.vc_custom_1697419288978{margin-bottom: 30px !important;}&#8220; el_class=&#8220;sf_stageTab&#8220;]<\/p>\n<table id=\"factory_tab\">\n<thead>\n<tr>\n<th>Trennung<\/th>\n<th>Automatisierung vor Ort<\/th>\n<th>Werksbetrieb<\/th>\n<th>Unternehmensressourcenmanagement<\/th>\n<th>Produktentwicklung<\/th>\n<th>Lieferkettenmanagement<\/th>\n<\/tr>\n<\/thead>\n<tbody>\n<tr>\n<td class=\"fac_fc\" rowspan=\"2\">H\u00f6he<\/td>\n<td colspan=\"4\">CPS basierend auf IoT\/IoS<\/td>\n<td rowspan=\"2\">Im Internetraum<br \/>\nGesch\u00e4ft<br \/>\nCPS-Netzwerkzusammenarbeit<\/td>\n<\/tr>\n<tr>\n<td>IoT\/IoSifizierung<\/td>\n<td colspan=\"3\">IoT\/IoS (modular) Big Data-basierte Diagnose und Betrieb<\/td>\n<\/tr>\n<tr>\n<td class=\"fac_fc\">Mitte 2<\/td>\n<td>Automatisierte Anlagensteuerung<\/td>\n<td>Fabrikkontrolle in Echtzeit<\/td>\n<td>Integrierter Fabrikbetrieb<\/td>\n<td>Simulation und Stapelverarbeitung<br \/>\nProzessautomatisierung<\/td>\n<td>Zusammenarbeit bei der Entwicklung mehrerer Produkte<\/td>\n<\/tr>\n<tr>\n<td class=\"fac_fc\">Mitte 1<\/td>\n<td>Automatische Erfassung von Ger\u00e4tedaten<\/td>\n<td>Entscheidungsfindung in Echtzeit<\/td>\n<td>Integration zwischen Funktionen<\/td>\n<td>Erstellen Sie technische Informationen<br \/>\nAutomatisierung und Zusammenarbeit<\/td>\n<td>Zusammenarbeit bei der Produktion mehrerer Produkte<\/td>\n<\/tr>\n<tr>\n<td class=\"fac_fc\">Grundlagen<\/td>\n<td>Automatisierte Leistungsz\u00e4hlung<\/td>\n<td>Prozesslogistikmanagement (POP)<\/td>\n<td>Konzentrieren Sie sich auf Managementfunktionen<br \/>\nIndividuelle Bedienung von Funktionen<\/td>\n<td>\u00fcber Server<br \/>\nTechnologie-\/Liefermanagement<\/td>\n<td>Vertrauen auf eine einzige Muttergesellschaft<\/td>\n<\/tr>\n<tr>\n<td class=\"fac_fc\">IKT nicht angewendet<\/td>\n<td>Handgefertigt<\/td>\n<td>Handgefertigt<\/td>\n<td>Handgefertigt<\/td>\n<td>Handgefertigt<\/td>\n<td>Telefon- und E-Mail-Zusammenarbeit<\/td>\n<\/tr>\n<\/tbody>\n<\/table>\n<p>[\/vc_column_text][\/vc_column][\/vc_row][vc_row margin_top=&#8220;100px&#8220; css=&#8220;.vc_custom_1669270896511{margin-bottom: 100px !important;}&#8220; el_class=&#8220;sf_section4&#8243;][vc_column][vc_column_text css=&#8220;.vc_custom_1697419306585{margin-bottom: 30px !important;}&#8220;]<\/p>\n<h2 style=\"text-align: center;\">Von der Smart Factory zur intelligenten Fabrik<\/h2>\n<p>[\/vc_column_text][vc_column_text css=&#8220;.vc_custom_1697419318041{margin-bottom: 30px !important;}&#8220; el_class=&#8220;sf_subCap&#8220;]<\/p>\n<h3 style=\"text-align: center;\">(1) Notwendigkeit der Einf\u00fchrung eines Standardsystems<\/h3>\n<p style=\"text-align: center;\">Mit der Einf\u00fchrung von ERP f\u00fcr intelligente Fabriken wird sich die Managementinformationssystemumgebung des Unternehmens stark von der bestehenden unterscheiden. Clevere ERP-Systeme sind erstklassig<br \/>\nMuss in der Lage sein, zur Entscheidungsfindung beizutragen. Es ist wichtig, verstreute Aufgaben zu integrieren und Daten gem\u00e4\u00df Regeln und Standards zu erstellen. Dadurch die Zukunft<br \/>\nSie k\u00f6nnen einer ultraintelligenten Fabrik n\u00e4her kommen.<\/p>\n<p>[\/vc_column_text][vc_column_text css=&#8220;.vc_custom_1697522512981{margin-bottom: 30px !important;}&#8220;]<\/p>\n<div class=\"sf_changeBox1\">\n<div class=\"changeTit1\">\n<h4>AS-IS<\/h4>\n<ul>\n<li><img decoding=\"async\" loading=\"lazy\" class=\"aligncenter size-full wp-image-59561\" src=\"https:\/\/jtom1.com\/wp-content\/uploads\/2023\/10\/German_03-1.png\" alt=\"\" width=\"370\" height=\"365\" srcset=\"https:\/\/jtom1.com\/wp-content\/uploads\/2023\/10\/German_03-1.png 370w, https:\/\/jtom1.com\/wp-content\/uploads\/2023\/10\/German_03-1-300x296.png 300w\" sizes=\"(max-width: 370px) 100vw, 370px\" \/><\/li>\n<\/ul>\n<\/div>\n<div class=\"changeTit2\">\n<h4>TO-BE<\/h4>\n<ul>\n<li><img decoding=\"async\" loading=\"lazy\" class=\"aligncenter size-full wp-image-59568\" src=\"https:\/\/jtom1.com\/wp-content\/uploads\/2023\/10\/German_04-1.png\" alt=\"\" width=\"370\" height=\"365\" srcset=\"https:\/\/jtom1.com\/wp-content\/uploads\/2023\/10\/German_04-1.png 370w, https:\/\/jtom1.com\/wp-content\/uploads\/2023\/10\/German_04-1-300x296.png 300w\" sizes=\"(max-width: 370px) 100vw, 370px\" \/><\/li>\n<\/ul>\n<\/div>\n<\/div>\n<p>[\/vc_column_text][vc_empty_space height=&#8220;50&#8243;][vc_column_text css=&#8220;.vc_custom_1697419347281{margin-bottom: 30px !important;}&#8220; el_class=&#8220;sf_subCap&#8220;]<\/p>\n<h3 style=\"text-align: center;\">(2) Ver\u00e4nderungen in der Smart-Factory-Arbeit<\/h3>\n<p style=\"text-align: center;\">Integrierte Logistik- und Finanzdaten k\u00f6nnen voraussichtlich die Effizienz im Management verbessern, was die Wettbewerbsf\u00e4higkeit der Produktion st\u00e4rken und eine h\u00f6here Standardisierung der Arbeit erreichen kann.<br \/>\nEs gibt. Es tr\u00e4gt auch zur Entscheidungsfindung auf h\u00f6chster Ebene bei. Dadurch k\u00f6nnen wir sogar den Grundstein f\u00fcr Innovationen f\u00fcr die Expansion neuer Gesch\u00e4fte legen.<\/p>\n<p>[\/vc_column_text][vc_column_text css=&#8220;.vc_custom_1697419374853{margin-bottom: 30px !important;}&#8220;]<\/p>\n<div class=\"sf_changeBox2\">\n<div class=\"changeTit1\">\n<h4>AS-IS (begrenzter Strom)<\/h4>\n<ul>\n<li>Reduzierte Arbeitseffizienz und Zuverl\u00e4ssigkeit durch getrennte Systemverwaltung f\u00fcr Finanzen und Logistik<\/li>\n<li>Muss einen unternehmensweiten Arbeitsprozess und eine Systemstruktur zur Vorbereitung der Gesch\u00e4ftsexpansion etablieren<\/li>\n<li>Muss die Fehlerrate durch Produktionsprozessmanagement und Qualit\u00e4tskontroll-Aktivit\u00e4tsplan reduzieren<\/li>\n<li>Es ist notwendig, Informationen \u00fcber das System auszutauschen, Entscheidungsinformationen in Echtzeit bereitzustellen und die mehrdimensionale Gewinn- und Verlustanalyse zu verbessern<\/li>\n<\/ul>\n<\/div>\n<div class=\"changeTit2\">\n<h4>TO-BE (Hauptvorteile, erweiterbare Zukunft)<\/h4>\n<ul>\n<li>Einrichtung eines Stammdatensystems und eines neuen\/ge\u00e4nderten Prozesses<\/li>\n<li>Einrichtung eines Empfangs-\/Auszahlungsverarbeitungssystems basierend auf Einkauf\/Outsourcing und Empfangs-\/Auszahlungsbasis<\/li>\n<li>Kontinuierliche Kostensenkung durch Kostenanalyse der Ist-Kosten m\u00f6glich<\/li>\n<li>Intelligentes Produktionsmanagement m\u00f6glich durch Echtzeit-Flussbest\u00e4tigung und Einrichtung eines \u00dcberwachungssystems durch IKT-Anbindung<\/li>\n<li>Verf\u00fcgbar, um Managementinformationen und verschiedene Berichte f\u00fcr jede Aufgabe aus dem Informationssystem bereitzustellen, die die strategische Entscheidungsfindung unterst\u00fctzen k\u00f6nnen<\/li>\n<\/ul>\n<\/div>\n<\/div>\n<p>[\/vc_column_text][\/vc_column][\/vc_row]<\/p>\n","protected":false},"excerpt":{"rendered":"<p>[vc_row type=&#8220;vc_default&#8220; bg_type=&#8220;grad&#8220; bg_override=&#8220;ex-full&#8220; css=&#8220;.vc_custom_1457088446751{margin-top: -120px !important;}&#8220; bg_grad=&#8220;background: -webkit-gradient(linear, left top, left bottom, color-stop(0%, #10192A), color-stop(99%, #070A10));background: -moz-linear-gradient(top,#10192A 0%,#070A10 99%);background: -webkit-linear-gradient(top,#10192A 0%,#070A10 99%);background: -o-linear-gradient(top,#10192A 0%,#070A10 99%);background: -ms-linear-gradient(top,#10192A 0%,#070A10 99%);background: linear-gradient(top,#10192A 0%,#070A10 99%);&#8220;][vc_column offset=&#8220;vc_hidden-lg vc_hidden-md vc_hidden-sm vc_hidden-xs&#8220;][\/vc_column][\/vc_row][vc_row type=&#8220;vc_default&#8220; margin_top=&#8220;-50&#8243; bg_type=&#8220;image&#8220; parallax_style=&#8220;vcpb-vz-jquery&#8220; bg_image_new=&#8220;id^55373|url^https:\/\/jtom1.com\/wp-content\/uploads\/2022\/11\/bg_image_04.png|caption^null|alt^null|title^bg_image_04|description^null&#8220; bg_image_repeat=&#8220;no-repeat&#8220; bg_override=&#8220;ex-full&#8220; css=&#8220;.vc_custom_1669011262087{padding-bottom: 5% !important;}&#8220;][vc_column offset=&#8220;vc_col-lg-12 vc_col-md-12&#8243; css=&#8220;.vc_custom_1526059587576{padding-top: 100px !important;padding-bottom: 20px !important;}&#8220;][\/vc_column][\/vc_row][vc_row margin_top=&#8220;100px&#8220; margin_bottom=&#8220;100px&#8220;&hellip;<\/p>\n","protected":false},"author":1,"featured_media":0,"parent":0,"menu_order":0,"comment_status":"closed","ping_status":"closed","template":"template-microsite.php","meta":{"_exactmetrics_skip_tracking":false,"_exactmetrics_sitenote_active":false,"_exactmetrics_sitenote_note":"","_exactmetrics_sitenote_category":0,"jetpack_post_was_ever_published":false},"acf":[],"jetpack_sharing_enabled":true,"jetpack_shortlink":"https:\/\/wp.me\/PaJHB8-ePo","_links":{"self":[{"href":"https:\/\/jtom1.com\/de\/wp-json\/wp\/v2\/pages\/57002"}],"collection":[{"href":"https:\/\/jtom1.com\/de\/wp-json\/wp\/v2\/pages"}],"about":[{"href":"https:\/\/jtom1.com\/de\/wp-json\/wp\/v2\/types\/page"}],"author":[{"embeddable":true,"href":"https:\/\/jtom1.com\/de\/wp-json\/wp\/v2\/users\/1"}],"replies":[{"embeddable":true,"href":"https:\/\/jtom1.com\/de\/wp-json\/wp\/v2\/comments?post=57002"}],"version-history":[{"count":3,"href":"https:\/\/jtom1.com\/de\/wp-json\/wp\/v2\/pages\/57002\/revisions"}],"predecessor-version":[{"id":59575,"href":"https:\/\/jtom1.com\/de\/wp-json\/wp\/v2\/pages\/57002\/revisions\/59575"}],"wp:attachment":[{"href":"https:\/\/jtom1.com\/de\/wp-json\/wp\/v2\/media?parent=57002"}],"curies":[{"name":"wp","href":"https:\/\/api.w.org\/{rel}","templated":true}]}}